{"id":15732,"date":"2024-10-25T12:01:35","date_gmt":"2024-10-25T11:01:35","guid":{"rendered":"https:\/\/www.wonderful-japan.com\/fr\/?page_id=15732"},"modified":"2024-10-25T12:04:30","modified_gmt":"2024-10-25T11:04:30","slug":"pas-apprendre-japonais","status":"publish","type":"page","link":"https:\/\/www.wonderful-japan.com\/fr\/pas-apprendre-japonais\/","title":{"rendered":"Pourquoi vous devez absolument \u00e9viter d\u2019apprendre le japonais"},"content":{"rendered":"<p>[et_pb_section fb_built=\u00a0\u00bb1&Prime; _builder_version=\u00a0\u00bb4.23.1&Prime; _module_preset=\u00a0\u00bbdc691090-4dd1-48f1-ab52-4c47ef7ae30a\u00a0\u00bb global_colors_info=\u00a0\u00bb{}\u00a0\u00bb][et_pb_row _builder_version=\u00a0\u00bb4.23.1&Prime; _module_preset=\u00a0\u00bb8a7d64ae-2a6c-4a1f-888a-3f9cac345d7b\u00a0\u00bb background_image=\u00a0\u00bbhttps:\/\/www.wonderful-japan.com\/fr\/wp-content\/uploads\/sites\/3\/2024\/06\/top02.jpg\u00a0\u00bb max_width=\u00a0\u00bb100%\u00a0\u00bb global_colors_info=\u00a0\u00bb{}\u00a0\u00bb][et_pb_column type=\u00a0\u00bb4_4&Prime; _builder_version=\u00a0\u00bb4.23.1&Prime; _module_preset=\u00a0\u00bbdefault\u00a0\u00bb global_colors_info=\u00a0\u00bb{}\u00a0\u00bb][\/et_pb_column][\/et_pb_row][et_pb_row _builder_version=\u00a0\u00bb4.23.1&Prime; _module_preset=\u00a0\u00bb1d6cdb18-11a5-4a3c-90ce-fa1ce98aa6d4&Prime; global_colors_info=\u00a0\u00bb{}\u00a0\u00bb][et_pb_column type=\u00a0\u00bb4_4&Prime; _builder_version=\u00a0\u00bb4.23.1&Prime; _module_preset=\u00a0\u00bbdefault\u00a0\u00bb global_colors_info=\u00a0\u00bb{}\u00a0\u00bb][et_pb_text _builder_version=\u00a0\u00bb4.23.1&Prime; _module_preset=\u00a0\u00bb823fd3e7-6c71-4676-b0c0-c3a63ad99d8f\u00a0\u00bb global_colors_info=\u00a0\u00bb{}\u00a0\u00bb]<\/p>\n<h1 style=\"text-align: center;\">Pourquoi vous devez absolument \u00e9viter d\u2019apprendre le japonais<\/h1>\n<p>&nbsp;<\/p>\n<div class=\"flex_column av-bmhey8i-e1db4fc60fcf6c0e4bcaa912165f4077 av_one_full  avia-builder-el-4  el_after_av_hr  el_before_av_image  first flex_column_div av-zero-column-padding  \">\n<section class=\"av_textblock_section av-lqdsvyet-44bf5c4e7cca7da81b29a61a2bcd05cf \" itemscope=\"itemscope\" itemtype=\"https:\/\/schema.org\/BlogPosting\" itemprop=\"blogPost\">\n<div class=\"avia_textblock\" itemprop=\"text\">\n<div class=\"flex_column av-ck04b1o-454c7a7bfd64c79a9c12e74f90113167 av_one_full  avia-builder-el-5  el_after_av_hr  el_before_av_hr  first flex_column_div av-zero-column-padding  \">\n<section class=\"av_textblock_section av-lq2qfjyt-0a09a0601da01bc7509d357d764a4152 \" itemscope=\"itemscope\" itemtype=\"https:\/\/schema.org\/BlogPosting\" itemprop=\"blogPost\">\n<div class=\"avia_textblock\" itemprop=\"text\">\n<div class=\"flex_column av-ctlk0kp-e696ec738914306b14e37fbd45a23173 av_one_full  avia-builder-el-5  el_after_av_hr  el_before_av_hr  first flex_column_div av-zero-column-padding  \">\n<section class=\"av_textblock_section av-lt36rtg3-3262e58055a072bda5cacdfb78e4a7c9 \" itemscope=\"itemscope\" itemtype=\"https:\/\/schema.org\/BlogPosting\" itemprop=\"blogPost\">\n<div class=\"avia_textblock\" itemprop=\"text\">\n<section class=\"av_textblock_section av-ydhdjz-f09de91ac8e2ac32e9c8b3722d510599 \" itemscope=\"itemscope\" itemtype=\"https:\/\/schema.org\/CreativeWork\">\n<div class=\"avia_textblock\" itemprop=\"text\">\n<p>Si vous lisez ces lignes en pensant que vous allez enfin vous lancer dans l&rsquo;apprentissage du japonais, je vais \u00eatre direct : <strong>n\u2019y pensez m\u00eame pas.<\/strong> Oui, vous m&rsquo;avez bien entendu. Vous devriez <strong>absolument \u00e9viter d\u2019apprendre le japonais<\/strong>. Pourquoi ? Parce que vous \u00eates en train de faire une erreur monumentale. Une erreur que 90 % des gens font et qui m\u00e8ne in\u00e9vitablement \u00e0 l\u2019\u00e9chec.<\/p>\n<p><strong>Le japonais n&rsquo;est pas fait pour vous.<\/strong><\/p>\n<p>Et ce n&rsquo;est pas parce que c\u2019est une langue difficile ou parce que vous n\u2019avez pas le temps. Non, c\u2019est beaucoup plus insidieux que \u00e7a. Vous \u00eates sur le point de vous lancer dans un <strong>projet impossible<\/strong>, car vous avez ignor\u00e9 <strong>la r\u00e8gle d\u2019or<\/strong> que personne ne vous a jamais apprise : on n\u2019apprend pas le japonais en apprenant le japonais.<\/p>\n<p>Laissez-moi vous expliquer pourquoi.<\/p>\n<p>&nbsp;<\/p>\n<h2>Vous commencez par la mauvaise fin : l\u2019\u00e9chec est garanti<\/h2>\n<p>&nbsp;<\/p>\n<p>C\u2019est simple, la majorit\u00e9 des gens abordent l\u2019apprentissage d\u2019une langue de la mauvaise mani\u00e8re. Ils croient que pour apprendre le japonais, il suffit de plonger directement dans les manuels, d\u2019apprendre par c\u0153ur des listes de vocabulaire ou de suivre des cours en ligne. <strong>Erreur fatale<\/strong>.<\/p>\n<p>Vous imaginez vraiment qu\u2019un syst\u00e8me aussi complexe qu\u2019une langue \u00e9trang\u00e8re peut \u00eatre ma\u00eetris\u00e9 sans m\u00eame comprendre <strong>comment votre cerveau fonctionne<\/strong> ? Vous croyez qu\u2019un simple plan de bataille comme \u00ab Je vais m&rsquo;y mettre tous les jours pendant 1h \u00bb va suffire \u00e0 d\u00e9coder <strong>un des syst\u00e8mes d&rsquo;\u00e9criture les plus complexes au monde<\/strong> ?<\/p>\n<p>D\u00e9sol\u00e9 de vous dire que vous allez droit dans le mur.<\/p>\n<p>&nbsp;<\/p>\n<h2>Le probl\u00e8me ? Vous ne savez pas <strong>apprendre<\/strong><\/h2>\n<p><strong><\/strong><\/p>\n<p>Voici la v\u00e9rit\u00e9 que personne ne veut entendre : <strong>vous ne savez pas apprendre<\/strong>. Oui, vous avez bien compris. Vous avez grandi en suivant un syst\u00e8me \u00e9ducatif qui vous a form\u00e9 \u00e0 \u00e9chouer. On vous a appris \u00e0 m\u00e9moriser par c\u0153ur, \u00e0 r\u00e9p\u00e9ter sans comprendre, \u00e0 assimiler des informations qui vous quittent \u00e0 peine le test termin\u00e9. Et vous pensez que cette m\u00eame m\u00e9thode va vous permettre de ma\u00eetriser le japonais ?<\/p>\n<p><strong>Spoiler alert : c\u2019est faux.<\/strong><\/p>\n<p>Avant de vous attaquer \u00e0 cette langue, vous devez d\u2019abord apprendre <strong>comment apprendre<\/strong>. Apprendre \u00e0 apprendre, c\u2019est comme apprendre \u00e0 nager avant de sauter dans l&rsquo;oc\u00e9an. Sans cette comp\u00e9tence, vous allez vous noyer. Et malheureusement, vous \u00eates probablement d\u00e9j\u00e0 dans l&rsquo;eau, en train de boire la tasse.<\/p>\n<p>&nbsp;<\/p>\n<h2>Brisez vos croyances limitantes ou restez dans l\u2019ignorance<\/h2>\n<p>&nbsp;<\/p>\n<p>Vous pensez peut-\u00eatre que le probl\u00e8me, c\u2019est que le japonais est trop compliqu\u00e9, r\u00e9serv\u00e9 aux g\u00e9nies, ou que vous n\u2019\u00eates \u00ab pas fait pour \u00e7a \u00bb. C\u2019est l\u00e0 o\u00f9 vous vous trompez encore. <strong>Le seul vrai probl\u00e8me, c\u2019est ce que vous croyez.<\/strong><\/p>\n<p>Vos croyances limitantes sont comme des cha\u00eenes invisibles qui vous emp\u00eachent d\u2019avancer. Vous vous dites : \u00ab C\u2019est trop difficile \u00bb, \u00ab Je n\u2019y arriverai jamais \u00bb, ou encore \u00ab Je n\u2019ai pas le temps \u00bb. En r\u00e9alit\u00e9, tout cela est du vent, des excuses qui vous sabotent. Et tant que vous ne les aurez pas bris\u00e9es, il n&rsquo;y a aucune chance que vous r\u00e9ussissiez.<\/p>\n<p>&nbsp;<\/p>\n<h2>Les m\u00e9thodes classiques : un pi\u00e8ge mortel<\/h2>\n<p>&nbsp;<\/p>\n<p>Vous vous accrochez peut-\u00eatre \u00e0 ces m\u00e9thodes classiques et scolaires. Vous pensez que parce que c&rsquo;est \u00ab\u00a0acad\u00e9mique\u00a0\u00bb, \u00e7a doit marcher. <strong>Faux.<\/strong> Si ces m\u00e9thodes fonctionnaient, vous parleriez d\u00e9j\u00e0 plusieurs langues, n\u2019est-ce pas ? Mais regardez autour de vous. Combien de personnes sortent de l\u2019\u00e9cole parfaitement bilingues ?<\/p>\n<p><strong>C\u2019est un mythe.<\/strong><\/p>\n<p>Le japonais, comme toute autre langue, ne peut pas \u00eatre appris \u00e0 travers un manuel de grammaire rigide. Ce qu\u2019il vous faut, c\u2019est une approche diff\u00e9rente, <strong>plus intelligente<\/strong>. Vous devez utiliser des techniques de <strong>mn\u00e9motechnique<\/strong>, des associations mentales puissantes, et exploiter la fa\u00e7on dont <strong>votre cerveau m\u00e9morise naturellement<\/strong> les informations.<\/p>\n<p>&nbsp;<\/p>\n<h2>Vous \u00eates trop radin pour r\u00e9ussir<\/h2>\n<p>&nbsp;<\/p>\n<p>Oui, je vais le dire franchement : vous \u00eates trop radin. Vous voulez r\u00e9ussir \u00e0 apprendre le japonais sans d\u00e9penser un centime, en utilisant uniquement des ressources gratuites ? Vous \u00eates en train de vous tirer une balle dans le pied. Vous sautez d\u2019une application gratuite \u00e0 une autre, esp\u00e9rant trouver une solution miracle.<\/p>\n<p><strong>Mais la vraie solution, c\u2019est d\u2019investir en vous.<\/strong><\/p>\n<p>Les ressources gratuites, c\u2019est bien pour commencer, mais \u00e7a ne vous m\u00e8nera pas loin. Si vous voulez vraiment avancer, il faut <strong>investir dans des outils s\u00e9rieux<\/strong>, des m\u00e9thodes \u00e9prouv\u00e9es, et parfois, dans un <strong>coach<\/strong> qui va vous guider et vous remettre sur le droit chemin.<\/p>\n<p>&nbsp;<\/p>\n<h2>Le bon moment n\u2019existe pas<\/h2>\n<p>&nbsp;<\/p>\n<p>Et ne me sortez pas l\u2019excuse classique : \u00ab Je n\u2019ai pas le temps, je vais attendre le bon moment pour m\u2019y mettre. \u00bb <strong>Ce moment n\u2019existe pas.<\/strong> Vous attendez quoi ? Que votre emploi du temps se lib\u00e8re par magie ? Que vous ayez soudain des heures libres chaque jour pour vous y consacrer ?<\/p>\n<p>R\u00e9veillez-vous. <strong>Le temps ne viendra jamais \u00e0 vous.<\/strong> C\u2019est vous qui devez le cr\u00e9er. M\u00eame si vous \u00eates d\u00e9bord\u00e9, vous pouvez commencer maintenant. La cl\u00e9, c\u2019est d\u2019int\u00e9grer l\u2019apprentissage dans votre routine quotidienne, de le transformer en habitude.<\/p>\n<p>&nbsp;<\/p>\n<h2>Vous \u00eates un amateur sans plan<\/h2>\n<p>&nbsp;<\/p>\n<p>La majorit\u00e9 des gens \u00e9chouent parce qu\u2019ils abordent l\u2019apprentissage du japonais comme des amateurs. Ils se fixent des objectifs gigantesques, comme \u00ab Je vais parler couramment dans un an \u00bb, puis se d\u00e9couragent quand ils n\u2019y arrivent pas. <strong>Erreur de d\u00e9butant.<\/strong><\/p>\n<p>Vous devez apprendre \u00e0 d\u00e9couper vos objectifs. Commencez petit. Fixez-vous des mini-objectifs atteignables, semaine apr\u00e8s semaine. Pas besoin de ma\u00eetriser tous les kanji d\u2019un coup. Commencez par en apprendre dix. <strong>La cl\u00e9 du succ\u00e8s, c\u2019est la progression continue<\/strong>.<\/p>\n<p>&nbsp;<\/p>\n<h2>Vous n\u2019irez nulle part sans un coup de pied aux fesses<\/h2>\n<p>&nbsp;<\/p>\n<p>Et soyons honn\u00eates, m\u00eame avec toutes les bonnes m\u00e9thodes du monde, il y aura des moments o\u00f9 vous voudrez abandonner. O\u00f9 la motivation vous quittera, o\u00f9 vous remettrez tout en question. C\u2019est l\u00e0 qu\u2019un <strong>coach<\/strong> est indispensable. Quelqu\u2019un qui sera l\u00e0 pour vous botter les fesses quand il le faut, pour vous remettre sur le bon chemin.<\/p>\n<p>Apprendre seul, c\u2019est bien, mais <strong>avoir quelqu\u2019un qui vous pousse<\/strong> au moment o\u00f9 vous en avez besoin, c\u2019est ce qui fait la diff\u00e9rence entre ceux qui abandonnent et ceux qui r\u00e9ussissent.<\/p>\n<p>&nbsp;<\/p>\n<h2>Vous allez \u00e9chouer\u2026 ou r\u00e9ussir avec la bonne approche<\/h2>\n<p>&nbsp;<\/p>\n<p>Si apr\u00e8s tout \u00e7a, vous vous dites encore que vous allez r\u00e9ussir \u00e0 apprendre le japonais avec votre m\u00e9thode classique, gratuite et sans plan, je vous laisse faire. Vous ferez partie des 90 % qui abandonnent en route, frustr\u00e9s et d\u00e9courag\u00e9s.<\/p>\n<p>&nbsp;<\/p>\n<\/div>\n<\/section>\n<\/div>\n<\/section>\n<\/div>\n<\/div>\n<\/section>\n<\/div>\n<\/div>\n<\/section>\n<\/div>\n<p>[\/et_pb_text][et_pb_text _builder_version=\u00a0\u00bb4.23.1&Prime; _module_preset=\u00a0\u00bbf07d8aa7-61c1-4442-9244-3514db82b27d\u00a0\u00bb global_colors_info=\u00a0\u00bb{}\u00a0\u00bb]<\/p>\n<h2 class=\"av-special-heading-tag\">Dans la pratique<\/h2>\n<p>[\/et_pb_text][\/et_pb_column][\/et_pb_row][et_pb_row _builder_version=\u00a0\u00bb4.23.1&Prime; _module_preset=\u00a0\u00bb1d6cdb18-11a5-4a3c-90ce-fa1ce98aa6d4&Prime; global_colors_info=\u00a0\u00bb{}\u00a0\u00bb][et_pb_column type=\u00a0\u00bb4_4&Prime; _builder_version=\u00a0\u00bb4.23.1&Prime; _module_preset=\u00a0\u00bbdefault\u00a0\u00bb global_colors_info=\u00a0\u00bb{}\u00a0\u00bb][et_pb_divider color=\u00a0\u00bb#C2A870&Prime; _builder_version=\u00a0\u00bb4.23.1&Prime; _module_preset=\u00a0\u00bbdefault\u00a0\u00bb global_colors_info=\u00a0\u00bb{}\u00a0\u00bb][\/et_pb_divider][et_pb_text _builder_version=\u00a0\u00bb4.23.1&Prime; _module_preset=\u00a0\u00bb2dd53c95-0c0c-47e3-b46e-dbe1d637c247&Prime; global_colors_info=\u00a0\u00bb{}\u00a0\u00bb]<\/p>\n<h3 class=\"av-special-heading-tag\" itemprop=\"headline\" style=\"text-align: center;\">Syllabes compos\u00e9es<\/h3>\n<div class=\"special-heading-border\"><\/div>\n<p>[\/et_pb_text][\/et_pb_column][\/et_pb_row][\/et_pb_section]<\/p>\n","protected":false},"excerpt":{"rendered":"<p>Pourquoi vous devez absolument \u00e9viter d\u2019apprendre le japonais &nbsp; Si vous lisez ces lignes en pensant que vous allez enfin vous lancer dans l&rsquo;apprentissage du japonais, je vais \u00eatre direct : n\u2019y pensez m\u00eame pas. Oui, vous m&rsquo;avez bien entendu. Vous devriez absolument \u00e9viter d\u2019apprendre le japonais. Pourquoi ? Parce que vous \u00eates en train [&hellip;]<\/p>\n","protected":false},"author":1,"featured_media":0,"parent":0,"menu_order":0,"comment_status":"closed","ping_status":"closed","template":"","meta":{"_et_pb_use_builder":"on","_et_pb_old_content":"","_et_gb_content_width":"","footnotes":""},"categories":[],"tags":[],"folder":[],"class_list":["post-15732","page","type-page","status-publish","hentry"],"yoast_head":"<!-- This site is optimized with the Yoast SEO plugin v26.4 - https:\/\/yoast.com\/wordpress\/plugins\/seo\/ -->\n<title>Pourquoi vous devez absolument \u00e9viter d\u2019apprendre le japonais &#8211; Wonderful Japan<\/title>\n<meta name=\"robots\" content=\"noindex, follow\" \/>\n<meta property=\"og:locale\" content=\"fr_FR\" \/>\n<meta property=\"og:type\" content=\"article\" \/>\n<meta property=\"og:title\" content=\"Pourquoi vous devez absolument \u00e9viter d\u2019apprendre le japonais &#8211; Wonderful Japan\" \/>\n<meta property=\"og:description\" content=\"Pourquoi vous devez absolument \u00e9viter d\u2019apprendre le japonais &nbsp; Si vous lisez ces lignes en pensant que vous allez enfin vous lancer dans l&#039;apprentissage du japonais, je vais \u00eatre direct : n\u2019y pensez m\u00eame pas. Oui, vous m&#039;avez bien entendu. Vous devriez absolument \u00e9viter d\u2019apprendre le japonais. Pourquoi ? Parce que vous \u00eates en train [&hellip;]\" \/>\n<meta property=\"og:url\" content=\"https:\/\/www.wonderful-japan.com\/fr\/pas-apprendre-japonais\/\" \/>\n<meta property=\"og:site_name\" content=\"Wonderful Japan\" \/>\n<meta property=\"article:publisher\" content=\"https:\/\/www.facebook.com\/Wonderful-Japan-493654644157867\/\" \/>\n<meta property=\"article:modified_time\" content=\"2024-10-25T11:04:30+00:00\" \/>\n<meta name=\"twitter:card\" content=\"summary_large_image\" \/>\n<meta name=\"twitter:label1\" content=\"Dur\u00e9e de lecture estim\u00e9e\" \/>\n\t<meta name=\"twitter:data1\" content=\"6 minutes\" \/>\n<script type=\"application\/ld+json\" class=\"yoast-schema-graph\">{\"@context\":\"https:\/\/schema.org\",\"@graph\":[{\"@type\":\"WebPage\",\"@id\":\"https:\/\/www.wonderful-japan.com\/fr\/pas-apprendre-japonais\/\",\"url\":\"https:\/\/www.wonderful-japan.com\/fr\/pas-apprendre-japonais\/\",\"name\":\"Pourquoi vous devez absolument \u00e9viter d\u2019apprendre le japonais &#8211; Wonderful Japan\",\"isPartOf\":{\"@id\":\"http:\/\/www.wonderful-japan.com\/fr\/#website\"},\"datePublished\":\"2024-10-25T11:01:35+00:00\",\"dateModified\":\"2024-10-25T11:04:30+00:00\",\"breadcrumb\":{\"@id\":\"https:\/\/www.wonderful-japan.com\/fr\/pas-apprendre-japonais\/#breadcrumb\"},\"inLanguage\":\"fr-FR\",\"potentialAction\":[{\"@type\":\"ReadAction\",\"target\":[\"https:\/\/www.wonderful-japan.com\/fr\/pas-apprendre-japonais\/\"]}]},{\"@type\":\"BreadcrumbList\",\"@id\":\"https:\/\/www.wonderful-japan.com\/fr\/pas-apprendre-japonais\/#breadcrumb\",\"itemListElement\":[{\"@type\":\"ListItem\",\"position\":1,\"name\":\"Home\",\"item\":\"http:\/\/www.wonderful-japan.com\/fr\/\"},{\"@type\":\"ListItem\",\"position\":2,\"name\":\"Pourquoi vous devez absolument \u00e9viter d\u2019apprendre le japonais\"}]},{\"@type\":\"WebSite\",\"@id\":\"http:\/\/www.wonderful-japan.com\/fr\/#website\",\"url\":\"http:\/\/www.wonderful-japan.com\/fr\/\",\"name\":\"Wonderful Japan\",\"description\":\"D\u00e9couvrez le Japon !\",\"potentialAction\":[{\"@type\":\"SearchAction\",\"target\":{\"@type\":\"EntryPoint\",\"urlTemplate\":\"http:\/\/www.wonderful-japan.com\/fr\/?s={search_term_string}\"},\"query-input\":{\"@type\":\"PropertyValueSpecification\",\"valueRequired\":true,\"valueName\":\"search_term_string\"}}],\"inLanguage\":\"fr-FR\"}]}<\/script>\n<!-- \/ Yoast SEO plugin. -->","yoast_head_json":{"title":"Pourquoi vous devez absolument \u00e9viter d\u2019apprendre le japonais &#8211; Wonderful Japan","robots":{"index":"noindex","follow":"follow"},"og_locale":"fr_FR","og_type":"article","og_title":"Pourquoi vous devez absolument \u00e9viter d\u2019apprendre le japonais &#8211; Wonderful Japan","og_description":"Pourquoi vous devez absolument \u00e9viter d\u2019apprendre le japonais &nbsp; Si vous lisez ces lignes en pensant que vous allez enfin vous lancer dans l'apprentissage du japonais, je vais \u00eatre direct : n\u2019y pensez m\u00eame pas. Oui, vous m'avez bien entendu. Vous devriez absolument \u00e9viter d\u2019apprendre le japonais. Pourquoi ? Parce que vous \u00eates en train [&hellip;]","og_url":"https:\/\/www.wonderful-japan.com\/fr\/pas-apprendre-japonais\/","og_site_name":"Wonderful Japan","article_publisher":"https:\/\/www.facebook.com\/Wonderful-Japan-493654644157867\/","article_modified_time":"2024-10-25T11:04:30+00:00","twitter_card":"summary_large_image","twitter_misc":{"Dur\u00e9e de lecture estim\u00e9e":"6 minutes"},"schema":{"@context":"https:\/\/schema.org","@graph":[{"@type":"WebPage","@id":"https:\/\/www.wonderful-japan.com\/fr\/pas-apprendre-japonais\/","url":"https:\/\/www.wonderful-japan.com\/fr\/pas-apprendre-japonais\/","name":"Pourquoi vous devez absolument \u00e9viter d\u2019apprendre le japonais &#8211; Wonderful Japan","isPartOf":{"@id":"http:\/\/www.wonderful-japan.com\/fr\/#website"},"datePublished":"2024-10-25T11:01:35+00:00","dateModified":"2024-10-25T11:04:30+00:00","breadcrumb":{"@id":"https:\/\/www.wonderful-japan.com\/fr\/pas-apprendre-japonais\/#breadcrumb"},"inLanguage":"fr-FR","potentialAction":[{"@type":"ReadAction","target":["https:\/\/www.wonderful-japan.com\/fr\/pas-apprendre-japonais\/"]}]},{"@type":"BreadcrumbList","@id":"https:\/\/www.wonderful-japan.com\/fr\/pas-apprendre-japonais\/#breadcrumb","itemListElement":[{"@type":"ListItem","position":1,"name":"Home","item":"http:\/\/www.wonderful-japan.com\/fr\/"},{"@type":"ListItem","position":2,"name":"Pourquoi vous devez absolument \u00e9viter d\u2019apprendre le japonais"}]},{"@type":"WebSite","@id":"http:\/\/www.wonderful-japan.com\/fr\/#website","url":"http:\/\/www.wonderful-japan.com\/fr\/","name":"Wonderful Japan","description":"D\u00e9couvrez le Japon !","potentialAction":[{"@type":"SearchAction","target":{"@type":"EntryPoint","urlTemplate":"http:\/\/www.wonderful-japan.com\/fr\/?s={search_term_string}"},"query-input":{"@type":"PropertyValueSpecification","valueRequired":true,"valueName":"search_term_string"}}],"inLanguage":"fr-FR"}]}},"_links":{"self":[{"href":"https:\/\/www.wonderful-japan.com\/fr\/wp-json\/wp\/v2\/pages\/15732","targetHints":{"allow":["GET"]}}],"collection":[{"href":"https:\/\/www.wonderful-japan.com\/fr\/wp-json\/wp\/v2\/pages"}],"about":[{"href":"https:\/\/www.wonderful-japan.com\/fr\/wp-json\/wp\/v2\/types\/page"}],"author":[{"embeddable":true,"href":"https:\/\/www.wonderful-japan.com\/fr\/wp-json\/wp\/v2\/users\/1"}],"replies":[{"embeddable":true,"href":"https:\/\/www.wonderful-japan.com\/fr\/wp-json\/wp\/v2\/comments?post=15732"}],"version-history":[{"count":2,"href":"https:\/\/www.wonderful-japan.com\/fr\/wp-json\/wp\/v2\/pages\/15732\/revisions"}],"predecessor-version":[{"id":15755,"href":"https:\/\/www.wonderful-japan.com\/fr\/wp-json\/wp\/v2\/pages\/15732\/revisions\/15755"}],"wp:attachment":[{"href":"https:\/\/www.wonderful-japan.com\/fr\/wp-json\/wp\/v2\/media?parent=15732"}],"wp:term":[{"taxonomy":"category","embeddable":true,"href":"https:\/\/www.wonderful-japan.com\/fr\/wp-json\/wp\/v2\/categories?post=15732"},{"taxonomy":"post_tag","embeddable":true,"href":"https:\/\/www.wonderful-japan.com\/fr\/wp-json\/wp\/v2\/tags?post=15732"},{"taxonomy":"folder","embeddable":true,"href":"https:\/\/www.wonderful-japan.com\/fr\/wp-json\/wp\/v2\/folder?post=15732"}],"curies":[{"name":"wp","href":"https:\/\/api.w.org\/{rel}","templated":true}]}}