{"id":2304,"date":"2016-04-15T16:26:30","date_gmt":"2016-04-15T15:26:30","guid":{"rendered":"http:\/\/www.wonderful-japan.com\/fr\/?page_id=2304"},"modified":"2024-06-05T23:24:11","modified_gmt":"2024-06-05T22:24:11","slug":"mentions-legales","status":"publish","type":"page","link":"https:\/\/www.wonderful-japan.com\/fr\/mentions-legales\/","title":{"rendered":"Conditions g\u00e9n\u00e9rales d\u2019utilisation"},"content":{"rendered":"<p>[et_pb_section fb_built=\u00a0\u00bb1&Prime; _builder_version=\u00a0\u00bb4.23.1&Prime; _module_preset=\u00a0\u00bb889225e1-b379-4520-aca3-b4eb32b4b486&Prime; global_colors_info=\u00a0\u00bb{}\u00a0\u00bb][et_pb_row _builder_version=\u00a0\u00bb4.23.1&Prime; _module_preset=\u00a0\u00bbdefault\u00a0\u00bb global_colors_info=\u00a0\u00bb{}\u00a0\u00bb][et_pb_column type=\u00a0\u00bb4_4&Prime; _builder_version=\u00a0\u00bb4.23.1&Prime; _module_preset=\u00a0\u00bbdefault\u00a0\u00bb global_colors_info=\u00a0\u00bb{}\u00a0\u00bb][et_pb_text _builder_version=\u00a0\u00bb4.23.1&Prime; _module_preset=\u00a0\u00bbe9eb4535-7656-41d4-8b54-1231ede44eb5&Prime; global_colors_info=\u00a0\u00bb{}\u00a0\u00bb]<\/p>\n<div class=\"flex_column av-6h2e8w-427b7fe7e65117b02240bd6a1f044c96 av_one_full  avia-builder-el-0  el_before_av_textblock  avia-builder-el-first  first flex_column_div av-zero-column-padding  \">\n<div class=\"av-special-heading av-29t80g-773241c7dd3c6fb4ac4d182720f53afc av-special-heading-h1 blockquote modern-quote modern-centered  avia-builder-el-1  el_before_av_hr  avia-builder-el-first \">\n<h1 class=\"av-special-heading-tag\" itemprop=\"headline\">CONDITIONS G\u00c9N\u00c9RALES D\u2019UTILISATION<\/h1>\n<div class=\"av-subheading av-subheading_below\">\n<p>&nbsp;<\/p>\n<p style=\"text-align: center;\">Entr\u00e9es en vigueur le 24\/09\/2023<\/p>\n<p>&nbsp;<\/p>\n<\/div>\n<\/div>\n<div class=\"hr av-2io5hs-e1e3a1d0d752e61285b8c5efd6be4d11 hr-default  avia-builder-el-2  el_after_av_heading  avia-builder-el-last \"><span class=\"hr-inner \"><span class=\"hr-inner-style\"><\/span><\/span><\/div>\n<\/div>\n<section class=\"av_textblock_section av-jlvc77r4-f35560faa1c39a8e3c1af130c31cb164 \" itemscope=\"itemscope\" itemtype=\"https:\/\/schema.org\/CreativeWork\">\n<div class=\"avia_textblock\" itemprop=\"text\">\n<section class=\"infosville\" data-class=\"infoscarteville\">\n<div class=\"texte\">\n<p>Les pr\u00e9sentes conditions g\u00e9n\u00e9rales d\u2019utilisation (dites \u00ab CGU \u00bb) ont pour objet l\u2019encadrement juridique des modalit\u00e9s de mise \u00e0 disposition du site et des services par Wonderful Japan\u00a0 et de d\u00e9finir les conditions d\u2019acc\u00e8s et d\u2019utilisation des services par \u00ab l\u2019Utilisateur \u00bb.<\/p>\n<p>Les pr\u00e9sentes CGU sont accessibles sur le site \u00e0 la rubrique \u00abconditions g\u00e9n\u00e9rales d\u2019utilisation\u00bb ou \u00abmentions l\u00e9gales\u00bb.<\/p>\n<h1><\/h1>\n<h3>Article 1 : Les mentions l\u00e9gales<\/h3>\n<h1><\/h1>\n<p>L\u2019\u00e9dition du site https:\/\/www.wonderful-japan.com est assur\u00e9e par l\u2019EI Wonderful Japan, immatricul\u00e9e au RCS de Cusset sous le num\u00e9ro siren 822943577, dont le si\u00e8ge social est situ\u00e9 \u00e0 Neure, France.<br \/>(L\u2019adresse e-mail de contact de l\u2019\u00e9diteur est disponible en cliquant<span>\u00a0<\/span><a href=\"https:\/\/www.wonderful-japan.com\/fr\/nous-contacter\/\">ici<\/a>)<\/p>\n<p>L\u2019h\u00e9bergeur du site https:\/\/www.wonderful-japan.com est la soci\u00e9t\u00e9 IONOS SE, dont le si\u00e8ge social est situ\u00e9 \u00e0 Elgendorfer Str. 57 56410 Montabaur, Allemagne.<\/p>\n<h1><\/h1>\n<h3>ARTICLE 2 : Acc\u00e8s au site<\/h3>\n<h1><\/h1>\n<p>Le site https:\/\/www.wonderful-japan.com\u00a0 permet \u00e0 l\u2019Utilisateur un acc\u00e8s gratuit aux services suivants : d\u00e9couvertes, informations et conseils divers sur le Japon et la culture japonaise.<\/p>\n<p>Le site est accessible gratuitement en tout lieu \u00e0 tout Utilisateur ayant un acc\u00e8s \u00e0 Internet. Tous les frais support\u00e9s par l\u2019Utilisateur pour acc\u00e9der au service (mat\u00e9riel informatique, logiciels, connexion Internet, etc.) sont \u00e0 sa charge.<\/p>\n<h1><\/h1>\n<h3>ARTICLE 3 : Propri\u00e9t\u00e9 intellectuelle<\/h3>\n<h1><\/h1>\n<p>Les marques, logos, signes ainsi que tous les contenus du site (textes, images, son\u2026) font l\u2019objet d\u2019une protection par le Code de la propri\u00e9t\u00e9 intellectuelle et plus particuli\u00e8rement par le droit d\u2019auteur.<\/p>\n<p>L\u2019Utilisateur doit solliciter l\u2019autorisation pr\u00e9alable du site pour toute reproduction, publication, copie des diff\u00e9rents contenus. Il s\u2019engage \u00e0 une utilisation des contenus du site dans un cadre strictement priv\u00e9, toute utilisation \u00e0 des fins commerciales et publicitaires est strictement interdite.<\/p>\n<p>Toute repr\u00e9sentation totale ou partielle de ce site par quelque proc\u00e9d\u00e9 que ce soit, sans l\u2019autorisation expresse de l\u2019exploitant du site Internet constituerait une contrefa\u00e7on sanctionn\u00e9e par l\u2019article L 335-2 et suivants du Code de la propri\u00e9t\u00e9 intellectuelle.<\/p>\n<p>Il est rappel\u00e9 conform\u00e9ment \u00e0 l\u2019article L122-5 du Code de propri\u00e9t\u00e9 intellectuelle que l\u2019Utilisateur qui reproduit, copie ou publie le contenu prot\u00e9g\u00e9 doit citer l\u2019auteur et sa source.<\/p>\n<p>Certains m\u00e9dias, visuels, images et photographies pr\u00e9sents sur le site sont utilis\u00e9s l\u00e9galement et sous licences acquises aupr\u00e8s de Shutterstock, Inc. Pour toute question relative \u00e0 ces licences acquises, vous pouvez joindre l\u2019\u00e9diteur aux coordonn\u00e9es inscrites \u00e0 l\u2019ARTICLE 1.<\/p>\n<h3><span><br \/>ARTICLE 4 : Responsabilit\u00e9<\/span><\/h3>\n<\/div>\n<\/section>\n<section class=\"infosville\" data-class=\"infoscarteville\">\n<div class=\"texte\">\n<h1><\/h1>\n<p>Les sources des informations diffus\u00e9es sur le site https:\/\/www.wonderful-japan.com sont r\u00e9put\u00e9es fiables mais le site ne garantit pas qu\u2019il soit exempt de d\u00e9fauts, d\u2019erreurs ou d\u2019omissions.<\/p>\n<p>Les informations communiqu\u00e9es sont pr\u00e9sent\u00e9es \u00e0 titre indicatif et g\u00e9n\u00e9ral sans valeur contractuelle. Malgr\u00e9 des mises \u00e0 jour r\u00e9guli\u00e8res, le site https:\/\/www.wonderful-japan.com ne peut \u00eatre tenu responsable de la modification des dispositions administratives et juridiques survenant apr\u00e8s la publication. De m\u00eame, le site ne peut \u00eatre tenue responsable de l\u2019utilisation et de l\u2019interpr\u00e9tation de l\u2019information contenue dans ce site.<\/p>\n<p>Le site https:\/\/www.wonderful-japan.com ne peut \u00eatre tenu pour responsable d\u2019\u00e9ventuels virus qui pourraient infecter l\u2019ordinateur ou tout mat\u00e9riel informatique de l\u2019Internaute, suite \u00e0 une utilisation, \u00e0 l\u2019acc\u00e8s, ou au t\u00e9l\u00e9chargement provenant de ce site.<\/p>\n<p>La responsabilit\u00e9 du site ne peut \u00eatre engag\u00e9e en cas de force majeure ou du fait impr\u00e9visible et insurmontable d\u2019un tiers.<\/p>\n<h1><\/h1>\n<h3>ARTICLE 5 : Liens hypertextes<\/h3>\n<h1><\/h1>\n<p>Des liens hypertextes peuvent \u00eatre pr\u00e9sents sur le site. L\u2019Utilisateur est inform\u00e9 qu\u2019en cliquant sur ces liens, il sortira du site https:\/\/www.wonderful-japan.com. Ce dernier n\u2019a pas de contr\u00f4le sur les pages web sur lesquelles aboutissent ces liens et ne saurait, en aucun cas, \u00eatre responsable de leur contenu.<\/p>\n<h1><\/h1>\n<h3>ARTICLE 6 : Cookies<\/h3>\n<h1><\/h1>\n<p>L\u2019Utilisateur est inform\u00e9 que lors de ses visites sur le site, un cookie peut s\u2019installer automatiquement sur son logiciel de navigation. Les donn\u00e9es techniques de son appareil sont automatiquement collect\u00e9es et enregistr\u00e9es par le Site, \u00e0 des fins publicitaires, commerciales et statistiques. Ces informations nous aident \u00e0 personnaliser et \u00e0 am\u00e9liorer continuellement son exp\u00e9rience sur notre Site. Nous ne collectons ni ne conservons aucune donn\u00e9e nominative (nom, pr\u00e9nom, adresse\u2026) \u00e9ventuellement attach\u00e9e \u00e0 une donn\u00e9e technique. Ces donn\u00e9es collect\u00e9es sont susceptibles d\u2019\u00eatre revendues \u00e0 des tiers par les fournisseurs des cookies permettant de les collecter.<\/p>\n<p>Les cookies \/ pixels fournis par des tiers tels que Facebook et Google permettent notamment un retargeting, plus d\u2019informations sur :<\/p>\n<p>\u2013\u00a0<a href=\"https:\/\/www.facebook.com\/business\/learn\/facebook-ads-pixel\" target=\"_parent\" rel=\"noopener\">https:\/\/www.facebook.com\/business\/learn\/facebook-ads-pixel<\/a><\/p>\n<p>\u2013\u00a0<a href=\"https:\/\/policies.google.com\/technologies\/cookies?hl=fr\" target=\"_blank\" rel=\"noopener\">https:\/\/policies.google.com\/technologies\/cookies?hl=fr<\/a><\/p>\n<p>Conform\u00e9ment aux recommandations europ\u00e9ennes, la dur\u00e9e maximale de conservation des cookies est de 13 mois au maximum apr\u00e8s leur premier d\u00e9p\u00f4t dans le terminal de l\u2019Utilisateur, tout comme la dur\u00e9e de la validit\u00e9 du consentement de l\u2019Utilisateur \u00e0 l\u2019utilisation de ces cookies. La dur\u00e9e de vie des cookies n\u2019est pas prolong\u00e9e \u00e0 chaque visite. Le consentement de l\u2019Utilisateur devra donc \u00eatre renouvel\u00e9 \u00e0 l\u2019issue de ce d\u00e9lai.<\/p>\n<p>Les cookies peuvent \u00eatre utilis\u00e9s pour des fins statistiques notamment pour optimiser les services rendus \u00e0 l\u2019Utilisateur, \u00e0 partir du traitement des informations concernant la fr\u00e9quence d\u2019acc\u00e8s, la personnalisation des pages ainsi que les op\u00e9rations r\u00e9alis\u00e9es et les informations consult\u00e9es. Vous \u00eates inform\u00e9 que le fournisseur de cookies est susceptible de d\u00e9poser des cookies sur votre terminal. Le cookie enregistre des informations relatives \u00e0 la navigation sur le service (les pages que vous avez consult\u00e9es, la date et l\u2019heure de la consultation\u2026) que nous pourrons lire lors de vos visites ult\u00e9rieures. Certaines fonctionnalit\u00e9s du site tels que les lecteurs vid\u00e9o ou des contenus interactifs sont susceptibles de faire appel \u00e0 des services propos\u00e9s par des tiers et de d\u00e9poser des cookies leur permettant d\u2019identifier votre consultation du contenu.<\/p>\n<p>Si l\u2019utilisateur ne souhaite pas que des cookies soient utilis\u00e9s sur son terminal, la plupart des navigateurs lui permettent de d\u00e9sactiver les cookies en passant par les options de r\u00e9glage :<\/p>\n<p>\u2013 Chrome :\u00a0<a href=\"https:\/\/support.google.com\/chrome\/answer\/95647?co=GENIE.Platform%3DAndroid&amp;hl=fr\" target=\"_blank\" rel=\"noopener\">https:\/\/support.google.com\/chrome\/answer\/95647?co=GENIE.Platform%3DAndroid&amp;hl=fr<\/a><\/p>\n<p>\u2013 Safari :\u00a0<a href=\"https:\/\/support.apple.com\/fr-fr\/guide\/safari\/sfri11471\/mac\" target=\"_blank\" rel=\"noopener\">https:\/\/support.apple.com\/fr-fr\/guide\/safari\/sfri11471\/mac<\/a><\/p>\n<p>\u2013 Firefox :\u00a0<a href=\"https:\/\/support.mozilla.org\/fr\/kb\/protection-renforcee-contre-pistage-firefox-ordinateur\" target=\"_blank\" rel=\"noopener\">https:\/\/support.mozilla.org\/fr\/kb\/protection-renforcee-contre-pistage-firefox-ordinateur<\/a><\/p>\n<p>\u2013 Internet explorer :\u00a0<a href=\"https:\/\/support.microsoft.com\/fr-fr\/help\/17442\/windows-internet-explorer-delete-manage-cookies%20\" target=\"_blank\" rel=\"noopener\">https:\/\/support.microsoft.com\/fr-fr\/help\/17442\/windows-internet-explorer-delete-manage-cookies<\/a><\/p>\n<h1><\/h1>\n<h3>ARTICLE 7 : Collecte des donn\u00e9es et exercice des droits<\/h3>\n<h1><\/h1>\n<p>L\u2019utilisateur dispose d\u2019un droit d\u2019acc\u00e8s aux donn\u00e9es le concernant, de rectification ou d\u2019effacement, d\u2019interrogation, de limitation du traitement de ses donn\u00e9es, de portabilit\u00e9, et d\u2019effacement (plus d\u2019infos ici), dans les limites pos\u00e9es par la r\u00e9glementation et notamment le RGPD.<\/p>\n<p>Il dispose \u00e9galement du droit de s\u2019opposer \u00e0 tout moment, pour des raisons tenant \u00e0 sa situation particuli\u00e8re, \u00e0 un traitement des donn\u00e9es \u00e0 caract\u00e8re personnel ayant comme base juridique notre int\u00e9r\u00eat l\u00e9gitime, ainsi que d\u2019un droit d\u2019opposition \u00e0 la prospection commerciale en cliquant sur le lien de d\u00e9sinscription de la newsletter.<\/p>\n<p>Les demandes d\u2019exercice de ses droits sont \u00e0 adresser par voie \u00e9lectronique aux coordonn\u00e9es de l\u2019\u00e9diteur inscrites \u00e0 l\u2019ARTICLE 1. S\u2019il n\u2019est pas satisfait par notre r\u00e9ponse, il peut introduire une r\u00e9clamation aupr\u00e8s de l\u2019autorit\u00e9 de contr\u00f4le et de protection des donn\u00e9es personnelles (par exemple, en France, la CNIL).<\/p>\n<p>A toutes fins utiles, il est pr\u00e9cis\u00e9 qu\u2019\u00e0 compter de l\u2019exercice du droit \u00e0 l\u2019effacement, de s\u2019opposer au traitement, ou encore de retirer son consentement, le bon fonctionnement du site et\/ou des services de formation (dont la plateforme de e.learning) pourra \u00eatre perturb\u00e9 voire interrompu. Par exemple, si ces droits sont exerc\u00e9s au moment de la commande de prestations ou services, alors ladite commande ne pourra \u00eatre effectu\u00e9e.<\/p>\n<h3><span><br \/>ARTICLE 8 : Droit applicable et juridiction comp\u00e9tente<\/span><\/h3>\n<p><span>La l\u00e9gislation fran\u00e7aise s\u2019applique au pr\u00e9sent contrat. En cas d\u2019absence de r\u00e9solution amiable d\u2019un litige n\u00e9 entre les parties, les tribunaux fran\u00e7ais seront seuls comp\u00e9tents pour en conna\u00eetre.<\/span><\/p>\n<p>Pour toute question relative \u00e0 l\u2019application des pr\u00e9sentes CGU, vous pouvez joindre l\u2019\u00e9diteur aux coordonn\u00e9es inscrites \u00e0 l\u2019ARTICLE 1.<\/p>\n<\/div>\n<\/section>\n<\/div>\n<\/section>\n<p>[\/et_pb_text][\/et_pb_column][\/et_pb_row][\/et_pb_section]<\/p>\n","protected":false},"excerpt":{"rendered":"<p>CONDITIONS G\u00c9N\u00c9RALES D\u2019UTILISATION &nbsp; Entr\u00e9es en vigueur le 24\/09\/2023 &nbsp; Les pr\u00e9sentes conditions g\u00e9n\u00e9rales d\u2019utilisation (dites \u00ab CGU \u00bb) ont pour objet l\u2019encadrement juridique des modalit\u00e9s de mise \u00e0 disposition du site et des services par Wonderful Japan\u00a0 et de d\u00e9finir les conditions d\u2019acc\u00e8s et d\u2019utilisation des services par \u00ab l\u2019Utilisateur \u00bb. Les pr\u00e9sentes CGU [&hellip;]<\/p>\n","protected":false},"author":1,"featured_media":0,"parent":0,"menu_order":0,"comment_status":"closed","ping_status":"closed","template":"","meta":{"_et_pb_use_builder":"on","_et_pb_old_content":"","_et_gb_content_width":"","footnotes":""},"categories":[],"tags":[],"folder":[],"class_list":["post-2304","page","type-page","status-publish","hentry"],"yoast_head":"<!-- This site is optimized with the Yoast SEO plugin v26.4 - https:\/\/yoast.com\/wordpress\/plugins\/seo\/ -->\n<title>Conditions g\u00e9n\u00e9rales d\u2019utilisation &#8211; Wonderful Japan<\/title>\n<meta name=\"robots\" content=\"index, follow, max-snippet:-1, max-image-preview:large, max-video-preview:-1\" \/>\n<link rel=\"canonical\" href=\"https:\/\/www.wonderful-japan.com\/fr\/mentions-legales\/\" \/>\n<meta property=\"og:locale\" content=\"fr_FR\" \/>\n<meta property=\"og:type\" content=\"article\" \/>\n<meta property=\"og:title\" content=\"Conditions g\u00e9n\u00e9rales d\u2019utilisation &#8211; Wonderful Japan\" \/>\n<meta property=\"og:description\" content=\"CONDITIONS G\u00c9N\u00c9RALES D\u2019UTILISATION &nbsp; Entr\u00e9es en vigueur le 24\/09\/2023 &nbsp; Les pr\u00e9sentes conditions g\u00e9n\u00e9rales d\u2019utilisation (dites \u00ab CGU \u00bb) ont pour objet l\u2019encadrement juridique des modalit\u00e9s de mise \u00e0 disposition du site et des services par Wonderful Japan\u00a0 et de d\u00e9finir les conditions d\u2019acc\u00e8s et d\u2019utilisation des services par \u00ab l\u2019Utilisateur \u00bb. Les pr\u00e9sentes CGU [&hellip;]\" \/>\n<meta property=\"og:url\" content=\"https:\/\/www.wonderful-japan.com\/fr\/mentions-legales\/\" \/>\n<meta property=\"og:site_name\" content=\"Wonderful Japan\" \/>\n<meta property=\"article:publisher\" content=\"https:\/\/www.facebook.com\/Wonderful-Japan-493654644157867\/\" \/>\n<meta property=\"article:modified_time\" content=\"2024-06-05T22:24:11+00:00\" \/>\n<meta name=\"twitter:card\" content=\"summary_large_image\" \/>\n<meta name=\"twitter:label1\" content=\"Dur\u00e9e de lecture estim\u00e9e\" \/>\n\t<meta name=\"twitter:data1\" content=\"7 minutes\" \/>\n<script type=\"application\/ld+json\" class=\"yoast-schema-graph\">{\"@context\":\"https:\/\/schema.org\",\"@graph\":[{\"@type\":[\"WebPage\",\"AboutPage\"],\"@id\":\"https:\/\/www.wonderful-japan.com\/fr\/mentions-legales\/\",\"url\":\"https:\/\/www.wonderful-japan.com\/fr\/mentions-legales\/\",\"name\":\"Conditions g\u00e9n\u00e9rales d\u2019utilisation &#8211; Wonderful Japan\",\"isPartOf\":{\"@id\":\"http:\/\/www.wonderful-japan.com\/fr\/#website\"},\"datePublished\":\"2016-04-15T15:26:30+00:00\",\"dateModified\":\"2024-06-05T22:24:11+00:00\",\"breadcrumb\":{\"@id\":\"https:\/\/www.wonderful-japan.com\/fr\/mentions-legales\/#breadcrumb\"},\"inLanguage\":\"fr-FR\",\"potentialAction\":[{\"@type\":\"ReadAction\",\"target\":[\"https:\/\/www.wonderful-japan.com\/fr\/mentions-legales\/\"]}]},{\"@type\":\"BreadcrumbList\",\"@id\":\"https:\/\/www.wonderful-japan.com\/fr\/mentions-legales\/#breadcrumb\",\"itemListElement\":[{\"@type\":\"ListItem\",\"position\":1,\"name\":\"Home\",\"item\":\"http:\/\/www.wonderful-japan.com\/fr\/\"},{\"@type\":\"ListItem\",\"position\":2,\"name\":\"Conditions g\u00e9n\u00e9rales d\u2019utilisation\"}]},{\"@type\":\"WebSite\",\"@id\":\"http:\/\/www.wonderful-japan.com\/fr\/#website\",\"url\":\"http:\/\/www.wonderful-japan.com\/fr\/\",\"name\":\"Wonderful Japan\",\"description\":\"D\u00e9couvrez le Japon !\",\"potentialAction\":[{\"@type\":\"SearchAction\",\"target\":{\"@type\":\"EntryPoint\",\"urlTemplate\":\"http:\/\/www.wonderful-japan.com\/fr\/?s={search_term_string}\"},\"query-input\":{\"@type\":\"PropertyValueSpecification\",\"valueRequired\":true,\"valueName\":\"search_term_string\"}}],\"inLanguage\":\"fr-FR\"}]}<\/script>\n<!-- \/ Yoast SEO plugin. -->","yoast_head_json":{"title":"Conditions g\u00e9n\u00e9rales d\u2019utilisation &#8211; Wonderful Japan","robots":{"index":"index","follow":"follow","max-snippet":"max-snippet:-1","max-image-preview":"max-image-preview:large","max-video-preview":"max-video-preview:-1"},"canonical":"https:\/\/www.wonderful-japan.com\/fr\/mentions-legales\/","og_locale":"fr_FR","og_type":"article","og_title":"Conditions g\u00e9n\u00e9rales d\u2019utilisation &#8211; Wonderful Japan","og_description":"CONDITIONS G\u00c9N\u00c9RALES D\u2019UTILISATION &nbsp; Entr\u00e9es en vigueur le 24\/09\/2023 &nbsp; Les pr\u00e9sentes conditions g\u00e9n\u00e9rales d\u2019utilisation (dites \u00ab CGU \u00bb) ont pour objet l\u2019encadrement juridique des modalit\u00e9s de mise \u00e0 disposition du site et des services par Wonderful Japan\u00a0 et de d\u00e9finir les conditions d\u2019acc\u00e8s et d\u2019utilisation des services par \u00ab l\u2019Utilisateur \u00bb. Les pr\u00e9sentes CGU [&hellip;]","og_url":"https:\/\/www.wonderful-japan.com\/fr\/mentions-legales\/","og_site_name":"Wonderful Japan","article_publisher":"https:\/\/www.facebook.com\/Wonderful-Japan-493654644157867\/","article_modified_time":"2024-06-05T22:24:11+00:00","twitter_card":"summary_large_image","twitter_misc":{"Dur\u00e9e de lecture estim\u00e9e":"7 minutes"},"schema":{"@context":"https:\/\/schema.org","@graph":[{"@type":["WebPage","AboutPage"],"@id":"https:\/\/www.wonderful-japan.com\/fr\/mentions-legales\/","url":"https:\/\/www.wonderful-japan.com\/fr\/mentions-legales\/","name":"Conditions g\u00e9n\u00e9rales d\u2019utilisation &#8211; Wonderful Japan","isPartOf":{"@id":"http:\/\/www.wonderful-japan.com\/fr\/#website"},"datePublished":"2016-04-15T15:26:30+00:00","dateModified":"2024-06-05T22:24:11+00:00","breadcrumb":{"@id":"https:\/\/www.wonderful-japan.com\/fr\/mentions-legales\/#breadcrumb"},"inLanguage":"fr-FR","potentialAction":[{"@type":"ReadAction","target":["https:\/\/www.wonderful-japan.com\/fr\/mentions-legales\/"]}]},{"@type":"BreadcrumbList","@id":"https:\/\/www.wonderful-japan.com\/fr\/mentions-legales\/#breadcrumb","itemListElement":[{"@type":"ListItem","position":1,"name":"Home","item":"http:\/\/www.wonderful-japan.com\/fr\/"},{"@type":"ListItem","position":2,"name":"Conditions g\u00e9n\u00e9rales d\u2019utilisation"}]},{"@type":"WebSite","@id":"http:\/\/www.wonderful-japan.com\/fr\/#website","url":"http:\/\/www.wonderful-japan.com\/fr\/","name":"Wonderful Japan","description":"D\u00e9couvrez le Japon !","potentialAction":[{"@type":"SearchAction","target":{"@type":"EntryPoint","urlTemplate":"http:\/\/www.wonderful-japan.com\/fr\/?s={search_term_string}"},"query-input":{"@type":"PropertyValueSpecification","valueRequired":true,"valueName":"search_term_string"}}],"inLanguage":"fr-FR"}]}},"_links":{"self":[{"href":"https:\/\/www.wonderful-japan.com\/fr\/wp-json\/wp\/v2\/pages\/2304","targetHints":{"allow":["GET"]}}],"collection":[{"href":"https:\/\/www.wonderful-japan.com\/fr\/wp-json\/wp\/v2\/pages"}],"about":[{"href":"https:\/\/www.wonderful-japan.com\/fr\/wp-json\/wp\/v2\/types\/page"}],"author":[{"embeddable":true,"href":"https:\/\/www.wonderful-japan.com\/fr\/wp-json\/wp\/v2\/users\/1"}],"replies":[{"embeddable":true,"href":"https:\/\/www.wonderful-japan.com\/fr\/wp-json\/wp\/v2\/comments?post=2304"}],"version-history":[{"count":2,"href":"https:\/\/www.wonderful-japan.com\/fr\/wp-json\/wp\/v2\/pages\/2304\/revisions"}],"predecessor-version":[{"id":14339,"href":"https:\/\/www.wonderful-japan.com\/fr\/wp-json\/wp\/v2\/pages\/2304\/revisions\/14339"}],"wp:attachment":[{"href":"https:\/\/www.wonderful-japan.com\/fr\/wp-json\/wp\/v2\/media?parent=2304"}],"wp:term":[{"taxonomy":"category","embeddable":true,"href":"https:\/\/www.wonderful-japan.com\/fr\/wp-json\/wp\/v2\/categories?post=2304"},{"taxonomy":"post_tag","embeddable":true,"href":"https:\/\/www.wonderful-japan.com\/fr\/wp-json\/wp\/v2\/tags?post=2304"},{"taxonomy":"folder","embeddable":true,"href":"https:\/\/www.wonderful-japan.com\/fr\/wp-json\/wp\/v2\/folder?post=2304"}],"curies":[{"name":"wp","href":"https:\/\/api.w.org\/{rel}","templated":true}]}}