{"id":2400,"date":"2016-04-20T20:41:16","date_gmt":"2016-04-20T19:41:16","guid":{"rendered":"http:\/\/www.wonderful-japan.com\/fr\/?page_id=2400"},"modified":"2016-04-20T20:41:16","modified_gmt":"2016-04-20T19:41:16","slug":"sitemap","status":"publish","type":"page","link":"https:\/\/www.wonderful-japan.com\/fr\/sitemap\/","title":{"rendered":"Plan du site"},"content":{"rendered":"<p>[av_section min_height=\u00a0\u00bb min_height_px=&rsquo;500px&rsquo; padding=&rsquo;default&rsquo; shadow=&rsquo;no-shadow&rsquo; bottom_border=&rsquo;no-border-styling&rsquo; scroll_down=\u00a0\u00bb id=\u00a0\u00bb color=&rsquo;main_color&rsquo; custom_bg=\u00a0\u00bb src=\u00a0\u00bb attach=&rsquo;scroll&rsquo; position=&rsquo;top left&rsquo; repeat=&rsquo;no-repeat&rsquo; video=\u00a0\u00bb video_ratio=&rsquo;16:9&prime; video_mobile_disabled=\u00a0\u00bb overlay_enable=\u00a0\u00bb overlay_opacity=&rsquo;0.5&prime; overlay_color=\u00a0\u00bb overlay_pattern=\u00a0\u00bb overlay_custom_pattern=\u00a0\u00bb]<\/p>\n<p>[av_heading heading=&rsquo;Plan du site&rsquo; tag=&rsquo;h3&prime; style=\u00a0\u00bb size=\u00a0\u00bb subheading_active=\u00a0\u00bb subheading_size=&rsquo;15&rsquo; padding=&rsquo;10&rsquo; color=\u00a0\u00bb custom_font=\u00a0\u00bb][\/av_heading]<\/p>\n<p>[av_codeblock wrapper_element=\u00a0\u00bb wrapper_element_attributes=\u00a0\u00bb]<br \/>\n<ul><li><a href=\"https:\/\/www.wonderful-japan.com\/fr\/abby\/\">Abby logiciel de facturation<\/a><\/li>\n<li><a href=\"https:\/\/www.wonderful-japan.com\/fr\/\">Accueil<\/a><\/li>\n<li><a href=\"https:\/\/www.wonderful-japan.com\/fr\/apprendre-le-japonais\/\">Apprendre le japonais : cours, m\u00e9thodes et astuces<\/a>\n<ul class='children'>\n\t<li><a href=\"https:\/\/www.wonderful-japan.com\/fr\/apprendre-le-japonais\/comment-dire-au-revoir-en-japonais\/\">Comment dire au revoir en japonais<\/a><\/li>\n\t<li><a href=\"https:\/\/www.wonderful-japan.com\/fr\/apprendre-le-japonais\/comment-dire-bonjour-en-japonais\/\">Comment dire bonjour en japonais<\/a><\/li>\n\t<li><a href=\"https:\/\/www.wonderful-japan.com\/fr\/apprendre-le-japonais\/comment-dire-bonne-annee-en-japonais\/\">Comment dire bonne ann\u00e9e en japonais<\/a><\/li>\n\t<li><a href=\"https:\/\/www.wonderful-japan.com\/fr\/apprendre-le-japonais\/comment-dire-je-taime-en-japonais\/\">Comment dire je t&rsquo;aime en japonais<\/a><\/li>\n\t<li><a href=\"https:\/\/www.wonderful-japan.com\/fr\/apprendre-le-japonais\/comment-dire-joyeux-anniversaire-en-japonais\/\">Comment dire joyeux anniversaire en japonais<\/a><\/li>\n\t<li><a href=\"https:\/\/www.wonderful-japan.com\/fr\/apprendre-le-japonais\/comment-dire-joyeux-noel-en-japonais\/\">Comment dire joyeux no\u00ebl en japonais<\/a><\/li>\n\t<li><a href=\"https:\/\/www.wonderful-japan.com\/fr\/apprendre-le-japonais\/comment-dire-merci-en-japonais\/\">Comment dire merci en japonais<\/a><\/li>\n\t<li><a href=\"https:\/\/www.wonderful-japan.com\/fr\/apprendre-le-japonais\/lecon-1\/\">Cours de japonais : le\u00e7on 1<\/a><\/li>\n\t<li><a href=\"https:\/\/www.wonderful-japan.com\/fr\/apprendre-le-japonais\/lecon-2\/\">Cours de japonais : le\u00e7on 2<\/a><\/li>\n\t<li><a href=\"https:\/\/www.wonderful-japan.com\/fr\/apprendre-le-japonais\/lecon-3\/\">Cours de japonais : le\u00e7on 3<\/a><\/li>\n\t<li><a href=\"https:\/\/www.wonderful-japan.com\/fr\/apprendre-le-japonais\/lecon-4\/\">Cours de japonais : le\u00e7on 4<\/a><\/li>\n\t<li><a href=\"https:\/\/www.wonderful-japan.com\/fr\/apprendre-le-japonais\/hiragana\/\">\u00c9criture du japonais : les hiragana<\/a><\/li>\n\t<li><a href=\"https:\/\/www.wonderful-japan.com\/fr\/apprendre-le-japonais\/katakana\/\">\u00c9criture du japonais : les katakana<\/a><\/li>\n\t<li><a href=\"https:\/\/www.wonderful-japan.com\/fr\/apprendre-le-japonais\/jlpt\/\">JLPT : Test d&rsquo;aptitude en Japonais<\/a><\/li>\n\t<li><a href=\"https:\/\/www.wonderful-japan.com\/fr\/apprendre-le-japonais\/lexique-pour-voyager-au-japon\/\">Lexique pour voyager au Japon<\/a><\/li>\n\t<li><a href=\"https:\/\/www.wonderful-japan.com\/fr\/apprendre-le-japonais\/prononciation-du-japonais\/\">Prononciation du japonais<\/a><\/li>\n\t<li><a href=\"https:\/\/www.wonderful-japan.com\/fr\/apprendre-le-japonais\/vocabulaire-les-animaux\/\">Vocabulaire japonais : les animaux<\/a><\/li>\n\t<li><a href=\"https:\/\/www.wonderful-japan.com\/fr\/apprendre-le-japonais\/vocabulaire-les-chiffres\/\">Vocabulaire japonais : les chiffres<\/a><\/li>\n\t<li><a href=\"https:\/\/www.wonderful-japan.com\/fr\/apprendre-le-japonais\/vocabulaire-les-couleurs\/\">Vocabulaire japonais : les couleurs<\/a><\/li>\n\t<li><a href=\"https:\/\/www.wonderful-japan.com\/fr\/apprendre-le-japonais\/vocabulaire-les-fruits\/\">Vocabulaire japonais : les fruits<\/a><\/li>\n\t<li><a href=\"https:\/\/www.wonderful-japan.com\/fr\/apprendre-le-japonais\/vocabulaire-les-legumes\/\">Vocabulaire japonais : les l\u00e9gumes<\/a><\/li>\n\t<li><a href=\"https:\/\/www.wonderful-japan.com\/fr\/apprendre-le-japonais\/vocabulaire-les-pays\/\">Vocabulaire japonais : les pays<\/a><\/li>\n\t<li><a href=\"https:\/\/www.wonderful-japan.com\/fr\/apprendre-le-japonais\/vocabulaire-jlpt-n2\/\">Vocabulaire JLPT N2<\/a><\/li>\n\t<li><a href=\"https:\/\/www.wonderful-japan.com\/fr\/apprendre-le-japonais\/vocabulaire-jlpt-n3\/\">Vocabulaire JLPT N3<\/a><\/li>\n\t<li><a href=\"https:\/\/www.wonderful-japan.com\/fr\/apprendre-le-japonais\/vocabulaire-jlpt-n4\/\">Vocabulaire JLPT N4<\/a><\/li>\n\t<li><a href=\"https:\/\/www.wonderful-japan.com\/fr\/apprendre-le-japonais\/vocabulaire-jlpt-n5\/\">Vocabulaire JLPT N5<\/a><\/li>\n<\/ul>\n<\/li>\n<li><a href=\"https:\/\/www.wonderful-japan.com\/fr\/code-parrain-boursobank\/\">Code parrain BoursoBank<\/a><\/li>\n<li><a href=\"https:\/\/www.wonderful-japan.com\/fr\/code-parrainage-boursobank-2\/\">Code parrainage BoursoBank<\/a><\/li>\n<li><a href=\"https:\/\/www.wonderful-japan.com\/fr\/code-parrainage-boursobank\/\">Code parrainage BoursoBank<\/a><\/li>\n<li><a href=\"https:\/\/www.wonderful-japan.com\/fr\/mentions-legales\/\">Conditions g\u00e9n\u00e9rales d\u2019utilisation<\/a><\/li>\n<li><a href=\"https:\/\/www.wonderful-japan.com\/fr\/depannage-informatique\/\">D\u00e9pannage informatique<\/a><\/li>\n<li><a href=\"https:\/\/www.wonderful-japan.com\/fr\/erreur-404\/\">Erreur 404<\/a><\/li>\n<li><a href=\"https:\/\/www.wonderful-japan.com\/fr\/furano-ski-resort\/\">Furano Ski Resort<\/a><\/li>\n<li><a href=\"https:\/\/www.wonderful-japan.com\/fr\/gunkanjima-hashima\/\">Gunkanjima (Hashima)<\/a><\/li>\n<li><a href=\"https:\/\/www.wonderful-japan.com\/fr\/hotels\/\">H\u00f4tels et Ryokans<\/a><\/li>\n<li><a href=\"https:\/\/www.wonderful-japan.com\/fr\/hozugawa-kudari\/\">Hozugawa kudari<\/a><\/li>\n<li><a href=\"https:\/\/www.wonderful-japan.com\/fr\/kibune\/\">Kibune<\/a><\/li>\n<li><a href=\"https:\/\/www.wonderful-japan.com\/fr\/hotel-lurcy-levis\/\">Les meilleurs h\u00f4tels et h\u00e9bergements \u00e0 Lurcy-L\u00e9vis<\/a><\/li>\n<li><a href=\"https:\/\/www.wonderful-japan.com\/fr\/mont-inasa\/\">Mont Inasa<\/a><\/li>\n<li><a href=\"https:\/\/www.wonderful-japan.com\/fr\/mont-moiwa\/\">Mont Moiwa<\/a><\/li>\n<li><a href=\"https:\/\/www.wonderful-japan.com\/fr\/neputa-mura\/\">Neputa Mura<\/a><\/li>\n<li><a href=\"https:\/\/www.wonderful-japan.com\/fr\/nous-contacter\/\">Nous contacter<\/a><\/li>\n<li><a href=\"https:\/\/www.wonderful-japan.com\/fr\/okinawa\/\">Okinawa<\/a>\n<ul class='children'>\n\t<li><a href=\"https:\/\/www.wonderful-japan.com\/fr\/okinawa\/aquarium-churaumi-okinawa\/\">Aquarium Churaumi d&rsquo;Okinawa<\/a><\/li>\n\t<li><a href=\"https:\/\/www.wonderful-japan.com\/fr\/okinawa\/chateau-de-shuri\/\">Ch\u00e2teau de Shuri<\/a><\/li>\n\t<li><a href=\"https:\/\/www.wonderful-japan.com\/fr\/okinawa\/ishigaki\/\">Ishigaki<\/a><\/li>\n\t<li><a href=\"https:\/\/www.wonderful-japan.com\/fr\/okinawa\/miyakojima\/\">Miyakojima<\/a><\/li>\n<\/ul>\n<\/li>\n<li><a href=\"https:\/\/www.wonderful-japan.com\/fr\/palais-imperial-de-tokyo\/\">Palais imp\u00e9rial de Tokyo<\/a><\/li>\n<li><a href=\"https:\/\/www.wonderful-japan.com\/fr\/parc-quasi-national-onuma\/\">Parc quasi national d&rsquo;Onuma<\/a><\/li>\n<li><a href=\"https:\/\/www.wonderful-japan.com\/fr\/parc-quasi-national-meiji-no-mori-mino\/\">Parc quasi national Meiji no mori Mino<\/a><\/li>\n<li><a href=\"https:\/\/www.wonderful-japan.com\/fr\/parrainage-boursobank-juillet\/\">Parrainage BoursoBank juillet 2024<\/a><\/li>\n<li><a href=\"https:\/\/www.wonderful-japan.com\/fr\/sitemap\/\">Plan du site<\/a><\/li>\n<li><a href=\"https:\/\/www.wonderful-japan.com\/fr\/pas-apprendre-japonais\/\">Pourquoi vous devez absolument \u00e9viter d\u2019apprendre le japonais<\/a><\/li>\n<li><a href=\"https:\/\/www.wonderful-japan.com\/fr\/sapporo-teine-ski-resort\/\">Sapporo Teine Ski Resort<\/a><\/li>\n<li><a href=\"https:\/\/www.wonderful-japan.com\/fr\/torokko-sagano-romantic-train\/\">Torokko Sagano (Romantic Train)<\/a><\/li>\n<\/ul><br \/>\n[\/av_codeblock]<\/p>\n<p>[\/av_section]<\/p>\n","protected":false},"excerpt":{"rendered":"<p>[av_section min_height=\u00a0\u00bb min_height_px=&rsquo;500px&rsquo; padding=&rsquo;default&rsquo; shadow=&rsquo;no-shadow&rsquo; bottom_border=&rsquo;no-border-styling&rsquo; scroll_down=\u00a0\u00bb id=\u00a0\u00bb color=&rsquo;main_color&rsquo; custom_bg=\u00a0\u00bb src=\u00a0\u00bb attach=&rsquo;scroll&rsquo; position=&rsquo;top left&rsquo; repeat=&rsquo;no-repeat&rsquo; video=\u00a0\u00bb video_ratio=&rsquo;16:9&prime; video_mobile_disabled=\u00a0\u00bb overlay_enable=\u00a0\u00bb overlay_opacity=&rsquo;0.5&prime; overlay_color=\u00a0\u00bb overlay_pattern=\u00a0\u00bb overlay_custom_pattern=\u00a0\u00bb] [av_heading heading=&rsquo;Plan du site&rsquo; tag=&rsquo;h3&prime; style=\u00a0\u00bb size=\u00a0\u00bb subheading_active=\u00a0\u00bb subheading_size=&rsquo;15&rsquo; padding=&rsquo;10&rsquo; color=\u00a0\u00bb custom_font=\u00a0\u00bb][\/av_heading] [av_codeblock wrapper_element=\u00a0\u00bb wrapper_element_attributes=\u00a0\u00bb] [\/av_codeblock] [\/av_section]<\/p>\n","protected":false},"author":1,"featured_media":0,"parent":0,"menu_order":0,"comment_status":"closed","ping_status":"closed","template":"","meta":{"_et_pb_use_builder":"","_et_pb_old_content":"","_et_gb_content_width":"","footnotes":""},"categories":[],"tags":[],"folder":[],"class_list":["post-2400","page","type-page","status-publish","hentry"],"yoast_head":"<!-- This site is optimized with the Yoast SEO plugin v26.4 - https:\/\/yoast.com\/wordpress\/plugins\/seo\/ -->\n<title>Plan du site &#8211; Wonderful Japan<\/title>\n<meta name=\"robots\" content=\"index, follow, max-snippet:-1, max-image-preview:large, max-video-preview:-1\" \/>\n<link rel=\"canonical\" href=\"https:\/\/www.wonderful-japan.com\/fr\/sitemap\/\" \/>\n<meta property=\"og:locale\" content=\"fr_FR\" \/>\n<meta property=\"og:type\" content=\"article\" \/>\n<meta property=\"og:title\" content=\"Plan du site &#8211; Wonderful Japan\" \/>\n<meta property=\"og:description\" content=\"[av_section min_height=\u00a0\u00bb min_height_px=&rsquo;500px&rsquo; padding=&rsquo;default&rsquo; shadow=&rsquo;no-shadow&rsquo; bottom_border=&rsquo;no-border-styling&rsquo; scroll_down=\u00a0\u00bb id=\u00a0\u00bb color=&rsquo;main_color&rsquo; custom_bg=\u00a0\u00bb src=\u00a0\u00bb attach=&rsquo;scroll&rsquo; position=&rsquo;top left&rsquo; repeat=&rsquo;no-repeat&rsquo; video=\u00a0\u00bb video_ratio=&rsquo;16:9&prime; video_mobile_disabled=\u00a0\u00bb overlay_enable=\u00a0\u00bb overlay_opacity=&rsquo;0.5&prime; overlay_color=\u00a0\u00bb overlay_pattern=\u00a0\u00bb overlay_custom_pattern=\u00a0\u00bb] [av_heading heading=&rsquo;Plan du site&rsquo; tag=&rsquo;h3&prime; style=\u00a0\u00bb size=\u00a0\u00bb subheading_active=\u00a0\u00bb subheading_size=&rsquo;15&rsquo; padding=&rsquo;10&rsquo; color=\u00a0\u00bb custom_font=\u00a0\u00bb][\/av_heading] [av_codeblock wrapper_element=\u00a0\u00bb wrapper_element_attributes=\u00a0\u00bb] [\/av_codeblock] [\/av_section]\" \/>\n<meta property=\"og:url\" content=\"https:\/\/www.wonderful-japan.com\/fr\/sitemap\/\" \/>\n<meta property=\"og:site_name\" content=\"Wonderful Japan\" \/>\n<meta property=\"article:publisher\" content=\"https:\/\/www.facebook.com\/Wonderful-Japan-493654644157867\/\" \/>\n<meta name=\"twitter:card\" content=\"summary_large_image\" \/>\n<meta name=\"twitter:label1\" content=\"Dur\u00e9e de lecture estim\u00e9e\" \/>\n\t<meta name=\"twitter:data1\" content=\"1 minute\" \/>\n<script type=\"application\/ld+json\" class=\"yoast-schema-graph\">{\"@context\":\"https:\/\/schema.org\",\"@graph\":[{\"@type\":\"WebPage\",\"@id\":\"https:\/\/www.wonderful-japan.com\/fr\/sitemap\/\",\"url\":\"https:\/\/www.wonderful-japan.com\/fr\/sitemap\/\",\"name\":\"Plan du site &#8211; Wonderful Japan\",\"isPartOf\":{\"@id\":\"http:\/\/www.wonderful-japan.com\/fr\/#website\"},\"datePublished\":\"2016-04-20T19:41:16+00:00\",\"breadcrumb\":{\"@id\":\"https:\/\/www.wonderful-japan.com\/fr\/sitemap\/#breadcrumb\"},\"inLanguage\":\"fr-FR\",\"potentialAction\":[{\"@type\":\"ReadAction\",\"target\":[\"https:\/\/www.wonderful-japan.com\/fr\/sitemap\/\"]}]},{\"@type\":\"BreadcrumbList\",\"@id\":\"https:\/\/www.wonderful-japan.com\/fr\/sitemap\/#breadcrumb\",\"itemListElement\":[{\"@type\":\"ListItem\",\"position\":1,\"name\":\"Home\",\"item\":\"http:\/\/www.wonderful-japan.com\/fr\/\"},{\"@type\":\"ListItem\",\"position\":2,\"name\":\"Plan du site\"}]},{\"@type\":\"WebSite\",\"@id\":\"http:\/\/www.wonderful-japan.com\/fr\/#website\",\"url\":\"http:\/\/www.wonderful-japan.com\/fr\/\",\"name\":\"Wonderful Japan\",\"description\":\"D\u00e9couvrez le Japon !\",\"potentialAction\":[{\"@type\":\"SearchAction\",\"target\":{\"@type\":\"EntryPoint\",\"urlTemplate\":\"http:\/\/www.wonderful-japan.com\/fr\/?s={search_term_string}\"},\"query-input\":{\"@type\":\"PropertyValueSpecification\",\"valueRequired\":true,\"valueName\":\"search_term_string\"}}],\"inLanguage\":\"fr-FR\"}]}<\/script>\n<!-- \/ Yoast SEO plugin. -->","yoast_head_json":{"title":"Plan du site &#8211; Wonderful Japan","robots":{"index":"index","follow":"follow","max-snippet":"max-snippet:-1","max-image-preview":"max-image-preview:large","max-video-preview":"max-video-preview:-1"},"canonical":"https:\/\/www.wonderful-japan.com\/fr\/sitemap\/","og_locale":"fr_FR","og_type":"article","og_title":"Plan du site &#8211; Wonderful Japan","og_description":"[av_section min_height=\u00a0\u00bb min_height_px=&rsquo;500px&rsquo; padding=&rsquo;default&rsquo; shadow=&rsquo;no-shadow&rsquo; bottom_border=&rsquo;no-border-styling&rsquo; scroll_down=\u00a0\u00bb id=\u00a0\u00bb color=&rsquo;main_color&rsquo; custom_bg=\u00a0\u00bb src=\u00a0\u00bb attach=&rsquo;scroll&rsquo; position=&rsquo;top left&rsquo; repeat=&rsquo;no-repeat&rsquo; video=\u00a0\u00bb video_ratio=&rsquo;16:9&prime; video_mobile_disabled=\u00a0\u00bb overlay_enable=\u00a0\u00bb overlay_opacity=&rsquo;0.5&prime; overlay_color=\u00a0\u00bb overlay_pattern=\u00a0\u00bb overlay_custom_pattern=\u00a0\u00bb] [av_heading heading=&rsquo;Plan du site&rsquo; tag=&rsquo;h3&prime; style=\u00a0\u00bb size=\u00a0\u00bb subheading_active=\u00a0\u00bb subheading_size=&rsquo;15&rsquo; padding=&rsquo;10&rsquo; color=\u00a0\u00bb custom_font=\u00a0\u00bb][\/av_heading] [av_codeblock wrapper_element=\u00a0\u00bb wrapper_element_attributes=\u00a0\u00bb] [\/av_codeblock] [\/av_section]","og_url":"https:\/\/www.wonderful-japan.com\/fr\/sitemap\/","og_site_name":"Wonderful Japan","article_publisher":"https:\/\/www.facebook.com\/Wonderful-Japan-493654644157867\/","twitter_card":"summary_large_image","twitter_misc":{"Dur\u00e9e de lecture estim\u00e9e":"1 minute"},"schema":{"@context":"https:\/\/schema.org","@graph":[{"@type":"WebPage","@id":"https:\/\/www.wonderful-japan.com\/fr\/sitemap\/","url":"https:\/\/www.wonderful-japan.com\/fr\/sitemap\/","name":"Plan du site &#8211; Wonderful Japan","isPartOf":{"@id":"http:\/\/www.wonderful-japan.com\/fr\/#website"},"datePublished":"2016-04-20T19:41:16+00:00","breadcrumb":{"@id":"https:\/\/www.wonderful-japan.com\/fr\/sitemap\/#breadcrumb"},"inLanguage":"fr-FR","potentialAction":[{"@type":"ReadAction","target":["https:\/\/www.wonderful-japan.com\/fr\/sitemap\/"]}]},{"@type":"BreadcrumbList","@id":"https:\/\/www.wonderful-japan.com\/fr\/sitemap\/#breadcrumb","itemListElement":[{"@type":"ListItem","position":1,"name":"Home","item":"http:\/\/www.wonderful-japan.com\/fr\/"},{"@type":"ListItem","position":2,"name":"Plan du site"}]},{"@type":"WebSite","@id":"http:\/\/www.wonderful-japan.com\/fr\/#website","url":"http:\/\/www.wonderful-japan.com\/fr\/","name":"Wonderful Japan","description":"D\u00e9couvrez le Japon !","potentialAction":[{"@type":"SearchAction","target":{"@type":"EntryPoint","urlTemplate":"http:\/\/www.wonderful-japan.com\/fr\/?s={search_term_string}"},"query-input":{"@type":"PropertyValueSpecification","valueRequired":true,"valueName":"search_term_string"}}],"inLanguage":"fr-FR"}]}},"_links":{"self":[{"href":"https:\/\/www.wonderful-japan.com\/fr\/wp-json\/wp\/v2\/pages\/2400","targetHints":{"allow":["GET"]}}],"collection":[{"href":"https:\/\/www.wonderful-japan.com\/fr\/wp-json\/wp\/v2\/pages"}],"about":[{"href":"https:\/\/www.wonderful-japan.com\/fr\/wp-json\/wp\/v2\/types\/page"}],"author":[{"embeddable":true,"href":"https:\/\/www.wonderful-japan.com\/fr\/wp-json\/wp\/v2\/users\/1"}],"replies":[{"embeddable":true,"href":"https:\/\/www.wonderful-japan.com\/fr\/wp-json\/wp\/v2\/comments?post=2400"}],"version-history":[{"count":3,"href":"https:\/\/www.wonderful-japan.com\/fr\/wp-json\/wp\/v2\/pages\/2400\/revisions"}],"predecessor-version":[{"id":2403,"href":"https:\/\/www.wonderful-japan.com\/fr\/wp-json\/wp\/v2\/pages\/2400\/revisions\/2403"}],"wp:attachment":[{"href":"https:\/\/www.wonderful-japan.com\/fr\/wp-json\/wp\/v2\/media?parent=2400"}],"wp:term":[{"taxonomy":"category","embeddable":true,"href":"https:\/\/www.wonderful-japan.com\/fr\/wp-json\/wp\/v2\/categories?post=2400"},{"taxonomy":"post_tag","embeddable":true,"href":"https:\/\/www.wonderful-japan.com\/fr\/wp-json\/wp\/v2\/tags?post=2400"},{"taxonomy":"folder","embeddable":true,"href":"https:\/\/www.wonderful-japan.com\/fr\/wp-json\/wp\/v2\/folder?post=2400"}],"curies":[{"name":"wp","href":"https:\/\/api.w.org\/{rel}","templated":true}]}}