{"id":4088,"date":"2016-10-27T19:16:53","date_gmt":"2016-10-27T18:16:53","guid":{"rendered":"https:\/\/www.wonderful-japan.com\/fr\/?page_id=4088"},"modified":"2024-06-04T23:01:33","modified_gmt":"2024-06-04T22:01:33","slug":"comment-dire-merci-en-japonais","status":"publish","type":"page","link":"https:\/\/www.wonderful-japan.com\/fr\/apprendre-le-japonais\/comment-dire-merci-en-japonais\/","title":{"rendered":"Comment dire merci en japonais"},"content":{"rendered":"<p>[et_pb_section fb_built=\u00a0\u00bb1&Prime; _builder_version=\u00a0\u00bb4.23.1&Prime; _module_preset=\u00a0\u00bb4cfcbcff-3e39-4069-9c61-43365753f724&Prime; background_image=\u00a0\u00bbhttps:\/\/www.wonderful-japan.com\/jp\/wp-content\/uploads\/sites\/9\/2024\/03\/pattern-101.jpg\u00a0\u00bb background_size=\u00a0\u00bbcontain\u00a0\u00bb background_repeat=\u00a0\u00bbrepeat-y\u00a0\u00bb custom_padding=\u00a0\u00bb0px||57px||false|false\u00a0\u00bb global_colors_info=\u00a0\u00bb%91%93&Prime; theme_builder_area=\u00a0\u00bbpost_content\u00a0\u00bb][et_pb_row _builder_version=\u00a0\u00bb4.23.1&Prime; _module_preset=\u00a0\u00bb766f6528-af78-4866-be96-4472601e5ae9&Prime; background_image=\u00a0\u00bbhttps:\/\/www.wonderful-japan.com\/fr\/wp-content\/uploads\/sites\/3\/2024\/06\/top02.jpg\u00a0\u00bb width=\u00a0\u00bb100%\u00a0\u00bb max_width=\u00a0\u00bb100%\u00a0\u00bb module_alignment=\u00a0\u00bbcenter\u00a0\u00bb min_height=\u00a0\u00bb60vh\u00a0\u00bb height=\u00a0\u00bb65vh\u00a0\u00bb max_height=\u00a0\u00bb65vh\u00a0\u00bb custom_margin=\u00a0\u00bb0px||0px||false|false\u00a0\u00bb global_colors_info=\u00a0\u00bb%91%93&Prime; theme_builder_area=\u00a0\u00bbpost_content\u00a0\u00bb][et_pb_column type=\u00a0\u00bb4_4&Prime; _builder_version=\u00a0\u00bb4.23.1&Prime; _module_preset=\u00a0\u00bbdefault\u00a0\u00bb global_colors_info=\u00a0\u00bb{}\u00a0\u00bb theme_builder_area=\u00a0\u00bbpost_content\u00a0\u00bb][\/et_pb_column][\/et_pb_row][et_pb_row _builder_version=\u00a0\u00bb4.23.1&Prime; _module_preset=\u00a0\u00bb6a4dda8e-8574-45fc-a286-2f81e7ce6f91&Prime; global_colors_info=\u00a0\u00bb%91%93&Prime; theme_builder_area=\u00a0\u00bbpost_content\u00a0\u00bb][et_pb_column type=\u00a0\u00bb4_4&Prime; _builder_version=\u00a0\u00bb4.23.1&Prime; _module_preset=\u00a0\u00bb3624c747-c172-45c2-9161-ba872a8b4e4d\u00a0\u00bb global_colors_info=\u00a0\u00bb{}\u00a0\u00bb theme_builder_area=\u00a0\u00bbpost_content\u00a0\u00bb][et_pb_text _builder_version=\u00a0\u00bb4.23.1&Prime; _module_preset=\u00a0\u00bb46d1c2fa-cadc-4829-99ae-813efa0c7f2a\u00a0\u00bb text_font=\u00a0\u00bbPoppins||||||||\u00a0\u00bb text_text_color=\u00a0\u00bb#646462&Prime; text_font_size=\u00a0\u00bb17px\u00a0\u00bb text_letter_spacing=\u00a0\u00bb1px\u00a0\u00bb text_line_height=\u00a0\u00bb1.75em\u00a0\u00bb link_text_color=\u00a0\u00bb#c5a86e\u00a0\u00bb header_font=\u00a0\u00bbPoppins|300||on|||||\u00a0\u00bb header_text_align=\u00a0\u00bbcenter\u00a0\u00bb header_text_color=\u00a0\u00bb#000000&Prime; header_font_size=\u00a0\u00bb35px\u00a0\u00bb header_letter_spacing=\u00a0\u00bb3px\u00a0\u00bb global_colors_info=\u00a0\u00bb%91%93&Prime; theme_builder_area=\u00a0\u00bbpost_content\u00a0\u00bb]<\/p>\n<h1 style=\"text-align: center;\"><span>Comment dire merci en japonais<\/span><\/h1>\n<p>&nbsp;<\/p>\n<div class=\"flex_column av-bmhey8i-e1db4fc60fcf6c0e4bcaa912165f4077 av_one_full  avia-builder-el-4  el_after_av_hr  el_before_av_image  first flex_column_div av-zero-column-padding  \">\n<section class=\"av_textblock_section av-lqdsvyet-44bf5c4e7cca7da81b29a61a2bcd05cf \" itemscope=\"itemscope\" itemtype=\"https:\/\/schema.org\/BlogPosting\" itemprop=\"blogPost\">\n<div class=\"avia_textblock\" itemprop=\"text\">\n<div class=\"flex_column av-ck04b1o-454c7a7bfd64c79a9c12e74f90113167 av_one_full  avia-builder-el-5  el_after_av_hr  el_before_av_hr  first flex_column_div av-zero-column-padding  \">\n<section class=\"av_textblock_section av-lq2qfjyt-0a09a0601da01bc7509d357d764a4152 \" itemscope=\"itemscope\" itemtype=\"https:\/\/schema.org\/BlogPosting\" itemprop=\"blogPost\">\n<div class=\"avia_textblock\" itemprop=\"text\">\n<div class=\"flex_column av-ctlk0kp-e696ec738914306b14e37fbd45a23173 av_one_full  avia-builder-el-5  el_after_av_hr  el_before_av_hr  first flex_column_div av-zero-column-padding  \">\n<section class=\"av_textblock_section av-lt36rtg3-3262e58055a072bda5cacdfb78e4a7c9 \" itemscope=\"itemscope\" itemtype=\"https:\/\/schema.org\/BlogPosting\" itemprop=\"blogPost\">\n<div class=\"avia_textblock\" itemprop=\"text\">\n<section class=\"av_textblock_section av-ydhdjz-f09de91ac8e2ac32e9c8b3722d510599 \" itemscope=\"itemscope\" itemtype=\"https:\/\/schema.org\/CreativeWork\">\n<div class=\"avia_textblock\" itemprop=\"text\">\n<section class=\"av_textblock_section av-1xdevyc-8f15e4a70777356ed03fa68b6f750104 \" itemscope=\"itemscope\" itemtype=\"https:\/\/schema.org\/CreativeWork\">\n<div class=\"avia_textblock\" itemprop=\"text\">\n<p>Il existe diff\u00e9rentes tournures\u00a0pour exprimer sa gratitude et dire merci en japonais, cela pouvant d\u00e9pendre \u00e0 la fois de l\u2019interlocuteur tout comme de la situation :<\/p>\n<p>\u2013<span>\u00a0<\/span><strong>D\u00f4mo arigat\u00f4 gozaimasu<\/strong>\u3000\u3069\u3046\u3082\u3042\u308a\u304c\u3068\u3046\u3054\u3056\u3044\u307e\u3059<br \/><em>Forme\u00a0tr\u00e8s respectueuse, mais un un peu longue<\/em><\/p>\n<p>\u2013<span>\u00a0<\/span><strong>Arigat\u00f4 gozaimasu<\/strong>\u3000\u3042\u308a\u304c\u3068\u3046\u3054\u3056\u3044\u307e\u3059<br \/><em>Forme respectueuse et passe partout que l\u2019on utilise la plupart du temps<\/em><\/p>\n<p>\u2013<span>\u00a0<\/span><strong>D\u00f4mo arigat\u00f4<\/strong>\u3000\u3069\u3046\u3082\u3042\u308a\u304c\u3068\u3046<br \/><em>Forme respectueuse mais moins utilis\u00e9e que la pr\u00e9c\u00e9dente<\/em><\/p>\n<p>\u2013<span>\u00a0<\/span><strong>Arigat\u00f4<\/strong>\u3000\u3042\u308a\u304c\u3068\u3046<br \/><em>Forme neutre qui s\u2019utilise entre amis, coll\u00e8gues et personnes proches, mais \u00e0 \u00e9viter avec des inconnus ou des personnes plus \u00e2g\u00e9es<\/em><\/p>\n<p>\u2013<span>\u00a0<\/span><strong>D\u00f4mo<\/strong>\u3000\u3069\u3046\u3082<br \/><em>Sert \u00e0 remercier en r\u00e9ponse \u00e0 la formule \u201cd\u00f4zo\u201d (je vous en prie)<\/em><\/p>\n<p>\u2013<span>\u00a0<\/span><strong>Sumimasen<\/strong>\u3000\u3059\u307f\u307e\u305b\u3093<br \/><em>Utilis\u00e9 la plupart du temps pour s\u2019excuser et pouvant \u00eatre traduit par \u201cd\u00e9sol\u00e9\u201d, le terme \u201csumimasen\u201d est aussi souvent utilis\u00e9 pour remercier une personne lorsque celle-ci\u00a0nous rend un service, dans le sens o\u00f9 nous nous excusons du d\u00e9rangement occasionn\u00e9<\/em><\/p>\n<p>\u2013<span>\u00a0<\/span><strong>Itadakimasu<\/strong>\u3000\u3044\u305f\u3060\u304d\u307e\u3059<br \/><em>Malgr\u00e9 une erreur de traduction tr\u00e8s largement r\u00e9pandue, il est bon de savoir que\u00a0le terme \u201citadakimasu\u201dne signifie pas \u201cbon app\u00e9tit\u201d (concept qui d\u2019ailleurs n\u2019existe pas en japonais), mais sert \u00e0 exprimer sa gratitude pour ce que l\u2019on va consommer, que se soit un aliment ou\u00a0une boisson, et cela dans de nombreux cas de la vie quotidienne. Ainsi par exemple, si en vous arr\u00eatant dans la rue votre ami vous offre une canette de jus, prenez-la en lui r\u00e9pondant \u201citadakimasu\u201d.<\/em><\/p>\n<\/div>\n<\/section>\n<\/div>\n<\/section>\n<\/div>\n<\/section>\n<\/div>\n<\/div>\n<\/section>\n<\/div>\n<\/div>\n<\/section>\n<\/div>\n<p>[\/et_pb_text][et_pb_cta title=\u00a0\u00bbNote\u00a0\u00bb _builder_version=\u00a0\u00bb4.23.1&Prime; _module_preset=\u00a0\u00bb7f2ec3dc-acc0-41c5-9622-9d27207e5db0&Prime; header_font=\u00a0\u00bb|600||on|||||\u00a0\u00bb body_font_size=\u00a0\u00bb18px\u00a0\u00bb text_orientation=\u00a0\u00bbleft\u00a0\u00bb box_shadow_style=\u00a0\u00bbpreset2&Prime; global_colors_info=\u00a0\u00bb%91%93&Prime; theme_builder_area=\u00a0\u00bbpost_content\u00a0\u00bb]<\/p>\n<p><span>On entend souvent dire que \u201c<\/span><em>arigat\u00f4 gozaimasu<\/em><span>\u201d signifie \u201c<\/span><em>merci beaucoup<\/em><span>\u201d par opposition \u00e0 un simple \u201c<\/span><em>arigat\u00f4<\/em><span>\u201c, ce qui dans la plupart des cas est plut\u00f4t faux : le terme \u201c<\/span><em>gozaimasu<\/em><span>\u201d ne servant pas \u00e0 mesurer un quelconque degr\u00e9 de gratitude, mais uniquement \u00e0 notifier un certain respect qui est propre \u00e0 la langue japonaise.<\/span><\/p>\n<p>[\/et_pb_cta][et_pb_text _builder_version=\u00a0\u00bb4.23.1&Prime; _module_preset=\u00a0\u00bb46d1c2fa-cadc-4829-99ae-813efa0c7f2a\u00a0\u00bb text_font=\u00a0\u00bbPoppins||||||||\u00a0\u00bb text_text_color=\u00a0\u00bb#646462&Prime; text_font_size=\u00a0\u00bb17px\u00a0\u00bb text_letter_spacing=\u00a0\u00bb1px\u00a0\u00bb text_line_height=\u00a0\u00bb1.75em\u00a0\u00bb link_text_color=\u00a0\u00bb#c5a86e\u00a0\u00bb header_font=\u00a0\u00bbPoppins|300||on|||||\u00a0\u00bb header_text_align=\u00a0\u00bbcenter\u00a0\u00bb header_text_color=\u00a0\u00bb#000000&Prime; header_font_size=\u00a0\u00bb35px\u00a0\u00bb header_letter_spacing=\u00a0\u00bb3px\u00a0\u00bb global_colors_info=\u00a0\u00bb%91%93&Prime; theme_builder_area=\u00a0\u00bbpost_content\u00a0\u00bb]<\/p>\n<div class=\"flex_column av-bmhey8i-e1db4fc60fcf6c0e4bcaa912165f4077 av_one_full  avia-builder-el-4  el_after_av_hr  el_before_av_image  first flex_column_div av-zero-column-padding  \">\n<section class=\"av_textblock_section av-lqdsvyet-44bf5c4e7cca7da81b29a61a2bcd05cf \" itemscope=\"itemscope\" itemtype=\"https:\/\/schema.org\/BlogPosting\" itemprop=\"blogPost\">\n<div class=\"avia_textblock\" itemprop=\"text\">\n<div class=\"flex_column av-ck04b1o-454c7a7bfd64c79a9c12e74f90113167 av_one_full  avia-builder-el-5  el_after_av_hr  el_before_av_hr  first flex_column_div av-zero-column-padding  \">\n<section class=\"av_textblock_section av-lq2qfjyt-0a09a0601da01bc7509d357d764a4152 \" itemscope=\"itemscope\" itemtype=\"https:\/\/schema.org\/BlogPosting\" itemprop=\"blogPost\">\n<div class=\"avia_textblock\" itemprop=\"text\">\n<div class=\"flex_column av-ctlk0kp-e696ec738914306b14e37fbd45a23173 av_one_full  avia-builder-el-5  el_after_av_hr  el_before_av_hr  first flex_column_div av-zero-column-padding  \">\n<section class=\"av_textblock_section av-lt36rtg3-3262e58055a072bda5cacdfb78e4a7c9 \" itemscope=\"itemscope\" itemtype=\"https:\/\/schema.org\/BlogPosting\" itemprop=\"blogPost\">\n<div class=\"avia_textblock\" itemprop=\"text\">\n<section class=\"av_textblock_section av-ydhdjz-f09de91ac8e2ac32e9c8b3722d510599 \" itemscope=\"itemscope\" itemtype=\"https:\/\/schema.org\/CreativeWork\">\n<div class=\"avia_textblock\" itemprop=\"text\">\n<section class=\"av_textblock_section av-1xdevyc-8f15e4a70777356ed03fa68b6f750104 \" itemscope=\"itemscope\" itemtype=\"https:\/\/schema.org\/CreativeWork\">\n<div class=\"avia_textblock\" itemprop=\"text\">\n<p>Attention ! \u00a0Il faut savoir que dans le dialecte de la r\u00e9gion du Kansai (\u00d4saka, Ky\u00f4to,\u2026) merci ne se dit pas \u201carigat\u00f4\u201d mais :<\/p>\n<p>\u2013<span>\u00a0<\/span><strong>\u00d4kini<\/strong>\u3000\u5927\u304d\u306b<\/p>\n<\/div>\n<\/section>\n<\/div>\n<\/section>\n<\/div>\n<\/section>\n<\/div>\n<\/div>\n<\/section>\n<\/div>\n<\/div>\n<\/section>\n<\/div>\n<p>[\/et_pb_text][\/et_pb_column][\/et_pb_row][\/et_pb_section]<\/p>\n","protected":false},"excerpt":{"rendered":"<p>Comment dire merci en japonais &nbsp; Il existe diff\u00e9rentes tournures\u00a0pour exprimer sa gratitude et dire merci en japonais, cela pouvant d\u00e9pendre \u00e0 la fois de l\u2019interlocuteur tout comme de la situation : \u2013\u00a0D\u00f4mo arigat\u00f4 gozaimasu\u3000\u3069\u3046\u3082\u3042\u308a\u304c\u3068\u3046\u3054\u3056\u3044\u307e\u3059Forme\u00a0tr\u00e8s respectueuse, mais un un peu longue \u2013\u00a0Arigat\u00f4 gozaimasu\u3000\u3042\u308a\u304c\u3068\u3046\u3054\u3056\u3044\u307e\u3059Forme respectueuse et passe partout que l\u2019on utilise la plupart du temps \u2013\u00a0D\u00f4mo [&hellip;]<\/p>\n","protected":false},"author":1,"featured_media":0,"parent":4133,"menu_order":0,"comment_status":"closed","ping_status":"closed","template":"","meta":{"_et_pb_use_builder":"on","_et_pb_old_content":"","_et_gb_content_width":"","footnotes":""},"categories":[],"tags":[],"folder":[105],"class_list":["post-4088","page","type-page","status-publish","hentry"],"yoast_head":"<!-- This site is optimized with the Yoast SEO plugin v26.4 - https:\/\/yoast.com\/wordpress\/plugins\/seo\/ -->\n<title>Comment dire merci en japonais &#8211; Wonderful Japan<\/title>\n<meta name=\"robots\" content=\"index, follow, max-snippet:-1, max-image-preview:large, max-video-preview:-1\" \/>\n<link rel=\"canonical\" href=\"https:\/\/www.wonderful-japan.com\/fr\/apprendre-le-japonais\/comment-dire-merci-en-japonais\/\" \/>\n<meta property=\"og:locale\" content=\"fr_FR\" \/>\n<meta property=\"og:type\" content=\"article\" \/>\n<meta property=\"og:title\" content=\"Comment dire merci en japonais &#8211; Wonderful Japan\" \/>\n<meta property=\"og:description\" content=\"Comment dire merci en japonais &nbsp; Il existe diff\u00e9rentes tournures\u00a0pour exprimer sa gratitude et dire merci en japonais, cela pouvant d\u00e9pendre \u00e0 la fois de l\u2019interlocuteur tout comme de la situation : \u2013\u00a0D\u00f4mo arigat\u00f4 gozaimasu\u3000\u3069\u3046\u3082\u3042\u308a\u304c\u3068\u3046\u3054\u3056\u3044\u307e\u3059Forme\u00a0tr\u00e8s respectueuse, mais un un peu longue \u2013\u00a0Arigat\u00f4 gozaimasu\u3000\u3042\u308a\u304c\u3068\u3046\u3054\u3056\u3044\u307e\u3059Forme respectueuse et passe partout que l\u2019on utilise la plupart du temps \u2013\u00a0D\u00f4mo [&hellip;]\" \/>\n<meta property=\"og:url\" content=\"https:\/\/www.wonderful-japan.com\/fr\/apprendre-le-japonais\/comment-dire-merci-en-japonais\/\" \/>\n<meta property=\"og:site_name\" content=\"Wonderful Japan\" \/>\n<meta property=\"article:publisher\" content=\"https:\/\/www.facebook.com\/Wonderful-Japan-493654644157867\/\" \/>\n<meta property=\"article:modified_time\" content=\"2024-06-04T22:01:33+00:00\" \/>\n<meta name=\"twitter:card\" content=\"summary_large_image\" \/>\n<meta name=\"twitter:label1\" content=\"Dur\u00e9e de lecture estim\u00e9e\" \/>\n\t<meta name=\"twitter:data1\" content=\"2 minutes\" \/>\n<script type=\"application\/ld+json\" class=\"yoast-schema-graph\">{\"@context\":\"https:\/\/schema.org\",\"@graph\":[{\"@type\":\"WebPage\",\"@id\":\"https:\/\/www.wonderful-japan.com\/fr\/apprendre-le-japonais\/comment-dire-merci-en-japonais\/\",\"url\":\"https:\/\/www.wonderful-japan.com\/fr\/apprendre-le-japonais\/comment-dire-merci-en-japonais\/\",\"name\":\"Comment dire merci en japonais &#8211; Wonderful Japan\",\"isPartOf\":{\"@id\":\"http:\/\/www.wonderful-japan.com\/fr\/#website\"},\"datePublished\":\"2016-10-27T18:16:53+00:00\",\"dateModified\":\"2024-06-04T22:01:33+00:00\",\"breadcrumb\":{\"@id\":\"https:\/\/www.wonderful-japan.com\/fr\/apprendre-le-japonais\/comment-dire-merci-en-japonais\/#breadcrumb\"},\"inLanguage\":\"fr-FR\",\"potentialAction\":[{\"@type\":\"ReadAction\",\"target\":[\"https:\/\/www.wonderful-japan.com\/fr\/apprendre-le-japonais\/comment-dire-merci-en-japonais\/\"]}]},{\"@type\":\"BreadcrumbList\",\"@id\":\"https:\/\/www.wonderful-japan.com\/fr\/apprendre-le-japonais\/comment-dire-merci-en-japonais\/#breadcrumb\",\"itemListElement\":[{\"@type\":\"ListItem\",\"position\":1,\"name\":\"Home\",\"item\":\"http:\/\/www.wonderful-japan.com\/fr\/\"},{\"@type\":\"ListItem\",\"position\":2,\"name\":\"Apprendre le japonais : cours, m\u00e9thodes et astuces\",\"item\":\"https:\/\/www.wonderful-japan.com\/fr\/apprendre-le-japonais\/\"},{\"@type\":\"ListItem\",\"position\":3,\"name\":\"Comment dire merci en japonais\"}]},{\"@type\":\"WebSite\",\"@id\":\"http:\/\/www.wonderful-japan.com\/fr\/#website\",\"url\":\"http:\/\/www.wonderful-japan.com\/fr\/\",\"name\":\"Wonderful Japan\",\"description\":\"D\u00e9couvrez le Japon !\",\"potentialAction\":[{\"@type\":\"SearchAction\",\"target\":{\"@type\":\"EntryPoint\",\"urlTemplate\":\"http:\/\/www.wonderful-japan.com\/fr\/?s={search_term_string}\"},\"query-input\":{\"@type\":\"PropertyValueSpecification\",\"valueRequired\":true,\"valueName\":\"search_term_string\"}}],\"inLanguage\":\"fr-FR\"}]}<\/script>\n<!-- \/ Yoast SEO plugin. -->","yoast_head_json":{"title":"Comment dire merci en japonais &#8211; Wonderful Japan","robots":{"index":"index","follow":"follow","max-snippet":"max-snippet:-1","max-image-preview":"max-image-preview:large","max-video-preview":"max-video-preview:-1"},"canonical":"https:\/\/www.wonderful-japan.com\/fr\/apprendre-le-japonais\/comment-dire-merci-en-japonais\/","og_locale":"fr_FR","og_type":"article","og_title":"Comment dire merci en japonais &#8211; Wonderful Japan","og_description":"Comment dire merci en japonais &nbsp; Il existe diff\u00e9rentes tournures\u00a0pour exprimer sa gratitude et dire merci en japonais, cela pouvant d\u00e9pendre \u00e0 la fois de l\u2019interlocuteur tout comme de la situation : \u2013\u00a0D\u00f4mo arigat\u00f4 gozaimasu\u3000\u3069\u3046\u3082\u3042\u308a\u304c\u3068\u3046\u3054\u3056\u3044\u307e\u3059Forme\u00a0tr\u00e8s respectueuse, mais un un peu longue \u2013\u00a0Arigat\u00f4 gozaimasu\u3000\u3042\u308a\u304c\u3068\u3046\u3054\u3056\u3044\u307e\u3059Forme respectueuse et passe partout que l\u2019on utilise la plupart du temps \u2013\u00a0D\u00f4mo [&hellip;]","og_url":"https:\/\/www.wonderful-japan.com\/fr\/apprendre-le-japonais\/comment-dire-merci-en-japonais\/","og_site_name":"Wonderful Japan","article_publisher":"https:\/\/www.facebook.com\/Wonderful-Japan-493654644157867\/","article_modified_time":"2024-06-04T22:01:33+00:00","twitter_card":"summary_large_image","twitter_misc":{"Dur\u00e9e de lecture estim\u00e9e":"2 minutes"},"schema":{"@context":"https:\/\/schema.org","@graph":[{"@type":"WebPage","@id":"https:\/\/www.wonderful-japan.com\/fr\/apprendre-le-japonais\/comment-dire-merci-en-japonais\/","url":"https:\/\/www.wonderful-japan.com\/fr\/apprendre-le-japonais\/comment-dire-merci-en-japonais\/","name":"Comment dire merci en japonais &#8211; Wonderful Japan","isPartOf":{"@id":"http:\/\/www.wonderful-japan.com\/fr\/#website"},"datePublished":"2016-10-27T18:16:53+00:00","dateModified":"2024-06-04T22:01:33+00:00","breadcrumb":{"@id":"https:\/\/www.wonderful-japan.com\/fr\/apprendre-le-japonais\/comment-dire-merci-en-japonais\/#breadcrumb"},"inLanguage":"fr-FR","potentialAction":[{"@type":"ReadAction","target":["https:\/\/www.wonderful-japan.com\/fr\/apprendre-le-japonais\/comment-dire-merci-en-japonais\/"]}]},{"@type":"BreadcrumbList","@id":"https:\/\/www.wonderful-japan.com\/fr\/apprendre-le-japonais\/comment-dire-merci-en-japonais\/#breadcrumb","itemListElement":[{"@type":"ListItem","position":1,"name":"Home","item":"http:\/\/www.wonderful-japan.com\/fr\/"},{"@type":"ListItem","position":2,"name":"Apprendre le japonais : cours, m\u00e9thodes et astuces","item":"https:\/\/www.wonderful-japan.com\/fr\/apprendre-le-japonais\/"},{"@type":"ListItem","position":3,"name":"Comment dire merci en japonais"}]},{"@type":"WebSite","@id":"http:\/\/www.wonderful-japan.com\/fr\/#website","url":"http:\/\/www.wonderful-japan.com\/fr\/","name":"Wonderful Japan","description":"D\u00e9couvrez le Japon !","potentialAction":[{"@type":"SearchAction","target":{"@type":"EntryPoint","urlTemplate":"http:\/\/www.wonderful-japan.com\/fr\/?s={search_term_string}"},"query-input":{"@type":"PropertyValueSpecification","valueRequired":true,"valueName":"search_term_string"}}],"inLanguage":"fr-FR"}]}},"_links":{"self":[{"href":"https:\/\/www.wonderful-japan.com\/fr\/wp-json\/wp\/v2\/pages\/4088","targetHints":{"allow":["GET"]}}],"collection":[{"href":"https:\/\/www.wonderful-japan.com\/fr\/wp-json\/wp\/v2\/pages"}],"about":[{"href":"https:\/\/www.wonderful-japan.com\/fr\/wp-json\/wp\/v2\/types\/page"}],"author":[{"embeddable":true,"href":"https:\/\/www.wonderful-japan.com\/fr\/wp-json\/wp\/v2\/users\/1"}],"replies":[{"embeddable":true,"href":"https:\/\/www.wonderful-japan.com\/fr\/wp-json\/wp\/v2\/comments?post=4088"}],"version-history":[{"count":1,"href":"https:\/\/www.wonderful-japan.com\/fr\/wp-json\/wp\/v2\/pages\/4088\/revisions"}],"predecessor-version":[{"id":14050,"href":"https:\/\/www.wonderful-japan.com\/fr\/wp-json\/wp\/v2\/pages\/4088\/revisions\/14050"}],"up":[{"embeddable":true,"href":"https:\/\/www.wonderful-japan.com\/fr\/wp-json\/wp\/v2\/pages\/4133"}],"wp:attachment":[{"href":"https:\/\/www.wonderful-japan.com\/fr\/wp-json\/wp\/v2\/media?parent=4088"}],"wp:term":[{"taxonomy":"category","embeddable":true,"href":"https:\/\/www.wonderful-japan.com\/fr\/wp-json\/wp\/v2\/categories?post=4088"},{"taxonomy":"post_tag","embeddable":true,"href":"https:\/\/www.wonderful-japan.com\/fr\/wp-json\/wp\/v2\/tags?post=4088"},{"taxonomy":"folder","embeddable":true,"href":"https:\/\/www.wonderful-japan.com\/fr\/wp-json\/wp\/v2\/folder?post=4088"}],"curies":[{"name":"wp","href":"https:\/\/api.w.org\/{rel}","templated":true}]}}