{"id":6738,"date":"2017-08-21T22:40:34","date_gmt":"2017-08-21T21:40:34","guid":{"rendered":"https:\/\/www.wonderful-japan.com\/fr\/?page_id=6738"},"modified":"2024-06-16T16:10:43","modified_gmt":"2024-06-16T15:10:43","slug":"gunkanjima-hashima","status":"publish","type":"page","link":"https:\/\/www.wonderful-japan.com\/fr\/gunkanjima-hashima\/","title":{"rendered":"Gunkanjima (Hashima)"},"content":{"rendered":"<p>[et_pb_section fb_built=&nbsp;\u00bb1&Prime; admin_label=&nbsp;\u00bbSection ent\u00eate destination&nbsp;\u00bb _builder_version=&nbsp;\u00bb4.23.1&Prime; _module_preset=&nbsp;\u00bb3bfe1c2c-0c38-4483-998d-b07c878bfcd3&Prime; global_colors_info=&nbsp;\u00bb{}&nbsp;\u00bb][et_pb_row admin_label=&nbsp;\u00bbLigne image d&rsquo;ent\u00eate&nbsp;\u00bb _builder_version=&nbsp;\u00bb4.23.1&Prime; _module_preset=&nbsp;\u00bb62c3ebfb-4e96-48fa-8a29-4def1cf23bdc&nbsp;\u00bb background_image=&nbsp;\u00bbhttps:\/\/www.wonderful-japan.com\/fr\/wp-content\/uploads\/sites\/3\/2024\/06\/gunkanjima_nagasaki0003.jpg&nbsp;\u00bb background_enable_image=&nbsp;\u00bbon&nbsp;\u00bb hover_enabled=&nbsp;\u00bb0&Prime; global_colors_info=&nbsp;\u00bb{}&nbsp;\u00bb title_text=&nbsp;\u00bbgunkanjima_nagasaki0003&Prime; sticky_enabled=&nbsp;\u00bb0&Prime;][et_pb_column type=&nbsp;\u00bb4_4&Prime; _builder_version=&nbsp;\u00bb4.23.1&Prime; _module_preset=&nbsp;\u00bbdefault&nbsp;\u00bb global_colors_info=&nbsp;\u00bb{}&nbsp;\u00bb][\/et_pb_column][\/et_pb_row][et_pb_row admin_label=&nbsp;\u00bbLigne texte de pr\u00e9sentation&nbsp;\u00bb _builder_version=&nbsp;\u00bb4.23.1&Prime; _module_preset=&nbsp;\u00bbc802843a-647e-4586-bb7b-4235e6134305&Prime; global_colors_info=&nbsp;\u00bb{}&nbsp;\u00bb][et_pb_column type=&nbsp;\u00bb4_4&Prime; _builder_version=&nbsp;\u00bb4.23.1&Prime; _module_preset=&nbsp;\u00bbdefault&nbsp;\u00bb global_colors_info=&nbsp;\u00bb{}&nbsp;\u00bb][et_pb_text admin_label=&nbsp;\u00bbTexte de pr\u00e9sentation&nbsp;\u00bb _builder_version=&nbsp;\u00bb4.23.1&Prime; _module_preset=&nbsp;\u00bb8fb1919c-8169-46b5-91fa-da9627c904a6&Prime; hover_enabled=&nbsp;\u00bb0&Prime; global_colors_info=&nbsp;\u00bb{}&nbsp;\u00bb sticky_enabled=&nbsp;\u00bb0&Prime;]<\/p>\n<h1 style=\"text-align: center;\"><strong>Gunkanjima (Hashima)<\/strong><\/h1>\n<p>&nbsp;<\/p>\n<div class=\"flex_column av-bmhey8i-e1db4fc60fcf6c0e4bcaa912165f4077 av_one_full  avia-builder-el-4  el_after_av_hr  el_before_av_image  first flex_column_div av-zero-column-padding  \">\n<section class=\"av_textblock_section av-lqdsvyet-44bf5c4e7cca7da81b29a61a2bcd05cf \" itemscope=\"itemscope\" itemtype=\"https:\/\/schema.org\/BlogPosting\" itemprop=\"blogPost\">\n<div class=\"avia_textblock\" itemprop=\"text\">\n<div class=\"flex_column av-ck04b1o-454c7a7bfd64c79a9c12e74f90113167 av_one_full  avia-builder-el-5  el_after_av_hr  el_before_av_hr  first flex_column_div av-zero-column-padding  \">\n<section class=\"av_textblock_section av-lq2qfjyt-0a09a0601da01bc7509d357d764a4152 \" itemscope=\"itemscope\" itemtype=\"https:\/\/schema.org\/BlogPosting\" itemprop=\"blogPost\">\n<div class=\"avia_textblock\" itemprop=\"text\">\n<div class=\"flex_column av-ctlk0kp-e696ec738914306b14e37fbd45a23173 av_one_full  avia-builder-el-5  el_after_av_hr  el_before_av_hr  first flex_column_div av-zero-column-padding  \">\n<section class=\"av_textblock_section av-lt36rtg3-3262e58055a072bda5cacdfb78e4a7c9 \" itemscope=\"itemscope\" itemtype=\"https:\/\/schema.org\/BlogPosting\" itemprop=\"blogPost\">\n<div class=\"avia_textblock\" itemprop=\"text\">\n<p><span>La petite \u00eele de Hashima, commun\u00e9ment surnomm\u00e9e Gunkanjima (\u00eele navire de guerre) en raison de sa silhouette, est le vestige d\u2019une \u00e9poque industrielle r\u00e9volue. Situ\u00e9e au large de <a href=\"https:\/\/www.wonderful-japan.com\/fr\/nagasaki\/\">Nagasaki<\/a>, il y fut d\u00e9couvert au XIX\u00e8me si\u00e8cle un gisement houiller, minerais de charbon indispensable et pr\u00e9cieux en ce temps. Une mine y fut alors construite autour de le laquelle se d\u00e9veloppa une micro-cit\u00e9 h\u00e9bergeant les mineurs et leur famille. Comprenant h\u00f4pital, \u00e9coles, commerces, la cit\u00e9 accueillit jusqu\u2019\u00e0 plus de 5 000 personnes et devint l\u2019endroit le plus dens\u00e9ment peupl\u00e9 au monde. N\u00e9anmoins, avec le remplacement progressif de la houille par le p\u00e9trole, la mine finit par fermer et les derniers r\u00e9sidents quitt\u00e8rent l\u2019\u00eele en 1974. L\u2019\u00eele fut ainsi abandonn\u00e9e au gr\u00e9 du temps et des temp\u00eates, faisant d\u2019elle un lieu \u00e9nigmatique.<\/span><\/p>\n<\/div>\n<\/section>\n<\/div>\n<\/div>\n<\/section>\n<\/div>\n<\/div>\n<\/section>\n<\/div>\n<p>[\/et_pb_text][\/et_pb_column][\/et_pb_row][\/et_pb_section][et_pb_section fb_built=&nbsp;\u00bb1&Prime; admin_label=&nbsp;\u00bbSection informations pratiques&nbsp;\u00bb _builder_version=&nbsp;\u00bb4.23.1&Prime; _module_preset=&nbsp;\u00bb3e8ab20a-fc87-42b8-9614-2111f43bcabc&nbsp;\u00bb global_colors_info=&nbsp;\u00bb{}&nbsp;\u00bb][et_pb_row admin_label=&nbsp;\u00bbLigne grande image de section&nbsp;\u00bb _builder_version=&nbsp;\u00bb4.23.1&Prime; _module_preset=&nbsp;\u00bbb52b5b02-1a81-4f2a-a2ca-bc3b216ac5e9&Prime; background_image=&nbsp;\u00bbhttps:\/\/www.wonderful-japan.com\/fr\/wp-content\/uploads\/sites\/3\/2024\/06\/gunkanjima_nagasaki0004.jpg&nbsp;\u00bb background_enable_image=&nbsp;\u00bbon&nbsp;\u00bb hover_enabled=&nbsp;\u00bb0&Prime; global_colors_info=&nbsp;\u00bb{}&nbsp;\u00bb background__hover_enabled=&nbsp;\u00bboff|desktop&nbsp;\u00bb title_text=&nbsp;\u00bbgunkanjima_nagasaki0004&Prime; sticky_enabled=&nbsp;\u00bb0&Prime; background_position=&nbsp;\u00bbbottom_center&nbsp;\u00bb background_vertical_offset=&nbsp;\u00bb13%&nbsp;\u00bb][et_pb_column type=&nbsp;\u00bb4_4&Prime; _builder_version=&nbsp;\u00bb4.23.1&Prime; _module_preset=&nbsp;\u00bbdefault&nbsp;\u00bb global_colors_info=&nbsp;\u00bb{}&nbsp;\u00bb][\/et_pb_column][\/et_pb_row][et_pb_row admin_label=&nbsp;\u00bbLigne titre de section&nbsp;\u00bb _builder_version=&nbsp;\u00bb4.23.1&Prime; _module_preset=&nbsp;\u00bb3193221f-25cc-408e-ba81-03a3fdfd82e5&Prime; global_colors_info=&nbsp;\u00bb{}&nbsp;\u00bb][et_pb_column type=&nbsp;\u00bb4_4&Prime; _builder_version=&nbsp;\u00bb4.23.1&Prime; _module_preset=&nbsp;\u00bbdefault&nbsp;\u00bb global_colors_info=&nbsp;\u00bb{}&nbsp;\u00bb][et_pb_text admin_label=&nbsp;\u00bbTexte titre de section&nbsp;\u00bb _builder_version=&nbsp;\u00bb4.23.1&Prime; _module_preset=&nbsp;\u00bb3c119313-f656-46e6-bea9-1dd8c3884b52&Prime; global_colors_info=&nbsp;\u00bb{}&nbsp;\u00bb]<\/p>\n<h2 class=\"av-special-heading-tag\">Informations pratiques<\/h2>\n<p>[\/et_pb_text][\/et_pb_column][\/et_pb_row][et_pb_row column_structure=&nbsp;\u00bb1_2,1_2&Prime; admin_label=&nbsp;\u00bbLigne texte&nbsp;\u00bb _builder_version=&nbsp;\u00bb4.23.1&Prime; _module_preset=&nbsp;\u00bbc802843a-647e-4586-bb7b-4235e6134305&Prime; global_colors_info=&nbsp;\u00bb{}&nbsp;\u00bb][et_pb_column type=&nbsp;\u00bb1_2&Prime; _builder_version=&nbsp;\u00bb4.23.1&Prime; _module_preset=&nbsp;\u00bbdefault&nbsp;\u00bb global_colors_info=&nbsp;\u00bb{}&nbsp;\u00bb][et_pb_text _builder_version=&nbsp;\u00bb4.23.1&Prime; _module_preset=&nbsp;\u00bb0ca1744d-573e-49c8-a8c1-b7fd763b2e6e&nbsp;\u00bb hover_enabled=&nbsp;\u00bb0&Prime; global_colors_info=&nbsp;\u00bb{}&nbsp;\u00bb sticky_enabled=&nbsp;\u00bb0&Prime;]<\/p>\n<h3 class=\"av-special-heading-tag\">Acc\u00e8s<\/h3>\n<p><span>\u21d2 L\u2019acc\u00e8s \u00e0 l\u2019\u00eele et la visite guid\u00e9e peut se faire via diff\u00e9rentes compagnies de ferries au choix, soit au d\u00e9part du Nagasaki Port Terminal \u00e0 c\u00f4t\u00e9 de la station de tramway Ohato, soit au d\u00e9part du Tokiwa Terminal \u00e0 c\u00f4t\u00e9 de la station de tramway O-Urakaigandori.<\/span><\/p>\n<p>[\/et_pb_text][\/et_pb_column][et_pb_column type=&nbsp;\u00bb1_2&Prime; _builder_version=&nbsp;\u00bb4.23.1&Prime; _module_preset=&nbsp;\u00bbdefault&nbsp;\u00bb global_colors_info=&nbsp;\u00bb{}&nbsp;\u00bb][et_pb_text _builder_version=&nbsp;\u00bb4.23.1&Prime; _module_preset=&nbsp;\u00bb0ca1744d-573e-49c8-a8c1-b7fd763b2e6e&nbsp;\u00bb hover_enabled=&nbsp;\u00bb0&Prime; global_colors_info=&nbsp;\u00bb{}&nbsp;\u00bb sticky_enabled=&nbsp;\u00bb0&Prime;]<\/p>\n<h3 class=\"av-special-heading-tag\">Ohato Station<\/h3>\n<ul>\n<li><img decoding=\"async\" class=\"alignnone size-full wp-image-2195 lazyloaded\" src=\"https:\/\/sp-ao.shortpixel.ai\/client\/to_webp,q_lossy,ret_img,w_20,h_20\/https:\/\/www.wonderful-japan.com\/fr\/wp-content\/uploads\/sites\/3\/2016\/04\/tramway-icon.png\" alt width=\"20\" height=\"20\" data-src=\"https:\/\/sp-ao.shortpixel.ai\/client\/to_webp,q_lossy,ret_img,w_20,h_20\/https:\/\/www.wonderful-japan.com\/fr\/wp-content\/uploads\/sites\/3\/2016\/04\/tramway-icon.png\">&nbsp;&nbsp;Tramway ligne 1<\/li>\n<li><img decoding=\"async\" class=\"alignnone size-full wp-image-2195 lazyloaded\" src=\"https:\/\/sp-ao.shortpixel.ai\/client\/to_webp,q_lossy,ret_img,w_20,h_20\/https:\/\/www.wonderful-japan.com\/fr\/wp-content\/uploads\/sites\/3\/2016\/04\/tramway-icon.png\" alt width=\"20\" height=\"20\" data-src=\"https:\/\/sp-ao.shortpixel.ai\/client\/to_webp,q_lossy,ret_img,w_20,h_20\/https:\/\/www.wonderful-japan.com\/fr\/wp-content\/uploads\/sites\/3\/2016\/04\/tramway-icon.png\">&nbsp;&nbsp;Tramway ligne 2<\/li>\n<\/ul>\n<p>[\/et_pb_text][et_pb_text _builder_version=&nbsp;\u00bb4.23.1&Prime; _module_preset=&nbsp;\u00bb0ca1744d-573e-49c8-a8c1-b7fd763b2e6e&nbsp;\u00bb hover_enabled=&nbsp;\u00bb0&Prime; global_colors_info=&nbsp;\u00bb{}&nbsp;\u00bb sticky_enabled=&nbsp;\u00bb0&Prime;]<\/p>\n<h3 class=\"av-special-heading-tag\">O-Urakaigandori Station<\/h3>\n<ul>\n<li><img decoding=\"async\" class=\"alignnone size-full wp-image-2195 lazyloaded\" src=\"https:\/\/sp-ao.shortpixel.ai\/client\/to_webp,q_lossy,ret_img,w_20,h_20\/https:\/\/www.wonderful-japan.com\/fr\/wp-content\/uploads\/sites\/3\/2016\/04\/tramway-icon.png\" alt width=\"20\" height=\"20\" data-src=\"https:\/\/sp-ao.shortpixel.ai\/client\/to_webp,q_lossy,ret_img,w_20,h_20\/https:\/\/www.wonderful-japan.com\/fr\/wp-content\/uploads\/sites\/3\/2016\/04\/tramway-icon.png\"> &nbsp;Tramway ligne 5<\/li>\n<\/ul>\n<p>[\/et_pb_text][\/et_pb_column][\/et_pb_row][\/et_pb_section][et_pb_section fb_built=&nbsp;\u00bb1&Prime; admin_label=&nbsp;\u00bbSection portail destination principale &nbsp;\u00bb _builder_version=&nbsp;\u00bb4.23.1&Prime; _module_preset=&nbsp;\u00bb4f979c8b-7e3b-467c-bad0-215680b59d75&Prime; global_module=&nbsp;\u00bb15029&Prime; saved_tabs=&nbsp;\u00bball&nbsp;\u00bb global_colors_info=&nbsp;\u00bb{}&nbsp;\u00bb][et_pb_row admin_label=&nbsp;\u00bbLigne portail destination principale&nbsp;\u00bb _builder_version=&nbsp;\u00bb4.23.1&Prime; _module_preset=&nbsp;\u00bb41c12c4d-7bc5-4f12-8312-1fc128b5354a&nbsp;\u00bb global_colors_info=&nbsp;\u00bb{}&nbsp;\u00bb][et_pb_column type=&nbsp;\u00bb4_4&Prime; _builder_version=&nbsp;\u00bb4.23.1&Prime; _module_preset=&nbsp;\u00bbdefault&nbsp;\u00bb global_colors_info=&nbsp;\u00bb{}&nbsp;\u00bb][et_pb_text _builder_version=&nbsp;\u00bb4.23.1&Prime; _module_preset=&nbsp;\u00bb2470342e-7e35-4d59-9213-f9fa389c1726&Prime; global_colors_info=&nbsp;\u00bb{}&nbsp;\u00bb]<\/p>\n<p><span>Pour plus de renseignement sur Nagasaki, y trouver un h\u00f4tel, ou mieux conna\u00eetre la ville et ses alentours, rendez-vous sur le portail de Nagasaki<\/span><\/p>\n<p>[\/et_pb_text][et_pb_button button_url=&nbsp;\u00bbhttps:\/\/www.wonderful-japan.com\/fr\/nagasaki\/&nbsp;\u00bb button_text=&nbsp;\u00bbD\u00e9couvrir Nagasaki&nbsp;\u00bb _builder_version=&nbsp;\u00bb4.23.1&Prime; _module_preset=&nbsp;\u00bb507c36a4-5fb4-4cb9-9baa-b8ea6b658786&Prime; global_colors_info=&nbsp;\u00bb{}&nbsp;\u00bb][\/et_pb_button][\/et_pb_column][\/et_pb_row][\/et_pb_section][et_pb_section fb_built=&nbsp;\u00bb1&Prime; admin_label=&nbsp;\u00bbSection situation g\u00e9ographique&nbsp;\u00bb _builder_version=&nbsp;\u00bb4.23.1&Prime; _module_preset=&nbsp;\u00bb18457892-fe4f-412a-86a6-668e594d906e&nbsp;\u00bb global_colors_info=&nbsp;\u00bb{}&nbsp;\u00bb][et_pb_row admin_label=&nbsp;\u00bbLigne titre de section&nbsp;\u00bb _builder_version=&nbsp;\u00bb4.23.1&Prime; _module_preset=&nbsp;\u00bb3193221f-25cc-408e-ba81-03a3fdfd82e5&Prime; global_colors_info=&nbsp;\u00bb{}&nbsp;\u00bb][et_pb_column type=&nbsp;\u00bb4_4&Prime; _builder_version=&nbsp;\u00bb4.23.1&Prime; _module_preset=&nbsp;\u00bbdefault&nbsp;\u00bb global_colors_info=&nbsp;\u00bb{}&nbsp;\u00bb][et_pb_text admin_label=&nbsp;\u00bbTexte de titre de section&nbsp;\u00bb _builder_version=&nbsp;\u00bb4.23.1&Prime; _module_preset=&nbsp;\u00bb3c119313-f656-46e6-bea9-1dd8c3884b52&Prime; global_colors_info=&nbsp;\u00bb{}&nbsp;\u00bb]<\/p>\n<h2 class=\"av-special-heading-tag\">Situation G\u00e9ographique<\/h2>\n<p>[\/et_pb_text][\/et_pb_column][\/et_pb_row][et_pb_row column_structure=&nbsp;\u00bb3_5,2_5&Prime; admin_label=&nbsp;\u00bbLigne carte&nbsp;\u00bb _builder_version=&nbsp;\u00bb4.23.1&Prime; _module_preset=&nbsp;\u00bbc802843a-647e-4586-bb7b-4235e6134305&Prime; global_colors_info=&nbsp;\u00bb{}&nbsp;\u00bb][et_pb_column type=&nbsp;\u00bb3_5&Prime; _builder_version=&nbsp;\u00bb4.23.1&Prime; _module_preset=&nbsp;\u00bbdefault&nbsp;\u00bb global_colors_info=&nbsp;\u00bb{}&nbsp;\u00bb][et_pb_image src=&nbsp;\u00bbhttps:\/\/www.wonderful-japan.com\/fr\/wp-content\/uploads\/sites\/3\/2024\/06\/nagasaki_japan_map.png&nbsp;\u00bb title_text=&nbsp;\u00bbnagasaki_japan_map&nbsp;\u00bb admin_label=&nbsp;\u00bbImage carte du Japon&nbsp;\u00bb _builder_version=&nbsp;\u00bb4.23.1&Prime; _module_preset=&nbsp;\u00bbd13c2278-51e0-4396-a8a0-2991bd16e9d2&Prime; global_module=&nbsp;\u00bb15028&Prime; saved_tabs=&nbsp;\u00bball&nbsp;\u00bb global_colors_info=&nbsp;\u00bb{}&nbsp;\u00bb][\/et_pb_image][\/et_pb_column][et_pb_column type=&nbsp;\u00bb2_5&Prime; _builder_version=&nbsp;\u00bb4.23.1&Prime; _module_preset=&nbsp;\u00bbdefault&nbsp;\u00bb global_colors_info=&nbsp;\u00bb{}&nbsp;\u00bb][et_pb_text admin_label=&nbsp;\u00bbTexte&nbsp;\u00bb _builder_version=&nbsp;\u00bb4.23.1&Prime; _module_preset=&nbsp;\u00bba19acba3-dbbb-481d-986e-add89da8f4e4&Prime; global_colors_info=&nbsp;\u00bb{}&nbsp;\u00bb]<\/p>\n<p>\u00cele de<span>&nbsp;<\/span><strong>Kyushu<\/strong><\/p>\n<p>R\u00e9gion de&nbsp;<strong>Kyushu<\/strong><\/p>\n<p>Pr\u00e9fecture de&nbsp;<b>Nagasaki<\/b><\/p>\n<p>Ville de&nbsp;<b>Nagasaki<\/b><\/p>\n<p>[\/et_pb_text][\/et_pb_column][\/et_pb_row][\/et_pb_section]<\/p>\n","protected":false},"excerpt":{"rendered":"<p>Gunkanjima (Hashima) &nbsp; La petite \u00eele de Hashima, commun\u00e9ment surnomm\u00e9e Gunkanjima (\u00eele navire de guerre) en raison de sa silhouette, est le vestige d\u2019une \u00e9poque industrielle r\u00e9volue. Situ\u00e9e au large de Nagasaki, il y fut d\u00e9couvert au XIX\u00e8me si\u00e8cle un gisement houiller, minerais de charbon indispensable et pr\u00e9cieux en ce temps. Une mine y fut [&hellip;]<\/p>\n","protected":false},"author":1,"featured_media":0,"parent":0,"menu_order":0,"comment_status":"closed","ping_status":"closed","template":"","meta":{"_et_pb_use_builder":"on","_et_pb_old_content":"","_et_gb_content_width":"","footnotes":""},"categories":[],"tags":[],"folder":[],"class_list":["post-6738","page","type-page","status-publish","hentry"],"yoast_head":"<!-- This site is optimized with the Yoast SEO plugin v26.4 - https:\/\/yoast.com\/wordpress\/plugins\/seo\/ -->\n<title>Gunkanjima (Hashima) guide et d\u00e9couverte du Japon &#8211; Wonderful Japan<\/title>\n<meta name=\"robots\" content=\"index, follow, max-snippet:-1, max-image-preview:large, max-video-preview:-1\" \/>\n<link rel=\"canonical\" href=\"https:\/\/www.wonderful-japan.com\/fr\/gunkanjima-hashima\/\" \/>\n<meta property=\"og:locale\" content=\"fr_FR\" \/>\n<meta property=\"og:type\" content=\"article\" \/>\n<meta property=\"og:title\" content=\"Gunkanjima (Hashima) guide et d\u00e9couverte du Japon &#8211; Wonderful Japan\" \/>\n<meta property=\"og:description\" content=\"Gunkanjima (Hashima) &nbsp; La petite \u00eele de Hashima, commun\u00e9ment surnomm\u00e9e Gunkanjima (\u00eele navire de guerre) en raison de sa silhouette, est le vestige d\u2019une \u00e9poque industrielle r\u00e9volue. Situ\u00e9e au large de Nagasaki, il y fut d\u00e9couvert au XIX\u00e8me si\u00e8cle un gisement houiller, minerais de charbon indispensable et pr\u00e9cieux en ce temps. Une mine y fut [&hellip;]\" \/>\n<meta property=\"og:url\" content=\"https:\/\/www.wonderful-japan.com\/fr\/gunkanjima-hashima\/\" \/>\n<meta property=\"og:site_name\" content=\"Wonderful Japan\" \/>\n<meta property=\"article:publisher\" content=\"https:\/\/www.facebook.com\/Wonderful-Japan-493654644157867\/\" \/>\n<meta property=\"article:modified_time\" content=\"2024-06-16T15:10:43+00:00\" \/>\n<meta property=\"og:image\" content=\"https:\/\/sp-ao.shortpixel.ai\/client\/to_webp,q_lossy,ret_img,w_20,h_20\/https:\/\/www.wonderful-japan.com\/fr\/wp-content\/uploads\/sites\/3\/2016\/04\/tramway-icon.png\" \/>\n<meta name=\"twitter:card\" content=\"summary_large_image\" \/>\n<script type=\"application\/ld+json\" class=\"yoast-schema-graph\">{\"@context\":\"https:\/\/schema.org\",\"@graph\":[{\"@type\":\"WebPage\",\"@id\":\"https:\/\/www.wonderful-japan.com\/fr\/gunkanjima-hashima\/\",\"url\":\"https:\/\/www.wonderful-japan.com\/fr\/gunkanjima-hashima\/\",\"name\":\"Gunkanjima (Hashima) guide et d\u00e9couverte du Japon &#8211; Wonderful Japan\",\"isPartOf\":{\"@id\":\"http:\/\/www.wonderful-japan.com\/fr\/#website\"},\"primaryImageOfPage\":{\"@id\":\"https:\/\/www.wonderful-japan.com\/fr\/gunkanjima-hashima\/#primaryimage\"},\"image\":{\"@id\":\"https:\/\/www.wonderful-japan.com\/fr\/gunkanjima-hashima\/#primaryimage\"},\"thumbnailUrl\":\"https:\/\/sp-ao.shortpixel.ai\/client\/to_webp,q_lossy,ret_img,w_20,h_20\/https:\/\/www.wonderful-japan.com\/fr\/wp-content\/uploads\/sites\/3\/2016\/04\/tramway-icon.png\",\"datePublished\":\"2017-08-21T21:40:34+00:00\",\"dateModified\":\"2024-06-16T15:10:43+00:00\",\"breadcrumb\":{\"@id\":\"https:\/\/www.wonderful-japan.com\/fr\/gunkanjima-hashima\/#breadcrumb\"},\"inLanguage\":\"fr-FR\",\"potentialAction\":[{\"@type\":\"ReadAction\",\"target\":[\"https:\/\/www.wonderful-japan.com\/fr\/gunkanjima-hashima\/\"]}]},{\"@type\":\"ImageObject\",\"inLanguage\":\"fr-FR\",\"@id\":\"https:\/\/www.wonderful-japan.com\/fr\/gunkanjima-hashima\/#primaryimage\",\"url\":\"https:\/\/sp-ao.shortpixel.ai\/client\/to_webp,q_lossy,ret_img,w_20,h_20\/https:\/\/www.wonderful-japan.com\/fr\/wp-content\/uploads\/sites\/3\/2016\/04\/tramway-icon.png\",\"contentUrl\":\"https:\/\/sp-ao.shortpixel.ai\/client\/to_webp,q_lossy,ret_img,w_20,h_20\/https:\/\/www.wonderful-japan.com\/fr\/wp-content\/uploads\/sites\/3\/2016\/04\/tramway-icon.png\"},{\"@type\":\"BreadcrumbList\",\"@id\":\"https:\/\/www.wonderful-japan.com\/fr\/gunkanjima-hashima\/#breadcrumb\",\"itemListElement\":[{\"@type\":\"ListItem\",\"position\":1,\"name\":\"Home\",\"item\":\"http:\/\/www.wonderful-japan.com\/fr\/\"},{\"@type\":\"ListItem\",\"position\":2,\"name\":\"Gunkanjima (Hashima)\"}]},{\"@type\":\"WebSite\",\"@id\":\"http:\/\/www.wonderful-japan.com\/fr\/#website\",\"url\":\"http:\/\/www.wonderful-japan.com\/fr\/\",\"name\":\"Wonderful Japan\",\"description\":\"D\u00e9couvrez le Japon !\",\"potentialAction\":[{\"@type\":\"SearchAction\",\"target\":{\"@type\":\"EntryPoint\",\"urlTemplate\":\"http:\/\/www.wonderful-japan.com\/fr\/?s={search_term_string}\"},\"query-input\":{\"@type\":\"PropertyValueSpecification\",\"valueRequired\":true,\"valueName\":\"search_term_string\"}}],\"inLanguage\":\"fr-FR\"}]}<\/script>\n<!-- \/ Yoast SEO plugin. -->","yoast_head_json":{"title":"Gunkanjima (Hashima) guide et d\u00e9couverte du Japon &#8211; Wonderful Japan","robots":{"index":"index","follow":"follow","max-snippet":"max-snippet:-1","max-image-preview":"max-image-preview:large","max-video-preview":"max-video-preview:-1"},"canonical":"https:\/\/www.wonderful-japan.com\/fr\/gunkanjima-hashima\/","og_locale":"fr_FR","og_type":"article","og_title":"Gunkanjima (Hashima) guide et d\u00e9couverte du Japon &#8211; Wonderful Japan","og_description":"Gunkanjima (Hashima) &nbsp; La petite \u00eele de Hashima, commun\u00e9ment surnomm\u00e9e Gunkanjima (\u00eele navire de guerre) en raison de sa silhouette, est le vestige d\u2019une \u00e9poque industrielle r\u00e9volue. Situ\u00e9e au large de Nagasaki, il y fut d\u00e9couvert au XIX\u00e8me si\u00e8cle un gisement houiller, minerais de charbon indispensable et pr\u00e9cieux en ce temps. Une mine y fut [&hellip;]","og_url":"https:\/\/www.wonderful-japan.com\/fr\/gunkanjima-hashima\/","og_site_name":"Wonderful Japan","article_publisher":"https:\/\/www.facebook.com\/Wonderful-Japan-493654644157867\/","article_modified_time":"2024-06-16T15:10:43+00:00","og_image":[{"url":"https:\/\/sp-ao.shortpixel.ai\/client\/to_webp,q_lossy,ret_img,w_20,h_20\/https:\/\/www.wonderful-japan.com\/fr\/wp-content\/uploads\/sites\/3\/2016\/04\/tramway-icon.png","type":"","width":"","height":""}],"twitter_card":"summary_large_image","schema":{"@context":"https:\/\/schema.org","@graph":[{"@type":"WebPage","@id":"https:\/\/www.wonderful-japan.com\/fr\/gunkanjima-hashima\/","url":"https:\/\/www.wonderful-japan.com\/fr\/gunkanjima-hashima\/","name":"Gunkanjima (Hashima) guide et d\u00e9couverte du Japon &#8211; Wonderful Japan","isPartOf":{"@id":"http:\/\/www.wonderful-japan.com\/fr\/#website"},"primaryImageOfPage":{"@id":"https:\/\/www.wonderful-japan.com\/fr\/gunkanjima-hashima\/#primaryimage"},"image":{"@id":"https:\/\/www.wonderful-japan.com\/fr\/gunkanjima-hashima\/#primaryimage"},"thumbnailUrl":"https:\/\/sp-ao.shortpixel.ai\/client\/to_webp,q_lossy,ret_img,w_20,h_20\/https:\/\/www.wonderful-japan.com\/fr\/wp-content\/uploads\/sites\/3\/2016\/04\/tramway-icon.png","datePublished":"2017-08-21T21:40:34+00:00","dateModified":"2024-06-16T15:10:43+00:00","breadcrumb":{"@id":"https:\/\/www.wonderful-japan.com\/fr\/gunkanjima-hashima\/#breadcrumb"},"inLanguage":"fr-FR","potentialAction":[{"@type":"ReadAction","target":["https:\/\/www.wonderful-japan.com\/fr\/gunkanjima-hashima\/"]}]},{"@type":"ImageObject","inLanguage":"fr-FR","@id":"https:\/\/www.wonderful-japan.com\/fr\/gunkanjima-hashima\/#primaryimage","url":"https:\/\/sp-ao.shortpixel.ai\/client\/to_webp,q_lossy,ret_img,w_20,h_20\/https:\/\/www.wonderful-japan.com\/fr\/wp-content\/uploads\/sites\/3\/2016\/04\/tramway-icon.png","contentUrl":"https:\/\/sp-ao.shortpixel.ai\/client\/to_webp,q_lossy,ret_img,w_20,h_20\/https:\/\/www.wonderful-japan.com\/fr\/wp-content\/uploads\/sites\/3\/2016\/04\/tramway-icon.png"},{"@type":"BreadcrumbList","@id":"https:\/\/www.wonderful-japan.com\/fr\/gunkanjima-hashima\/#breadcrumb","itemListElement":[{"@type":"ListItem","position":1,"name":"Home","item":"http:\/\/www.wonderful-japan.com\/fr\/"},{"@type":"ListItem","position":2,"name":"Gunkanjima (Hashima)"}]},{"@type":"WebSite","@id":"http:\/\/www.wonderful-japan.com\/fr\/#website","url":"http:\/\/www.wonderful-japan.com\/fr\/","name":"Wonderful Japan","description":"D\u00e9couvrez le Japon !","potentialAction":[{"@type":"SearchAction","target":{"@type":"EntryPoint","urlTemplate":"http:\/\/www.wonderful-japan.com\/fr\/?s={search_term_string}"},"query-input":{"@type":"PropertyValueSpecification","valueRequired":true,"valueName":"search_term_string"}}],"inLanguage":"fr-FR"}]}},"_links":{"self":[{"href":"https:\/\/www.wonderful-japan.com\/fr\/wp-json\/wp\/v2\/pages\/6738","targetHints":{"allow":["GET"]}}],"collection":[{"href":"https:\/\/www.wonderful-japan.com\/fr\/wp-json\/wp\/v2\/pages"}],"about":[{"href":"https:\/\/www.wonderful-japan.com\/fr\/wp-json\/wp\/v2\/types\/page"}],"author":[{"embeddable":true,"href":"https:\/\/www.wonderful-japan.com\/fr\/wp-json\/wp\/v2\/users\/1"}],"replies":[{"embeddable":true,"href":"https:\/\/www.wonderful-japan.com\/fr\/wp-json\/wp\/v2\/comments?post=6738"}],"version-history":[{"count":2,"href":"https:\/\/www.wonderful-japan.com\/fr\/wp-json\/wp\/v2\/pages\/6738\/revisions"}],"predecessor-version":[{"id":15073,"href":"https:\/\/www.wonderful-japan.com\/fr\/wp-json\/wp\/v2\/pages\/6738\/revisions\/15073"}],"wp:attachment":[{"href":"https:\/\/www.wonderful-japan.com\/fr\/wp-json\/wp\/v2\/media?parent=6738"}],"wp:term":[{"taxonomy":"category","embeddable":true,"href":"https:\/\/www.wonderful-japan.com\/fr\/wp-json\/wp\/v2\/categories?post=6738"},{"taxonomy":"post_tag","embeddable":true,"href":"https:\/\/www.wonderful-japan.com\/fr\/wp-json\/wp\/v2\/tags?post=6738"},{"taxonomy":"folder","embeddable":true,"href":"https:\/\/www.wonderful-japan.com\/fr\/wp-json\/wp\/v2\/folder?post=6738"}],"curies":[{"name":"wp","href":"https:\/\/api.w.org\/{rel}","templated":true}]}}