{"id":7206,"date":"2017-11-05T14:08:04","date_gmt":"2017-11-05T13:08:04","guid":{"rendered":"https:\/\/www.wonderful-japan.com\/fr\/?page_id=7206"},"modified":"2024-06-05T11:30:18","modified_gmt":"2024-06-05T10:30:18","slug":"jlpt","status":"publish","type":"page","link":"https:\/\/www.wonderful-japan.com\/fr\/apprendre-le-japonais\/jlpt\/","title":{"rendered":"JLPT : Test d&rsquo;aptitude en Japonais"},"content":{"rendered":"<p>[et_pb_section fb_built=\u00a0\u00bb1&Prime; _builder_version=\u00a0\u00bb4.23.1&Prime; _module_preset=\u00a0\u00bb4cfcbcff-3e39-4069-9c61-43365753f724&Prime; background_image=\u00a0\u00bbhttps:\/\/www.wonderful-japan.com\/jp\/wp-content\/uploads\/sites\/9\/2024\/03\/pattern-101.jpg\u00a0\u00bb background_size=\u00a0\u00bbcontain\u00a0\u00bb background_repeat=\u00a0\u00bbrepeat-y\u00a0\u00bb custom_padding=\u00a0\u00bb0px||57px||false|false\u00a0\u00bb global_colors_info=\u00a0\u00bb%91%93&Prime; theme_builder_area=\u00a0\u00bbpost_content\u00a0\u00bb][et_pb_row _builder_version=\u00a0\u00bb4.23.1&Prime; _module_preset=\u00a0\u00bb766f6528-af78-4866-be96-4472601e5ae9&Prime; background_image=\u00a0\u00bbhttps:\/\/www.wonderful-japan.com\/fr\/wp-content\/uploads\/sites\/3\/2024\/06\/top02.jpg\u00a0\u00bb width=\u00a0\u00bb100%\u00a0\u00bb max_width=\u00a0\u00bb100%\u00a0\u00bb module_alignment=\u00a0\u00bbcenter\u00a0\u00bb min_height=\u00a0\u00bb60vh\u00a0\u00bb height=\u00a0\u00bb65vh\u00a0\u00bb max_height=\u00a0\u00bb65vh\u00a0\u00bb custom_margin=\u00a0\u00bb0px||0px||false|false\u00a0\u00bb global_colors_info=\u00a0\u00bb%91%93&Prime; theme_builder_area=\u00a0\u00bbpost_content\u00a0\u00bb][et_pb_column type=\u00a0\u00bb4_4&Prime; _builder_version=\u00a0\u00bb4.23.1&Prime; _module_preset=\u00a0\u00bbdefault\u00a0\u00bb global_colors_info=\u00a0\u00bb{}\u00a0\u00bb theme_builder_area=\u00a0\u00bbpost_content\u00a0\u00bb][\/et_pb_column][\/et_pb_row][et_pb_row _builder_version=\u00a0\u00bb4.23.1&Prime; _module_preset=\u00a0\u00bb6a4dda8e-8574-45fc-a286-2f81e7ce6f91&Prime; global_colors_info=\u00a0\u00bb%91%93&Prime; theme_builder_area=\u00a0\u00bbpost_content\u00a0\u00bb][et_pb_column type=\u00a0\u00bb4_4&Prime; _builder_version=\u00a0\u00bb4.23.1&Prime; _module_preset=\u00a0\u00bb3624c747-c172-45c2-9161-ba872a8b4e4d\u00a0\u00bb global_colors_info=\u00a0\u00bb{}\u00a0\u00bb theme_builder_area=\u00a0\u00bbpost_content\u00a0\u00bb][et_pb_text _builder_version=\u00a0\u00bb4.23.1&Prime; _module_preset=\u00a0\u00bb46d1c2fa-cadc-4829-99ae-813efa0c7f2a\u00a0\u00bb text_font=\u00a0\u00bbPoppins||||||||\u00a0\u00bb text_text_color=\u00a0\u00bb#646462&Prime; text_font_size=\u00a0\u00bb17px\u00a0\u00bb text_letter_spacing=\u00a0\u00bb1px\u00a0\u00bb text_line_height=\u00a0\u00bb1.75em\u00a0\u00bb link_text_color=\u00a0\u00bb#c5a86e\u00a0\u00bb header_font=\u00a0\u00bbPoppins|300||on|||||\u00a0\u00bb header_text_align=\u00a0\u00bbcenter\u00a0\u00bb header_text_color=\u00a0\u00bb#000000&Prime; header_font_size=\u00a0\u00bb35px\u00a0\u00bb header_letter_spacing=\u00a0\u00bb3px\u00a0\u00bb global_colors_info=\u00a0\u00bb%91%93&Prime; theme_builder_area=\u00a0\u00bbpost_content\u00a0\u00bb]<\/p>\n<h1 style=\"text-align: center;\">JLPT : test d&rsquo;aptitude en japonais<\/h1>\n<p>&nbsp;<\/p>\n<div class=\"flex_column av-bmhey8i-e1db4fc60fcf6c0e4bcaa912165f4077 av_one_full  avia-builder-el-4  el_after_av_hr  el_before_av_image  first flex_column_div av-zero-column-padding  \">\n<section class=\"av_textblock_section av-lqdsvyet-44bf5c4e7cca7da81b29a61a2bcd05cf \" itemscope=\"itemscope\" itemtype=\"https:\/\/schema.org\/BlogPosting\" itemprop=\"blogPost\">\n<div class=\"avia_textblock\" itemprop=\"text\">\n<div class=\"flex_column av-ck04b1o-454c7a7bfd64c79a9c12e74f90113167 av_one_full  avia-builder-el-5  el_after_av_hr  el_before_av_hr  first flex_column_div av-zero-column-padding  \">\n<section class=\"av_textblock_section av-lq2qfjyt-0a09a0601da01bc7509d357d764a4152 \" itemscope=\"itemscope\" itemtype=\"https:\/\/schema.org\/BlogPosting\" itemprop=\"blogPost\">\n<div class=\"avia_textblock\" itemprop=\"text\">\n<div class=\"flex_column av-ctlk0kp-e696ec738914306b14e37fbd45a23173 av_one_full  avia-builder-el-5  el_after_av_hr  el_before_av_hr  first flex_column_div av-zero-column-padding  \">\n<section class=\"av_textblock_section av-lt36rtg3-3262e58055a072bda5cacdfb78e4a7c9 \" itemscope=\"itemscope\" itemtype=\"https:\/\/schema.org\/BlogPosting\" itemprop=\"blogPost\">\n<div class=\"avia_textblock\" itemprop=\"text\">\n<section class=\"av_textblock_section av-ydhdjz-f09de91ac8e2ac32e9c8b3722d510599 \" itemscope=\"itemscope\" itemtype=\"https:\/\/schema.org\/CreativeWork\">\n<div class=\"avia_textblock\" itemprop=\"text\">\n<section class=\"av_textblock_section av-1xdevyc-8f15e4a70777356ed03fa68b6f750104 \" itemscope=\"itemscope\" itemtype=\"https:\/\/schema.org\/CreativeWork\">\n<div class=\"avia_textblock\" itemprop=\"text\">\n<div class=\"av-special-heading av-a68yc6-867cfb0cd3ca173300eb3ee135031a30 av-special-heading-h3  avia-builder-el-5  el_before_av_textblock  avia-builder-el-first \">\n<h2 class=\"av-special-heading-tag\" itemprop=\"headline\">Qu\u2019est-ce que le JLPT ?<\/h2>\n<div class=\"special-heading-border\">\n<div class=\"special-heading-inner-border\"><\/div>\n<\/div>\n<\/div>\n<section class=\"av_textblock_section av-18ycm3q-90cce1a920f2af8e1fae09b9b0e8fb81 \" itemscope=\"itemscope\" itemtype=\"https:\/\/schema.org\/CreativeWork\">\n<div class=\"avia_textblock\" itemprop=\"text\">\n<p>Le<span>\u00a0<\/span><strong>JLPT<\/strong><span>\u00a0<\/span>est un<span>\u00a0<\/span><strong>test d\u2019aptitude en japonais<\/strong>, un examen international visant \u00e0\u00a0mesurer et certifier de mani\u00e8re officielle la comp\u00e9tence en langue japonaise de ceux dont la langue maternelle n\u2019est pas le japonais. Le JLPT (pour\u00a0Japanese-Language Proficiency Test) est ainsi en quelque sorte l\u2019\u00e9quivalent japonais de ce qu\u2019est le TOEIC pour l\u2019anglais. Organis\u00e9 conjointement par la \u201cJapan Foundation\u201d et le \u201cJapan Educational Exchanges and Services\u201d, le JLPT se d\u00e9coupe en 5 niveaux et permet aux ressortissants \u00e9trangers de pouvoir d\u00e9crocher plus facilement un contrat d\u2019embauche au Japon mais aussi de pouvoir \u00eatre accept\u00e9 dans certaines \u00e9coles et universit\u00e9s japonaise. Ainsi, depuis sa cr\u00e9ation en 1984 l\u2019examen du JLPT rencontre un certains succ\u00e8s et compte plus de 600 000 candidats chaque ann\u00e9e \u00e0 travers le monde.<\/p>\n<p>&nbsp;<\/p>\n<\/div>\n<\/section>\n<div class=\"av-special-heading av-8t7wo6-ba75a575e93a67c5d7e236007a6cf83b av-special-heading-h3  avia-builder-el-7  el_after_av_textblock  el_before_av_textblock \">\n<h2 class=\"av-special-heading-tag\" itemprop=\"headline\">Les diff\u00e9rents niveaux du JLPT<\/h2>\n<div class=\"special-heading-border\">\n<div class=\"special-heading-inner-border\"><\/div>\n<\/div>\n<\/div>\n<section class=\"av_textblock_section av-46noh2-b07eae9eaab1ae45ecd977db5f90b5b9 \" itemscope=\"itemscope\" itemtype=\"https:\/\/schema.org\/CreativeWork\">\n<div class=\"avia_textblock\" itemprop=\"text\">\n<p>L\u2019examen du JLPT se d\u00e9compose en 5 niveaux allant du niveau 5, le plus facile, au niveau 1, le plus difficile :<\/p>\n<ul>\n<li><strong>niveau N5<\/strong><span>\u00a0<\/span>(d\u00e9butant)<\/li>\n<li><strong>niveau N4<\/strong><span>\u00a0<\/span>(d\u00e9butant avanc\u00e9)<\/li>\n<li><strong>niveau N3<\/strong><span>\u00a0<\/span>(interm\u00e9diaire)<\/li>\n<li><strong>niveau N2<\/strong><span>\u00a0<\/span>(avanc\u00e9)<\/li>\n<li><strong>niveau N1<\/strong><span>\u00a0<\/span>(courant)<\/li>\n<\/ul>\n<p>Lors de l\u2019inscription, le candidat est libre de choisir le niveau qu\u2019il souhaite passer, cependant il ne peut passer qu\u2019un seul niveau par session.<\/p>\n<p>&nbsp;<\/p>\n<\/div>\n<\/section>\n<div class=\"av-special-heading av-76ukiu-1f94f6cbe85aad5659a90da042777c4a av-special-heading-h3  avia-builder-el-9  el_after_av_textblock  el_before_av_textblock \">\n<h2 class=\"av-special-heading-tag\" itemprop=\"headline\">Les sessions<\/h2>\n<div class=\"special-heading-border\">\n<div class=\"special-heading-inner-border\"><\/div>\n<\/div>\n<\/div>\n<section class=\"av_textblock_section av-12s87qe-04c556ca02b47c16cd75e0e485f2ea3c \" itemscope=\"itemscope\" itemtype=\"https:\/\/schema.org\/CreativeWork\">\n<div class=\"avia_textblock\" itemprop=\"text\">\n<p>Selon les pays, il n\u2019y a qu\u2019une ou deux sessions par an pour passer l\u2019examen<\/p>\n<p>En France il n\u2019y a qu\u2019une seule session annuelle, celle du premier dimanche de d\u00e9cembre, o\u00f9 sont disponible\u00a04 lieux d\u2019examen :<\/p>\n<ul>\n<li><strong>Paris<\/strong><br \/>Maison des examens d\u2019Arcueil (organis\u00e9 par l\u2019INALCO)<br \/>\u2013<span>\u00a0<\/span><a href=\"http:\/\/www.inalco.fr\/formations\/formation-continue\/tests-langue\/jlpt-japanese-language-proficiency-test\">Inscription<\/a><\/li>\n<li><strong>Lyon<\/strong><br \/>INSA de Lyon (organis\u00e9 par l\u2019association Lyon-Japon)<br \/>\u2013<span>\u00a0<\/span><a href=\"http:\/\/lyon-japon.net\/jlpt\/\">Inscription<\/a><\/li>\n<li><strong>Strasbourg<\/strong><br \/>Institut Le Bel, Universit\u00e9 de Strasbourg (organis\u00e9 par le CEEJA)<br \/>\u2013<span>\u00a0<\/span><a href=\"http:\/\/www.jlpt-strasbourg.com\/informations-geacuteneacuterales.html\">Inscription<\/a><\/li>\n<li><strong>Bordeaux<\/strong><br \/>Universit\u00e9 Bordeaux Montaigne<br \/>\u2013<span>\u00a0<\/span><a href=\"http:\/\/www.u-bordeaux-montaigne.fr\/fr\/formations\/offre-de-formation-2016-2020\/test-de-langue-international-TLI\/langues-etrangeres-appliquees-commerce-international-LEA.11\/jlpt-test-d-aptitude-en-japonais-program-jlpt-test-d-aptitude-en-japonais.html\">Inscription<\/a><\/li>\n<\/ul>\n<p>En Suisse aussi, seule la session du\u00a0premier dimanche de d\u00e9cembre \u00e0 lieue \u00e0 :<\/p>\n<ul>\n<li><strong>Zurich<\/strong><br \/>Universit\u00e9 de Zurich<br \/>\u2013<span>\u00a0<\/span><a href=\"https:\/\/www.aoi.uzh.ch\/de\/japanologie\/fremdsprache\/jlpt.html\">Inscription<\/a><\/li>\n<\/ul>\n<p>Au Japon en revanche, deux sessions annuelles sont disponibles : le premier dimanche de juillet et le premier dimanche de d\u00e9cembre. Pour en savoir plus sur les centres d\u2019examen au Japon, consultez le<span>\u00a0<\/span><a href=\"http:\/\/www.jlpt.jp\/e\/\">site officiel du JLPT<\/a>.<\/p>\n<\/div>\n<\/section>\n<\/div>\n<\/section>\n<\/div>\n<\/section>\n<\/div>\n<\/section>\n<\/div>\n<\/div>\n<\/section>\n<\/div>\n<\/div>\n<\/section>\n<\/div>\n<p>[\/et_pb_text][\/et_pb_column][\/et_pb_row][\/et_pb_section]<\/p>\n","protected":false},"excerpt":{"rendered":"<p>JLPT : test d&rsquo;aptitude en japonais &nbsp; Qu\u2019est-ce que le JLPT ? Le\u00a0JLPT\u00a0est un\u00a0test d\u2019aptitude en japonais, un examen international visant \u00e0\u00a0mesurer et certifier de mani\u00e8re officielle la comp\u00e9tence en langue japonaise de ceux dont la langue maternelle n\u2019est pas le japonais. Le JLPT (pour\u00a0Japanese-Language Proficiency Test) est ainsi en quelque sorte l\u2019\u00e9quivalent japonais de [&hellip;]<\/p>\n","protected":false},"author":1,"featured_media":0,"parent":4133,"menu_order":0,"comment_status":"closed","ping_status":"closed","template":"","meta":{"_et_pb_use_builder":"on","_et_pb_old_content":"","_et_gb_content_width":"","footnotes":""},"categories":[],"tags":[],"folder":[105],"class_list":["post-7206","page","type-page","status-publish","hentry"],"yoast_head":"<!-- This site is optimized with the Yoast SEO plugin v26.4 - https:\/\/yoast.com\/wordpress\/plugins\/seo\/ -->\n<title>JLPT : Test d&#039;aptitude en Japonais &#8211; Wonderful Japan<\/title>\n<meta name=\"robots\" content=\"index, follow, max-snippet:-1, max-image-preview:large, max-video-preview:-1\" \/>\n<link rel=\"canonical\" href=\"https:\/\/www.wonderful-japan.com\/fr\/apprendre-le-japonais\/jlpt\/\" \/>\n<meta property=\"og:locale\" content=\"fr_FR\" \/>\n<meta property=\"og:type\" content=\"article\" \/>\n<meta property=\"og:title\" content=\"JLPT : Test d&#039;aptitude en Japonais &#8211; Wonderful Japan\" \/>\n<meta property=\"og:description\" content=\"JLPT : test d&#039;aptitude en japonais &nbsp; Qu\u2019est-ce que le JLPT ? Le\u00a0JLPT\u00a0est un\u00a0test d\u2019aptitude en japonais, un examen international visant \u00e0\u00a0mesurer et certifier de mani\u00e8re officielle la comp\u00e9tence en langue japonaise de ceux dont la langue maternelle n\u2019est pas le japonais. Le JLPT (pour\u00a0Japanese-Language Proficiency Test) est ainsi en quelque sorte l\u2019\u00e9quivalent japonais de [&hellip;]\" \/>\n<meta property=\"og:url\" content=\"https:\/\/www.wonderful-japan.com\/fr\/apprendre-le-japonais\/jlpt\/\" \/>\n<meta property=\"og:site_name\" content=\"Wonderful Japan\" \/>\n<meta property=\"article:publisher\" content=\"https:\/\/www.facebook.com\/Wonderful-Japan-493654644157867\/\" \/>\n<meta property=\"article:modified_time\" content=\"2024-06-05T10:30:18+00:00\" \/>\n<meta name=\"twitter:card\" content=\"summary_large_image\" \/>\n<meta name=\"twitter:label1\" content=\"Dur\u00e9e de lecture estim\u00e9e\" \/>\n\t<meta name=\"twitter:data1\" content=\"2 minutes\" \/>\n<script type=\"application\/ld+json\" class=\"yoast-schema-graph\">{\"@context\":\"https:\/\/schema.org\",\"@graph\":[{\"@type\":\"WebPage\",\"@id\":\"https:\/\/www.wonderful-japan.com\/fr\/apprendre-le-japonais\/jlpt\/\",\"url\":\"https:\/\/www.wonderful-japan.com\/fr\/apprendre-le-japonais\/jlpt\/\",\"name\":\"JLPT : Test d'aptitude en Japonais &#8211; Wonderful Japan\",\"isPartOf\":{\"@id\":\"http:\/\/www.wonderful-japan.com\/fr\/#website\"},\"datePublished\":\"2017-11-05T13:08:04+00:00\",\"dateModified\":\"2024-06-05T10:30:18+00:00\",\"breadcrumb\":{\"@id\":\"https:\/\/www.wonderful-japan.com\/fr\/apprendre-le-japonais\/jlpt\/#breadcrumb\"},\"inLanguage\":\"fr-FR\",\"potentialAction\":[{\"@type\":\"ReadAction\",\"target\":[\"https:\/\/www.wonderful-japan.com\/fr\/apprendre-le-japonais\/jlpt\/\"]}]},{\"@type\":\"BreadcrumbList\",\"@id\":\"https:\/\/www.wonderful-japan.com\/fr\/apprendre-le-japonais\/jlpt\/#breadcrumb\",\"itemListElement\":[{\"@type\":\"ListItem\",\"position\":1,\"name\":\"Home\",\"item\":\"http:\/\/www.wonderful-japan.com\/fr\/\"},{\"@type\":\"ListItem\",\"position\":2,\"name\":\"Apprendre le japonais : cours, m\u00e9thodes et astuces\",\"item\":\"https:\/\/www.wonderful-japan.com\/fr\/apprendre-le-japonais\/\"},{\"@type\":\"ListItem\",\"position\":3,\"name\":\"JLPT : Test d&rsquo;aptitude en Japonais\"}]},{\"@type\":\"WebSite\",\"@id\":\"http:\/\/www.wonderful-japan.com\/fr\/#website\",\"url\":\"http:\/\/www.wonderful-japan.com\/fr\/\",\"name\":\"Wonderful Japan\",\"description\":\"D\u00e9couvrez le Japon !\",\"potentialAction\":[{\"@type\":\"SearchAction\",\"target\":{\"@type\":\"EntryPoint\",\"urlTemplate\":\"http:\/\/www.wonderful-japan.com\/fr\/?s={search_term_string}\"},\"query-input\":{\"@type\":\"PropertyValueSpecification\",\"valueRequired\":true,\"valueName\":\"search_term_string\"}}],\"inLanguage\":\"fr-FR\"}]}<\/script>\n<!-- \/ Yoast SEO plugin. -->","yoast_head_json":{"title":"JLPT : Test d'aptitude en Japonais &#8211; Wonderful Japan","robots":{"index":"index","follow":"follow","max-snippet":"max-snippet:-1","max-image-preview":"max-image-preview:large","max-video-preview":"max-video-preview:-1"},"canonical":"https:\/\/www.wonderful-japan.com\/fr\/apprendre-le-japonais\/jlpt\/","og_locale":"fr_FR","og_type":"article","og_title":"JLPT : Test d'aptitude en Japonais &#8211; Wonderful Japan","og_description":"JLPT : test d'aptitude en japonais &nbsp; Qu\u2019est-ce que le JLPT ? Le\u00a0JLPT\u00a0est un\u00a0test d\u2019aptitude en japonais, un examen international visant \u00e0\u00a0mesurer et certifier de mani\u00e8re officielle la comp\u00e9tence en langue japonaise de ceux dont la langue maternelle n\u2019est pas le japonais. Le JLPT (pour\u00a0Japanese-Language Proficiency Test) est ainsi en quelque sorte l\u2019\u00e9quivalent japonais de [&hellip;]","og_url":"https:\/\/www.wonderful-japan.com\/fr\/apprendre-le-japonais\/jlpt\/","og_site_name":"Wonderful Japan","article_publisher":"https:\/\/www.facebook.com\/Wonderful-Japan-493654644157867\/","article_modified_time":"2024-06-05T10:30:18+00:00","twitter_card":"summary_large_image","twitter_misc":{"Dur\u00e9e de lecture estim\u00e9e":"2 minutes"},"schema":{"@context":"https:\/\/schema.org","@graph":[{"@type":"WebPage","@id":"https:\/\/www.wonderful-japan.com\/fr\/apprendre-le-japonais\/jlpt\/","url":"https:\/\/www.wonderful-japan.com\/fr\/apprendre-le-japonais\/jlpt\/","name":"JLPT : Test d'aptitude en Japonais &#8211; Wonderful Japan","isPartOf":{"@id":"http:\/\/www.wonderful-japan.com\/fr\/#website"},"datePublished":"2017-11-05T13:08:04+00:00","dateModified":"2024-06-05T10:30:18+00:00","breadcrumb":{"@id":"https:\/\/www.wonderful-japan.com\/fr\/apprendre-le-japonais\/jlpt\/#breadcrumb"},"inLanguage":"fr-FR","potentialAction":[{"@type":"ReadAction","target":["https:\/\/www.wonderful-japan.com\/fr\/apprendre-le-japonais\/jlpt\/"]}]},{"@type":"BreadcrumbList","@id":"https:\/\/www.wonderful-japan.com\/fr\/apprendre-le-japonais\/jlpt\/#breadcrumb","itemListElement":[{"@type":"ListItem","position":1,"name":"Home","item":"http:\/\/www.wonderful-japan.com\/fr\/"},{"@type":"ListItem","position":2,"name":"Apprendre le japonais : cours, m\u00e9thodes et astuces","item":"https:\/\/www.wonderful-japan.com\/fr\/apprendre-le-japonais\/"},{"@type":"ListItem","position":3,"name":"JLPT : Test d&rsquo;aptitude en Japonais"}]},{"@type":"WebSite","@id":"http:\/\/www.wonderful-japan.com\/fr\/#website","url":"http:\/\/www.wonderful-japan.com\/fr\/","name":"Wonderful Japan","description":"D\u00e9couvrez le Japon !","potentialAction":[{"@type":"SearchAction","target":{"@type":"EntryPoint","urlTemplate":"http:\/\/www.wonderful-japan.com\/fr\/?s={search_term_string}"},"query-input":{"@type":"PropertyValueSpecification","valueRequired":true,"valueName":"search_term_string"}}],"inLanguage":"fr-FR"}]}},"_links":{"self":[{"href":"https:\/\/www.wonderful-japan.com\/fr\/wp-json\/wp\/v2\/pages\/7206","targetHints":{"allow":["GET"]}}],"collection":[{"href":"https:\/\/www.wonderful-japan.com\/fr\/wp-json\/wp\/v2\/pages"}],"about":[{"href":"https:\/\/www.wonderful-japan.com\/fr\/wp-json\/wp\/v2\/types\/page"}],"author":[{"embeddable":true,"href":"https:\/\/www.wonderful-japan.com\/fr\/wp-json\/wp\/v2\/users\/1"}],"replies":[{"embeddable":true,"href":"https:\/\/www.wonderful-japan.com\/fr\/wp-json\/wp\/v2\/comments?post=7206"}],"version-history":[{"count":1,"href":"https:\/\/www.wonderful-japan.com\/fr\/wp-json\/wp\/v2\/pages\/7206\/revisions"}],"predecessor-version":[{"id":14105,"href":"https:\/\/www.wonderful-japan.com\/fr\/wp-json\/wp\/v2\/pages\/7206\/revisions\/14105"}],"up":[{"embeddable":true,"href":"https:\/\/www.wonderful-japan.com\/fr\/wp-json\/wp\/v2\/pages\/4133"}],"wp:attachment":[{"href":"https:\/\/www.wonderful-japan.com\/fr\/wp-json\/wp\/v2\/media?parent=7206"}],"wp:term":[{"taxonomy":"category","embeddable":true,"href":"https:\/\/www.wonderful-japan.com\/fr\/wp-json\/wp\/v2\/categories?post=7206"},{"taxonomy":"post_tag","embeddable":true,"href":"https:\/\/www.wonderful-japan.com\/fr\/wp-json\/wp\/v2\/tags?post=7206"},{"taxonomy":"folder","embeddable":true,"href":"https:\/\/www.wonderful-japan.com\/fr\/wp-json\/wp\/v2\/folder?post=7206"}],"curies":[{"name":"wp","href":"https:\/\/api.w.org\/{rel}","templated":true}]}}