{"id":815,"date":"2016-03-05T21:35:29","date_gmt":"2016-03-05T20:35:29","guid":{"rendered":"http:\/\/www.wonderful-japan.com\/fr\/?page_id=815"},"modified":"2024-06-10T16:59:25","modified_gmt":"2024-06-10T15:59:25","slug":"kibune","status":"publish","type":"page","link":"https:\/\/www.wonderful-japan.com\/fr\/kibune\/","title":{"rendered":"Kibune"},"content":{"rendered":"<p>[et_pb_section fb_built=&nbsp;\u00bb1&Prime; admin_label=&nbsp;\u00bbSection ent\u00eate destination&nbsp;\u00bb _builder_version=&nbsp;\u00bb4.23.1&Prime; _module_preset=&nbsp;\u00bb3bfe1c2c-0c38-4483-998d-b07c878bfcd3&Prime; global_colors_info=&nbsp;\u00bb{}&nbsp;\u00bb][et_pb_row admin_label=&nbsp;\u00bbLigne image d&rsquo;ent\u00eate&nbsp;\u00bb _builder_version=&nbsp;\u00bb4.23.1&Prime; _module_preset=&nbsp;\u00bb62c3ebfb-4e96-48fa-8a29-4def1cf23bdc&nbsp;\u00bb background_image=&nbsp;\u00bbhttps:\/\/www.wonderful-japan.com\/fr\/wp-content\/uploads\/sites\/3\/2024\/06\/kyoto0047.jpg&nbsp;\u00bb background_enable_image=&nbsp;\u00bbon&nbsp;\u00bb hover_enabled=&nbsp;\u00bb0&Prime; global_colors_info=&nbsp;\u00bb{}&nbsp;\u00bb title_text=&nbsp;\u00bbkyoto0046&Prime; sticky_enabled=&nbsp;\u00bb0&Prime;][et_pb_column type=&nbsp;\u00bb4_4&Prime; _builder_version=&nbsp;\u00bb4.23.1&Prime; _module_preset=&nbsp;\u00bbdefault&nbsp;\u00bb global_colors_info=&nbsp;\u00bb{}&nbsp;\u00bb][\/et_pb_column][\/et_pb_row][et_pb_row admin_label=&nbsp;\u00bbLigne texte de pr\u00e9sentation&nbsp;\u00bb _builder_version=&nbsp;\u00bb4.23.1&Prime; _module_preset=&nbsp;\u00bbc802843a-647e-4586-bb7b-4235e6134305&Prime; global_colors_info=&nbsp;\u00bb{}&nbsp;\u00bb][et_pb_column type=&nbsp;\u00bb4_4&Prime; _builder_version=&nbsp;\u00bb4.23.1&Prime; _module_preset=&nbsp;\u00bbdefault&nbsp;\u00bb global_colors_info=&nbsp;\u00bb{}&nbsp;\u00bb][et_pb_text admin_label=&nbsp;\u00bbTexte de pr\u00e9sentation&nbsp;\u00bb _builder_version=&nbsp;\u00bb4.23.1&Prime; _module_preset=&nbsp;\u00bb8fb1919c-8169-46b5-91fa-da9627c904a6&Prime; hover_enabled=&nbsp;\u00bb0&Prime; global_colors_info=&nbsp;\u00bb{}&nbsp;\u00bb sticky_enabled=&nbsp;\u00bb0&Prime;]<\/p>\n<h1 style=\"text-align: center;\"><strong>Kibune<\/strong><\/h1>\n<p>&nbsp;<\/p>\n<div class=\"flex_column av-bmhey8i-e1db4fc60fcf6c0e4bcaa912165f4077 av_one_full  avia-builder-el-4  el_after_av_hr  el_before_av_image  first flex_column_div av-zero-column-padding  \">\n<section class=\"av_textblock_section av-lqdsvyet-44bf5c4e7cca7da81b29a61a2bcd05cf \" itemscope=\"itemscope\" itemtype=\"https:\/\/schema.org\/BlogPosting\" itemprop=\"blogPost\">\n<div class=\"avia_textblock\" itemprop=\"text\">\n<p><span>Kibune est un petit village au nord de Kyoto. Retir\u00e9 dans la proche campagne japonaise, il est r\u00e9put\u00e9 et appr\u00e9ci\u00e9 pour ses kawadoko, ses terrasses d\u2019\u00e9t\u00e9 en bois, b\u00e2ties au-dessus m\u00eame de la rivi\u00e8re, et sur lesquelles ont peu y d\u00e9jeuner durant la journ\u00e9e ou y d\u00eener le soir. Au menu, repas traditionnel japonais bien-s\u00fbr, et une exp\u00e9rience relaxante, garantissant un moment de fra\u00eecheur pour les chaudes p\u00e9riodes d\u2019\u00e9t\u00e9.<\/span><\/p>\n<\/div>\n<\/section>\n<\/div>\n<p>[\/et_pb_text][\/et_pb_column][\/et_pb_row][\/et_pb_section][et_pb_section fb_built=&nbsp;\u00bb1&Prime; admin_label=&nbsp;\u00bbSection informations pratiques&nbsp;\u00bb _builder_version=&nbsp;\u00bb4.23.1&Prime; _module_preset=&nbsp;\u00bb3e8ab20a-fc87-42b8-9614-2111f43bcabc&nbsp;\u00bb global_colors_info=&nbsp;\u00bb{}&nbsp;\u00bb][et_pb_row admin_label=&nbsp;\u00bbLigne grande image de section&nbsp;\u00bb _builder_version=&nbsp;\u00bb4.23.1&Prime; _module_preset=&nbsp;\u00bbb52b5b02-1a81-4f2a-a2ca-bc3b216ac5e9&Prime; background_image=&nbsp;\u00bbhttps:\/\/www.wonderful-japan.com\/fr\/wp-content\/uploads\/sites\/3\/2024\/06\/kyoto0005.jpg&nbsp;\u00bb background_enable_image=&nbsp;\u00bbon&nbsp;\u00bb hover_enabled=&nbsp;\u00bb0&Prime; global_colors_info=&nbsp;\u00bb{}&nbsp;\u00bb background__hover_enabled=&nbsp;\u00bboff|desktop&nbsp;\u00bb title_text=&nbsp;\u00bbkyoto0005&Prime; sticky_enabled=&nbsp;\u00bb0&Prime;][et_pb_column type=&nbsp;\u00bb4_4&Prime; _builder_version=&nbsp;\u00bb4.23.1&Prime; _module_preset=&nbsp;\u00bbdefault&nbsp;\u00bb global_colors_info=&nbsp;\u00bb{}&nbsp;\u00bb][\/et_pb_column][\/et_pb_row][et_pb_row admin_label=&nbsp;\u00bbLigne titre de section&nbsp;\u00bb _builder_version=&nbsp;\u00bb4.23.1&Prime; _module_preset=&nbsp;\u00bb3193221f-25cc-408e-ba81-03a3fdfd82e5&Prime; global_colors_info=&nbsp;\u00bb{}&nbsp;\u00bb][et_pb_column type=&nbsp;\u00bb4_4&Prime; _builder_version=&nbsp;\u00bb4.23.1&Prime; _module_preset=&nbsp;\u00bbdefault&nbsp;\u00bb global_colors_info=&nbsp;\u00bb{}&nbsp;\u00bb][et_pb_text admin_label=&nbsp;\u00bbTexte titre de section&nbsp;\u00bb _builder_version=&nbsp;\u00bb4.23.1&Prime; _module_preset=&nbsp;\u00bb3c119313-f656-46e6-bea9-1dd8c3884b52&Prime; global_colors_info=&nbsp;\u00bb{}&nbsp;\u00bb]<\/p>\n<h2 class=\"av-special-heading-tag\">Informations pratiques<\/h2>\n<p>[\/et_pb_text][\/et_pb_column][\/et_pb_row][et_pb_row column_structure=&nbsp;\u00bb1_2,1_2&Prime; admin_label=&nbsp;\u00bbLigne texte&nbsp;\u00bb _builder_version=&nbsp;\u00bb4.23.1&Prime; _module_preset=&nbsp;\u00bbc802843a-647e-4586-bb7b-4235e6134305&Prime; hover_enabled=&nbsp;\u00bb0&Prime; global_colors_info=&nbsp;\u00bb{}&nbsp;\u00bb sticky_enabled=&nbsp;\u00bb0&Prime;][et_pb_column type=&nbsp;\u00bb1_2&Prime; _builder_version=&nbsp;\u00bb4.23.1&Prime; _module_preset=&nbsp;\u00bbdefault&nbsp;\u00bb global_colors_info=&nbsp;\u00bb{}&nbsp;\u00bb][et_pb_text _builder_version=&nbsp;\u00bb4.23.1&Prime; _module_preset=&nbsp;\u00bb0ca1744d-573e-49c8-a8c1-b7fd763b2e6e&nbsp;\u00bb hover_enabled=&nbsp;\u00bb0&Prime; global_colors_info=&nbsp;\u00bb{}&nbsp;\u00bb sticky_enabled=&nbsp;\u00bb0&Prime;]<\/p>\n<h3 class=\"av-special-heading-tag\">Acc\u00e8s<\/h3>\n<p><span>Depuis la gare de Kyoto<\/span><\/p>\n<p><span>\u21d2 Prendre la ligne de train JR Nara Line jusqu\u2019\u00e0 la prochaine station Tofukuji, puis prendre la ligne Keihan Line jusqu\u2019\u00e0 la station Demachiyanagi (6\u00e8me arr\u00eat). Ensuite prendre la ligne Eizan Line en faisant attention de bien prendre la rame en direction de Kurama (elle se transformera quelques stations plus tard en Kurama Line), et descendre \u00e0 la station Kibuneguchi (13\u00e8me arr\u00eat). Enfin, prendre le bus ou remonter la route \u00e0 pied qui m\u00e8ne \u00e0 Kibune. A partir d\u2019environ 1km, des \u00e9tablissements proposant leurs terrasses kawadoko se succ\u00e8dent diss\u00e9min\u00e9es le long de la route.<\/span><\/p>\n<p>[\/et_pb_text][\/et_pb_column][et_pb_column type=&nbsp;\u00bb1_2&Prime; _builder_version=&nbsp;\u00bb4.23.1&Prime; _module_preset=&nbsp;\u00bbdefault&nbsp;\u00bb global_colors_info=&nbsp;\u00bb{}&nbsp;\u00bb][et_pb_text _builder_version=&nbsp;\u00bb4.23.1&Prime; _module_preset=&nbsp;\u00bb0ca1744d-573e-49c8-a8c1-b7fd763b2e6e&nbsp;\u00bb global_colors_info=&nbsp;\u00bb{}&nbsp;\u00bb]<\/p>\n<h3 class=\"av-special-heading-tag\">Kibuneguchi&nbsp;Station<\/h3>\n<ul>\n<li><img decoding=\"async\" class=\"alignnone size-full wp-image-726 lazyloaded\" src=\"https:\/\/sp-ao.shortpixel.ai\/client\/to_webp,q_lossy,ret_img,w_72,h_20\/https:\/\/www.wonderful-japan.com\/fr\/wp-content\/uploads\/sites\/3\/2016\/03\/Keihan-1.png\" alt=\"Keihan\" width=\"72\" height=\"20\" data-src=\"https:\/\/sp-ao.shortpixel.ai\/client\/to_webp,q_lossy,ret_img,w_72,h_20\/https:\/\/www.wonderful-japan.com\/fr\/wp-content\/uploads\/sites\/3\/2016\/03\/Keihan-1.png\">&nbsp;&nbsp;<img decoding=\"async\" class=\"alignnone size-full wp-image-821 lazyloaded\" src=\"https:\/\/sp-ao.shortpixel.ai\/client\/to_webp,q_lossy,ret_img,w_20,h_20\/https:\/\/www.wonderful-japan.com\/fr\/wp-content\/uploads\/sites\/3\/2016\/03\/Kurama-Line.png\" alt=\"Kurama Line\" width=\"20\" height=\"20\" data-src=\"https:\/\/sp-ao.shortpixel.ai\/client\/to_webp,q_lossy,ret_img,w_20,h_20\/https:\/\/www.wonderful-japan.com\/fr\/wp-content\/uploads\/sites\/3\/2016\/03\/Kurama-Line.png\">&nbsp;&nbsp;Kurama Line<\/li>\n<\/ul>\n<p>[\/et_pb_text][\/et_pb_column][\/et_pb_row][\/et_pb_section][et_pb_section fb_built=&nbsp;\u00bb1&Prime; admin_label=&nbsp;\u00bbSection portail destination principale &nbsp;\u00bb _builder_version=&nbsp;\u00bb4.23.1&Prime; _module_preset=&nbsp;\u00bb4f979c8b-7e3b-467c-bad0-215680b59d75&Prime; global_module=&nbsp;\u00bb14531&Prime; saved_tabs=&nbsp;\u00bball&nbsp;\u00bb global_colors_info=&nbsp;\u00bb{}&nbsp;\u00bb][et_pb_row admin_label=&nbsp;\u00bbLigne portail destination principale&nbsp;\u00bb _builder_version=&nbsp;\u00bb4.23.1&Prime; _module_preset=&nbsp;\u00bb41c12c4d-7bc5-4f12-8312-1fc128b5354a&nbsp;\u00bb global_colors_info=&nbsp;\u00bb{}&nbsp;\u00bb][et_pb_column type=&nbsp;\u00bb4_4&Prime; _builder_version=&nbsp;\u00bb4.23.1&Prime; _module_preset=&nbsp;\u00bbdefault&nbsp;\u00bb global_colors_info=&nbsp;\u00bb{}&nbsp;\u00bb][et_pb_text _builder_version=&nbsp;\u00bb4.23.1&Prime; _module_preset=&nbsp;\u00bb2470342e-7e35-4d59-9213-f9fa389c1726&Prime; global_colors_info=&nbsp;\u00bb{}&nbsp;\u00bb]<\/p>\n<p><span>Pour plus de renseignement sur Kyoto, y trouver un h\u00f4tel, ou mieux conna\u00eetre la ville et ses alentours, rendez-vous sur le portail de Kyoto<\/span><\/p>\n<p>[\/et_pb_text][et_pb_button button_url=&nbsp;\u00bbhttps:\/\/www.wonderful-japan.com\/fr\/kyoto\/&nbsp;\u00bb button_text=&nbsp;\u00bbD\u00e9couvrir Kyoto&nbsp;\u00bb _builder_version=&nbsp;\u00bb4.23.1&Prime; _module_preset=&nbsp;\u00bb507c36a4-5fb4-4cb9-9baa-b8ea6b658786&Prime; global_colors_info=&nbsp;\u00bb{}&nbsp;\u00bb][\/et_pb_button][\/et_pb_column][\/et_pb_row][\/et_pb_section][et_pb_section fb_built=&nbsp;\u00bb1&Prime; admin_label=&nbsp;\u00bbSection situation g\u00e9ographique&nbsp;\u00bb _builder_version=&nbsp;\u00bb4.23.1&Prime; _module_preset=&nbsp;\u00bb18457892-fe4f-412a-86a6-668e594d906e&nbsp;\u00bb global_colors_info=&nbsp;\u00bb{}&nbsp;\u00bb][et_pb_row admin_label=&nbsp;\u00bbLigne titre de section&nbsp;\u00bb _builder_version=&nbsp;\u00bb4.23.1&Prime; _module_preset=&nbsp;\u00bb3193221f-25cc-408e-ba81-03a3fdfd82e5&Prime; global_colors_info=&nbsp;\u00bb{}&nbsp;\u00bb][et_pb_column type=&nbsp;\u00bb4_4&Prime; _builder_version=&nbsp;\u00bb4.23.1&Prime; _module_preset=&nbsp;\u00bbdefault&nbsp;\u00bb global_colors_info=&nbsp;\u00bb{}&nbsp;\u00bb][et_pb_text admin_label=&nbsp;\u00bbTexte de titre de section&nbsp;\u00bb _builder_version=&nbsp;\u00bb4.23.1&Prime; _module_preset=&nbsp;\u00bb3c119313-f656-46e6-bea9-1dd8c3884b52&Prime; global_colors_info=&nbsp;\u00bb{}&nbsp;\u00bb]<\/p>\n<h2 class=\"av-special-heading-tag\">Situation G\u00e9ographique<\/h2>\n<p>[\/et_pb_text][\/et_pb_column][\/et_pb_row][et_pb_row column_structure=&nbsp;\u00bb3_5,2_5&Prime; admin_label=&nbsp;\u00bbLigne carte&nbsp;\u00bb _builder_version=&nbsp;\u00bb4.23.1&Prime; _module_preset=&nbsp;\u00bbc802843a-647e-4586-bb7b-4235e6134305&Prime; global_colors_info=&nbsp;\u00bb{}&nbsp;\u00bb][et_pb_column type=&nbsp;\u00bb3_5&Prime; _builder_version=&nbsp;\u00bb4.23.1&Prime; _module_preset=&nbsp;\u00bbdefault&nbsp;\u00bb global_colors_info=&nbsp;\u00bb{}&nbsp;\u00bb][et_pb_image src=&nbsp;\u00bbhttps:\/\/www.wonderful-japan.com\/fr\/wp-content\/uploads\/sites\/3\/2024\/06\/kyoto_japan_map.png&nbsp;\u00bb title_text=&nbsp;\u00bbkyoto_japan_map&nbsp;\u00bb admin_label=&nbsp;\u00bbImage carte du Japon&nbsp;\u00bb _builder_version=&nbsp;\u00bb4.23.1&Prime; _module_preset=&nbsp;\u00bbd13c2278-51e0-4396-a8a0-2991bd16e9d2&Prime; global_module=&nbsp;\u00bb14530&Prime; saved_tabs=&nbsp;\u00bball&nbsp;\u00bb global_colors_info=&nbsp;\u00bb{}&nbsp;\u00bb][\/et_pb_image][\/et_pb_column][et_pb_column type=&nbsp;\u00bb2_5&Prime; _builder_version=&nbsp;\u00bb4.23.1&Prime; _module_preset=&nbsp;\u00bbdefault&nbsp;\u00bb global_colors_info=&nbsp;\u00bb{}&nbsp;\u00bb][et_pb_text admin_label=&nbsp;\u00bbTexte&nbsp;\u00bb _builder_version=&nbsp;\u00bb4.23.1&Prime; _module_preset=&nbsp;\u00bba19acba3-dbbb-481d-986e-add89da8f4e4&Prime; global_colors_info=&nbsp;\u00bb{}&nbsp;\u00bb]<\/p>\n<p>\u00cele de<span>&nbsp;<\/span><strong>Honshu<\/strong><\/p>\n<p>R\u00e9gion du<span>&nbsp;<\/span><strong>Kansai<\/strong><\/p>\n<p>Pr\u00e9fecture de<span>&nbsp;<\/span><strong>Kyoto<\/strong><\/p>\n<p>Ville&nbsp;de<span>&nbsp;<\/span><strong>Kyoto<\/strong><\/p>\n<p>[\/et_pb_text][\/et_pb_column][\/et_pb_row][\/et_pb_section]<\/p>\n","protected":false},"excerpt":{"rendered":"<p>Kibune &nbsp; Kibune est un petit village au nord de Kyoto. Retir\u00e9 dans la proche campagne japonaise, il est r\u00e9put\u00e9 et appr\u00e9ci\u00e9 pour ses kawadoko, ses terrasses d\u2019\u00e9t\u00e9 en bois, b\u00e2ties au-dessus m\u00eame de la rivi\u00e8re, et sur lesquelles ont peu y d\u00e9jeuner durant la journ\u00e9e ou y d\u00eener le soir. Au menu, repas traditionnel [&hellip;]<\/p>\n","protected":false},"author":1,"featured_media":0,"parent":0,"menu_order":0,"comment_status":"closed","ping_status":"closed","template":"","meta":{"_et_pb_use_builder":"on","_et_pb_old_content":"","_et_gb_content_width":"","footnotes":""},"categories":[],"tags":[],"folder":[],"class_list":["post-815","page","type-page","status-publish","hentry"],"yoast_head":"<!-- This site is optimized with the Yoast SEO plugin v26.4 - https:\/\/yoast.com\/wordpress\/plugins\/seo\/ -->\n<title>Kibune - Kyoto : guide et d\u00e9couverte du Japon &#8211; Wonderful Japan<\/title>\n<meta name=\"robots\" content=\"index, follow, max-snippet:-1, max-image-preview:large, max-video-preview:-1\" \/>\n<link rel=\"canonical\" href=\"http:\/\/www.wonderful-japan.com\/fr\/kibune\/\" \/>\n<meta property=\"og:locale\" content=\"fr_FR\" \/>\n<meta property=\"og:type\" content=\"article\" \/>\n<meta property=\"og:title\" content=\"Kibune - Kyoto : guide et d\u00e9couverte du Japon &#8211; Wonderful Japan\" \/>\n<meta property=\"og:description\" content=\"Kibune &nbsp; Kibune est un petit village au nord de Kyoto. Retir\u00e9 dans la proche campagne japonaise, il est r\u00e9put\u00e9 et appr\u00e9ci\u00e9 pour ses kawadoko, ses terrasses d\u2019\u00e9t\u00e9 en bois, b\u00e2ties au-dessus m\u00eame de la rivi\u00e8re, et sur lesquelles ont peu y d\u00e9jeuner durant la journ\u00e9e ou y d\u00eener le soir. Au menu, repas traditionnel [&hellip;]\" \/>\n<meta property=\"og:url\" content=\"http:\/\/www.wonderful-japan.com\/fr\/kibune\/\" \/>\n<meta property=\"og:site_name\" content=\"Wonderful Japan\" \/>\n<meta property=\"article:publisher\" content=\"https:\/\/www.facebook.com\/Wonderful-Japan-493654644157867\/\" \/>\n<meta property=\"article:modified_time\" content=\"2024-06-10T15:59:25+00:00\" \/>\n<meta property=\"og:image\" content=\"https:\/\/sp-ao.shortpixel.ai\/client\/to_webp,q_lossy,ret_img,w_72,h_20\/https:\/\/www.wonderful-japan.com\/fr\/wp-content\/uploads\/sites\/3\/2016\/03\/Keihan-1.png\" \/>\n<meta name=\"twitter:card\" content=\"summary_large_image\" \/>\n<meta name=\"twitter:label1\" content=\"Dur\u00e9e de lecture estim\u00e9e\" \/>\n\t<meta name=\"twitter:data1\" content=\"9 minutes\" \/>\n<script type=\"application\/ld+json\" class=\"yoast-schema-graph\">{\"@context\":\"https:\/\/schema.org\",\"@graph\":[{\"@type\":\"WebPage\",\"@id\":\"http:\/\/www.wonderful-japan.com\/fr\/kibune\/\",\"url\":\"http:\/\/www.wonderful-japan.com\/fr\/kibune\/\",\"name\":\"Kibune - Kyoto : guide et d\u00e9couverte du Japon &#8211; Wonderful Japan\",\"isPartOf\":{\"@id\":\"http:\/\/www.wonderful-japan.com\/fr\/#website\"},\"primaryImageOfPage\":{\"@id\":\"http:\/\/www.wonderful-japan.com\/fr\/kibune\/#primaryimage\"},\"image\":{\"@id\":\"http:\/\/www.wonderful-japan.com\/fr\/kibune\/#primaryimage\"},\"thumbnailUrl\":\"https:\/\/sp-ao.shortpixel.ai\/client\/to_webp,q_lossy,ret_img,w_72,h_20\/https:\/\/www.wonderful-japan.com\/fr\/wp-content\/uploads\/sites\/3\/2016\/03\/Keihan-1.png\",\"datePublished\":\"2016-03-05T20:35:29+00:00\",\"dateModified\":\"2024-06-10T15:59:25+00:00\",\"breadcrumb\":{\"@id\":\"http:\/\/www.wonderful-japan.com\/fr\/kibune\/#breadcrumb\"},\"inLanguage\":\"fr-FR\",\"potentialAction\":[{\"@type\":\"ReadAction\",\"target\":[\"http:\/\/www.wonderful-japan.com\/fr\/kibune\/\"]}]},{\"@type\":\"ImageObject\",\"inLanguage\":\"fr-FR\",\"@id\":\"http:\/\/www.wonderful-japan.com\/fr\/kibune\/#primaryimage\",\"url\":\"https:\/\/sp-ao.shortpixel.ai\/client\/to_webp,q_lossy,ret_img,w_72,h_20\/https:\/\/www.wonderful-japan.com\/fr\/wp-content\/uploads\/sites\/3\/2016\/03\/Keihan-1.png\",\"contentUrl\":\"https:\/\/sp-ao.shortpixel.ai\/client\/to_webp,q_lossy,ret_img,w_72,h_20\/https:\/\/www.wonderful-japan.com\/fr\/wp-content\/uploads\/sites\/3\/2016\/03\/Keihan-1.png\"},{\"@type\":\"BreadcrumbList\",\"@id\":\"http:\/\/www.wonderful-japan.com\/fr\/kibune\/#breadcrumb\",\"itemListElement\":[{\"@type\":\"ListItem\",\"position\":1,\"name\":\"Home\",\"item\":\"http:\/\/www.wonderful-japan.com\/fr\/\"},{\"@type\":\"ListItem\",\"position\":2,\"name\":\"Kibune\"}]},{\"@type\":\"WebSite\",\"@id\":\"http:\/\/www.wonderful-japan.com\/fr\/#website\",\"url\":\"http:\/\/www.wonderful-japan.com\/fr\/\",\"name\":\"Wonderful Japan\",\"description\":\"D\u00e9couvrez le Japon !\",\"potentialAction\":[{\"@type\":\"SearchAction\",\"target\":{\"@type\":\"EntryPoint\",\"urlTemplate\":\"http:\/\/www.wonderful-japan.com\/fr\/?s={search_term_string}\"},\"query-input\":{\"@type\":\"PropertyValueSpecification\",\"valueRequired\":true,\"valueName\":\"search_term_string\"}}],\"inLanguage\":\"fr-FR\"}]}<\/script>\n<!-- \/ Yoast SEO plugin. -->","yoast_head_json":{"title":"Kibune - Kyoto : guide et d\u00e9couverte du Japon &#8211; Wonderful Japan","robots":{"index":"index","follow":"follow","max-snippet":"max-snippet:-1","max-image-preview":"max-image-preview:large","max-video-preview":"max-video-preview:-1"},"canonical":"http:\/\/www.wonderful-japan.com\/fr\/kibune\/","og_locale":"fr_FR","og_type":"article","og_title":"Kibune - Kyoto : guide et d\u00e9couverte du Japon &#8211; Wonderful Japan","og_description":"Kibune &nbsp; Kibune est un petit village au nord de Kyoto. Retir\u00e9 dans la proche campagne japonaise, il est r\u00e9put\u00e9 et appr\u00e9ci\u00e9 pour ses kawadoko, ses terrasses d\u2019\u00e9t\u00e9 en bois, b\u00e2ties au-dessus m\u00eame de la rivi\u00e8re, et sur lesquelles ont peu y d\u00e9jeuner durant la journ\u00e9e ou y d\u00eener le soir. Au menu, repas traditionnel [&hellip;]","og_url":"http:\/\/www.wonderful-japan.com\/fr\/kibune\/","og_site_name":"Wonderful Japan","article_publisher":"https:\/\/www.facebook.com\/Wonderful-Japan-493654644157867\/","article_modified_time":"2024-06-10T15:59:25+00:00","og_image":[{"url":"https:\/\/sp-ao.shortpixel.ai\/client\/to_webp,q_lossy,ret_img,w_72,h_20\/https:\/\/www.wonderful-japan.com\/fr\/wp-content\/uploads\/sites\/3\/2016\/03\/Keihan-1.png","type":"","width":"","height":""}],"twitter_card":"summary_large_image","twitter_misc":{"Dur\u00e9e de lecture estim\u00e9e":"9 minutes"},"schema":{"@context":"https:\/\/schema.org","@graph":[{"@type":"WebPage","@id":"http:\/\/www.wonderful-japan.com\/fr\/kibune\/","url":"http:\/\/www.wonderful-japan.com\/fr\/kibune\/","name":"Kibune - Kyoto : guide et d\u00e9couverte du Japon &#8211; Wonderful Japan","isPartOf":{"@id":"http:\/\/www.wonderful-japan.com\/fr\/#website"},"primaryImageOfPage":{"@id":"http:\/\/www.wonderful-japan.com\/fr\/kibune\/#primaryimage"},"image":{"@id":"http:\/\/www.wonderful-japan.com\/fr\/kibune\/#primaryimage"},"thumbnailUrl":"https:\/\/sp-ao.shortpixel.ai\/client\/to_webp,q_lossy,ret_img,w_72,h_20\/https:\/\/www.wonderful-japan.com\/fr\/wp-content\/uploads\/sites\/3\/2016\/03\/Keihan-1.png","datePublished":"2016-03-05T20:35:29+00:00","dateModified":"2024-06-10T15:59:25+00:00","breadcrumb":{"@id":"http:\/\/www.wonderful-japan.com\/fr\/kibune\/#breadcrumb"},"inLanguage":"fr-FR","potentialAction":[{"@type":"ReadAction","target":["http:\/\/www.wonderful-japan.com\/fr\/kibune\/"]}]},{"@type":"ImageObject","inLanguage":"fr-FR","@id":"http:\/\/www.wonderful-japan.com\/fr\/kibune\/#primaryimage","url":"https:\/\/sp-ao.shortpixel.ai\/client\/to_webp,q_lossy,ret_img,w_72,h_20\/https:\/\/www.wonderful-japan.com\/fr\/wp-content\/uploads\/sites\/3\/2016\/03\/Keihan-1.png","contentUrl":"https:\/\/sp-ao.shortpixel.ai\/client\/to_webp,q_lossy,ret_img,w_72,h_20\/https:\/\/www.wonderful-japan.com\/fr\/wp-content\/uploads\/sites\/3\/2016\/03\/Keihan-1.png"},{"@type":"BreadcrumbList","@id":"http:\/\/www.wonderful-japan.com\/fr\/kibune\/#breadcrumb","itemListElement":[{"@type":"ListItem","position":1,"name":"Home","item":"http:\/\/www.wonderful-japan.com\/fr\/"},{"@type":"ListItem","position":2,"name":"Kibune"}]},{"@type":"WebSite","@id":"http:\/\/www.wonderful-japan.com\/fr\/#website","url":"http:\/\/www.wonderful-japan.com\/fr\/","name":"Wonderful Japan","description":"D\u00e9couvrez le Japon !","potentialAction":[{"@type":"SearchAction","target":{"@type":"EntryPoint","urlTemplate":"http:\/\/www.wonderful-japan.com\/fr\/?s={search_term_string}"},"query-input":{"@type":"PropertyValueSpecification","valueRequired":true,"valueName":"search_term_string"}}],"inLanguage":"fr-FR"}]}},"_links":{"self":[{"href":"https:\/\/www.wonderful-japan.com\/fr\/wp-json\/wp\/v2\/pages\/815","targetHints":{"allow":["GET"]}}],"collection":[{"href":"https:\/\/www.wonderful-japan.com\/fr\/wp-json\/wp\/v2\/pages"}],"about":[{"href":"https:\/\/www.wonderful-japan.com\/fr\/wp-json\/wp\/v2\/types\/page"}],"author":[{"embeddable":true,"href":"https:\/\/www.wonderful-japan.com\/fr\/wp-json\/wp\/v2\/users\/1"}],"replies":[{"embeddable":true,"href":"https:\/\/www.wonderful-japan.com\/fr\/wp-json\/wp\/v2\/comments?post=815"}],"version-history":[{"count":1,"href":"https:\/\/www.wonderful-japan.com\/fr\/wp-json\/wp\/v2\/pages\/815\/revisions"}],"predecessor-version":[{"id":14658,"href":"https:\/\/www.wonderful-japan.com\/fr\/wp-json\/wp\/v2\/pages\/815\/revisions\/14658"}],"wp:attachment":[{"href":"https:\/\/www.wonderful-japan.com\/fr\/wp-json\/wp\/v2\/media?parent=815"}],"wp:term":[{"taxonomy":"category","embeddable":true,"href":"https:\/\/www.wonderful-japan.com\/fr\/wp-json\/wp\/v2\/categories?post=815"},{"taxonomy":"post_tag","embeddable":true,"href":"https:\/\/www.wonderful-japan.com\/fr\/wp-json\/wp\/v2\/tags?post=815"},{"taxonomy":"folder","embeddable":true,"href":"https:\/\/www.wonderful-japan.com\/fr\/wp-json\/wp\/v2\/folder?post=815"}],"curies":[{"name":"wp","href":"https:\/\/api.w.org\/{rel}","templated":true}]}}