{"id":930,"date":"2016-03-07T12:30:36","date_gmt":"2016-03-07T11:30:36","guid":{"rendered":"http:\/\/www.wonderful-japan.com\/fr\/?page_id=930"},"modified":"2024-06-11T23:02:00","modified_gmt":"2024-06-11T22:02:00","slug":"mont-moiwa","status":"publish","type":"page","link":"https:\/\/www.wonderful-japan.com\/fr\/mont-moiwa\/","title":{"rendered":"Mont Moiwa"},"content":{"rendered":"<p>[et_pb_section fb_built=&nbsp;\u00bb1&Prime; admin_label=&nbsp;\u00bbSection ent\u00eate destination&nbsp;\u00bb _builder_version=&nbsp;\u00bb4.23.1&Prime; _module_preset=&nbsp;\u00bb3bfe1c2c-0c38-4483-998d-b07c878bfcd3&Prime; global_colors_info=&nbsp;\u00bb{}&nbsp;\u00bb][et_pb_row admin_label=&nbsp;\u00bbLigne image d&rsquo;ent\u00eate&nbsp;\u00bb _builder_version=&nbsp;\u00bb4.23.1&Prime; _module_preset=&nbsp;\u00bb62c3ebfb-4e96-48fa-8a29-4def1cf23bdc&nbsp;\u00bb background_image=&nbsp;\u00bbhttps:\/\/www.wonderful-japan.com\/fr\/wp-content\/uploads\/sites\/3\/2024\/06\/sapporo0002.jpg&nbsp;\u00bb background_enable_image=&nbsp;\u00bbon&nbsp;\u00bb hover_enabled=&nbsp;\u00bb0&Prime; global_colors_info=&nbsp;\u00bb{}&nbsp;\u00bb title_text=&nbsp;\u00bbsapporo0002&Prime; sticky_enabled=&nbsp;\u00bb0&Prime;][et_pb_column type=&nbsp;\u00bb4_4&Prime; _builder_version=&nbsp;\u00bb4.23.1&Prime; _module_preset=&nbsp;\u00bbdefault&nbsp;\u00bb global_colors_info=&nbsp;\u00bb{}&nbsp;\u00bb][\/et_pb_column][\/et_pb_row][et_pb_row admin_label=&nbsp;\u00bbLigne texte de pr\u00e9sentation&nbsp;\u00bb _builder_version=&nbsp;\u00bb4.23.1&Prime; _module_preset=&nbsp;\u00bbc802843a-647e-4586-bb7b-4235e6134305&Prime; global_colors_info=&nbsp;\u00bb{}&nbsp;\u00bb][et_pb_column type=&nbsp;\u00bb4_4&Prime; _builder_version=&nbsp;\u00bb4.23.1&Prime; _module_preset=&nbsp;\u00bbdefault&nbsp;\u00bb global_colors_info=&nbsp;\u00bb{}&nbsp;\u00bb][et_pb_text admin_label=&nbsp;\u00bbTexte de pr\u00e9sentation&nbsp;\u00bb _builder_version=&nbsp;\u00bb4.23.1&Prime; _module_preset=&nbsp;\u00bb8fb1919c-8169-46b5-91fa-da9627c904a6&Prime; hover_enabled=&nbsp;\u00bb0&Prime; global_colors_info=&nbsp;\u00bb{}&nbsp;\u00bb sticky_enabled=&nbsp;\u00bb0&Prime;]<\/p>\n<h1 style=\"text-align: center;\"><strong>Mont Moiwa<\/strong><\/h1>\n<p>&nbsp;<\/p>\n<div class=\"flex_column av-bmhey8i-e1db4fc60fcf6c0e4bcaa912165f4077 av_one_full  avia-builder-el-4  el_after_av_hr  el_before_av_image  first flex_column_div av-zero-column-padding  \">\n<section class=\"av_textblock_section av-lqdsvyet-44bf5c4e7cca7da81b29a61a2bcd05cf \" itemscope=\"itemscope\" itemtype=\"https:\/\/schema.org\/BlogPosting\" itemprop=\"blogPost\">\n<div class=\"avia_textblock\" itemprop=\"text\">\n<div class=\"flex_column av-ck04b1o-454c7a7bfd64c79a9c12e74f90113167 av_one_full  avia-builder-el-5  el_after_av_hr  el_before_av_hr  first flex_column_div av-zero-column-padding  \">\n<section class=\"av_textblock_section av-lq2qfjyt-0a09a0601da01bc7509d357d764a4152 \" itemscope=\"itemscope\" itemtype=\"https:\/\/schema.org\/BlogPosting\" itemprop=\"blogPost\">\n<div class=\"avia_textblock\" itemprop=\"text\">\n<div class=\"flex_column av-ctlk0kp-e696ec738914306b14e37fbd45a23173 av_one_full  avia-builder-el-5  el_after_av_hr  el_before_av_hr  first flex_column_div av-zero-column-padding  \">\n<section class=\"av_textblock_section av-lt36rtg3-3262e58055a072bda5cacdfb78e4a7c9 \" itemscope=\"itemscope\" itemtype=\"https:\/\/schema.org\/BlogPosting\" itemprop=\"blogPost\">\n<div class=\"avia_textblock\" itemprop=\"text\">\n<p><span>Le mont Moiwa est une petite montagne bois\u00e9e qui se situe au sud de <a href=\"https:\/\/www.wonderful-japan.com\/fr\/sapporo\/\">Sapporo<\/a>. Son sommet offre une magnifique vue panoramique sur l\u2019ensemble de la ville et ses alentours. Accessible en t\u00e9l\u00e9ph\u00e9rique ou \u00e0 pied via les sentiers de montagne pour les habitu\u00e9s de randonn\u00e9es, le lieu poss\u00e8de aussi un plan\u00e9tarium et un restaurant, en plus d\u2019une station de ski ouverte en hiver sur le versant sud.<\/span><\/p>\n<\/div>\n<\/section>\n<\/div>\n<\/div>\n<\/section>\n<\/div>\n<\/div>\n<\/section>\n<\/div>\n<p>[\/et_pb_text][\/et_pb_column][\/et_pb_row][\/et_pb_section][et_pb_section fb_built=&nbsp;\u00bb1&Prime; admin_label=&nbsp;\u00bbSection informations pratiques&nbsp;\u00bb _builder_version=&nbsp;\u00bb4.23.1&Prime; _module_preset=&nbsp;\u00bb3e8ab20a-fc87-42b8-9614-2111f43bcabc&nbsp;\u00bb global_colors_info=&nbsp;\u00bb{}&nbsp;\u00bb][et_pb_row admin_label=&nbsp;\u00bbLigne grande image de section&nbsp;\u00bb _builder_version=&nbsp;\u00bb4.23.1&Prime; _module_preset=&nbsp;\u00bbb52b5b02-1a81-4f2a-a2ca-bc3b216ac5e9&Prime; background_image=&nbsp;\u00bbhttps:\/\/www.wonderful-japan.com\/fr\/wp-content\/uploads\/sites\/3\/2024\/06\/sapporo0007.jpg&nbsp;\u00bb background_enable_image=&nbsp;\u00bbon&nbsp;\u00bb hover_enabled=&nbsp;\u00bb0&Prime; global_colors_info=&nbsp;\u00bb{}&nbsp;\u00bb background__hover_enabled=&nbsp;\u00bboff|desktop&nbsp;\u00bb title_text=&nbsp;\u00bbsapporo0007&Prime; background_position=&nbsp;\u00bbbottom_center&nbsp;\u00bb background_vertical_offset=&nbsp;\u00bb30%&nbsp;\u00bb sticky_enabled=&nbsp;\u00bb0&Prime; filter_saturate=&nbsp;\u00bb105%&nbsp;\u00bb filter_contrast=&nbsp;\u00bb108%&nbsp;\u00bb filter_hue_rotate=&nbsp;\u00bb2deg&nbsp;\u00bb][et_pb_column type=&nbsp;\u00bb4_4&Prime; _builder_version=&nbsp;\u00bb4.23.1&Prime; _module_preset=&nbsp;\u00bbdefault&nbsp;\u00bb global_colors_info=&nbsp;\u00bb{}&nbsp;\u00bb][\/et_pb_column][\/et_pb_row][et_pb_row admin_label=&nbsp;\u00bbLigne titre de section&nbsp;\u00bb _builder_version=&nbsp;\u00bb4.23.1&Prime; _module_preset=&nbsp;\u00bb3193221f-25cc-408e-ba81-03a3fdfd82e5&Prime; global_colors_info=&nbsp;\u00bb{}&nbsp;\u00bb][et_pb_column type=&nbsp;\u00bb4_4&Prime; _builder_version=&nbsp;\u00bb4.23.1&Prime; _module_preset=&nbsp;\u00bbdefault&nbsp;\u00bb global_colors_info=&nbsp;\u00bb{}&nbsp;\u00bb][et_pb_text admin_label=&nbsp;\u00bbTexte titre de section&nbsp;\u00bb _builder_version=&nbsp;\u00bb4.23.1&Prime; _module_preset=&nbsp;\u00bb3c119313-f656-46e6-bea9-1dd8c3884b52&Prime; global_colors_info=&nbsp;\u00bb{}&nbsp;\u00bb]<\/p>\n<h2 class=\"av-special-heading-tag\">Informations pratiques<\/h2>\n<p>[\/et_pb_text][\/et_pb_column][\/et_pb_row][et_pb_row column_structure=&nbsp;\u00bb1_2,1_2&Prime; admin_label=&nbsp;\u00bbLigne texte&nbsp;\u00bb _builder_version=&nbsp;\u00bb4.23.1&Prime; _module_preset=&nbsp;\u00bbc802843a-647e-4586-bb7b-4235e6134305&Prime; hover_enabled=&nbsp;\u00bb0&Prime; global_colors_info=&nbsp;\u00bb{}&nbsp;\u00bb sticky_enabled=&nbsp;\u00bb0&Prime;][et_pb_column type=&nbsp;\u00bb1_2&Prime; _builder_version=&nbsp;\u00bb4.23.1&Prime; _module_preset=&nbsp;\u00bbdefault&nbsp;\u00bb global_colors_info=&nbsp;\u00bb{}&nbsp;\u00bb][et_pb_text _builder_version=&nbsp;\u00bb4.23.1&Prime; _module_preset=&nbsp;\u00bb0ca1744d-573e-49c8-a8c1-b7fd763b2e6e&nbsp;\u00bb hover_enabled=&nbsp;\u00bb0&Prime; global_colors_info=&nbsp;\u00bb{}&nbsp;\u00bb sticky_enabled=&nbsp;\u00bb0&Prime;]<\/p>\n<p><span>Depuis la gare de Sapporo<\/span><\/p>\n<p>\u21d2&nbsp;Prendre la ligne de m\u00e9tro Namboku Line \u00e0 la station Sapporo (qui est attenante \u00e0 la gare de Sapporo) jusqu\u2019\u00e0 la station Susukino (2\u00e8me arr\u00eat), puis prendre le tramway jusqu\u2019\u00e0 la station Ropeway iriguchi (13\u00e8me arr\u00eat). Enfin, se rendre \u00e0 pied jusqu\u2019au d\u00e9part du t\u00e9l\u00e9ph\u00e9rique \u00e0 environ 500 m\u00e8tres.<\/p>\n<p>[\/et_pb_text][\/et_pb_column][et_pb_column type=&nbsp;\u00bb1_2&Prime; _builder_version=&nbsp;\u00bb4.23.1&Prime; _module_preset=&nbsp;\u00bbdefault&nbsp;\u00bb global_colors_info=&nbsp;\u00bb{}&nbsp;\u00bb][et_pb_text _builder_version=&nbsp;\u00bb4.23.1&Prime; _module_preset=&nbsp;\u00bb0ca1744d-573e-49c8-a8c1-b7fd763b2e6e&nbsp;\u00bb global_colors_info=&nbsp;\u00bb{}&nbsp;\u00bb]<\/p>\n<h3 class=\"av-special-heading-tag\">Station de tramway&nbsp;Ropeway iriguchi<\/h3>\n<ul>\n<li><img decoding=\"async\" class=\"alignnone size-full wp-image-907 lazyloaded\" src=\"https:\/\/sp-ao.shortpixel.ai\/client\/to_webp,q_lossy,ret_img,w_25,h_19\/https:\/\/www.wonderful-japan.com\/fr\/wp-content\/uploads\/sites\/3\/2016\/03\/Sapporo-Metro.png\" alt=\"Sapporo Metro\" width=\"25\" height=\"19\" data-src=\"https:\/\/sp-ao.shortpixel.ai\/client\/to_webp,q_lossy,ret_img,w_25,h_19\/https:\/\/www.wonderful-japan.com\/fr\/wp-content\/uploads\/sites\/3\/2016\/03\/Sapporo-Metro.png\">&nbsp;&nbsp;Sapporo Shiden<\/li>\n<\/ul>\n<p>[\/et_pb_text][et_pb_text _builder_version=&nbsp;\u00bb4.23.1&Prime; _module_preset=&nbsp;\u00bb0ca1744d-573e-49c8-a8c1-b7fd763b2e6e&nbsp;\u00bb global_colors_info=&nbsp;\u00bb{}&nbsp;\u00bb]<\/p>\n<h3 class=\"av-special-heading-tag\">Station de t\u00e9l\u00e9ph\u00e9rique Sanroku<\/h3>\n<ul>\n<li><img decoding=\"async\" class=\"alignnone size-full wp-image-2209 lazyloaded\" src=\"https:\/\/sp-ao.shortpixel.ai\/client\/to_webp,q_lossy,ret_img,w_20,h_20\/https:\/\/www.wonderful-japan.com\/fr\/wp-content\/uploads\/sites\/3\/2016\/04\/ropeway-icon.png\" alt width=\"20\" height=\"20\" data-src=\"https:\/\/sp-ao.shortpixel.ai\/client\/to_webp,q_lossy,ret_img,w_20,h_20\/https:\/\/www.wonderful-japan.com\/fr\/wp-content\/uploads\/sites\/3\/2016\/04\/ropeway-icon.png\">&nbsp;&nbsp;Moiwa-yama Ropeway<\/li>\n<\/ul>\n<p>[\/et_pb_text][\/et_pb_column][\/et_pb_row][\/et_pb_section][et_pb_section fb_built=&nbsp;\u00bb1&Prime; admin_label=&nbsp;\u00bbSection portail destination principale &nbsp;\u00bb _builder_version=&nbsp;\u00bb4.23.1&Prime; _module_preset=&nbsp;\u00bb4f979c8b-7e3b-467c-bad0-215680b59d75&Prime; global_module=&nbsp;\u00bb14743&Prime; saved_tabs=&nbsp;\u00bball&nbsp;\u00bb global_colors_info=&nbsp;\u00bb{}&nbsp;\u00bb][et_pb_row admin_label=&nbsp;\u00bbLigne portail destination principale&nbsp;\u00bb _builder_version=&nbsp;\u00bb4.23.1&Prime; _module_preset=&nbsp;\u00bb41c12c4d-7bc5-4f12-8312-1fc128b5354a&nbsp;\u00bb global_colors_info=&nbsp;\u00bb{}&nbsp;\u00bb][et_pb_column type=&nbsp;\u00bb4_4&Prime; _builder_version=&nbsp;\u00bb4.23.1&Prime; _module_preset=&nbsp;\u00bbdefault&nbsp;\u00bb global_colors_info=&nbsp;\u00bb{}&nbsp;\u00bb][et_pb_text _builder_version=&nbsp;\u00bb4.23.1&Prime; _module_preset=&nbsp;\u00bb2470342e-7e35-4d59-9213-f9fa389c1726&Prime; global_colors_info=&nbsp;\u00bb{}&nbsp;\u00bb]<\/p>\n<p><span>Pour plus de renseignement sur Sapporo, y trouver un h\u00f4tel, ou mieux conna\u00eetre la ville et ses alentours, rendez-vous sur le portail de Sapporo<\/span><\/p>\n<p>[\/et_pb_text][et_pb_button button_url=&nbsp;\u00bbhttps:\/\/www.wonderful-japan.com\/fr\/sapporo\/&nbsp;\u00bb button_text=&nbsp;\u00bbD\u00e9couvrir Sapporo&nbsp;\u00bb _builder_version=&nbsp;\u00bb4.23.1&Prime; _module_preset=&nbsp;\u00bb507c36a4-5fb4-4cb9-9baa-b8ea6b658786&Prime; global_colors_info=&nbsp;\u00bb{}&nbsp;\u00bb][\/et_pb_button][\/et_pb_column][\/et_pb_row][\/et_pb_section][et_pb_section fb_built=&nbsp;\u00bb1&Prime; admin_label=&nbsp;\u00bbSection situation g\u00e9ographique&nbsp;\u00bb _builder_version=&nbsp;\u00bb4.23.1&Prime; _module_preset=&nbsp;\u00bb18457892-fe4f-412a-86a6-668e594d906e&nbsp;\u00bb global_colors_info=&nbsp;\u00bb{}&nbsp;\u00bb][et_pb_row admin_label=&nbsp;\u00bbLigne titre de section&nbsp;\u00bb _builder_version=&nbsp;\u00bb4.23.1&Prime; _module_preset=&nbsp;\u00bb3193221f-25cc-408e-ba81-03a3fdfd82e5&Prime; global_colors_info=&nbsp;\u00bb{}&nbsp;\u00bb][et_pb_column type=&nbsp;\u00bb4_4&Prime; _builder_version=&nbsp;\u00bb4.23.1&Prime; _module_preset=&nbsp;\u00bbdefault&nbsp;\u00bb global_colors_info=&nbsp;\u00bb{}&nbsp;\u00bb][et_pb_text admin_label=&nbsp;\u00bbTexte de titre de section&nbsp;\u00bb _builder_version=&nbsp;\u00bb4.23.1&Prime; _module_preset=&nbsp;\u00bb3c119313-f656-46e6-bea9-1dd8c3884b52&Prime; global_colors_info=&nbsp;\u00bb{}&nbsp;\u00bb]<\/p>\n<h2 class=\"av-special-heading-tag\">Situation G\u00e9ographique<\/h2>\n<p>[\/et_pb_text][\/et_pb_column][\/et_pb_row][et_pb_row column_structure=&nbsp;\u00bb3_5,2_5&Prime; admin_label=&nbsp;\u00bbLigne carte&nbsp;\u00bb _builder_version=&nbsp;\u00bb4.23.1&Prime; _module_preset=&nbsp;\u00bbc802843a-647e-4586-bb7b-4235e6134305&Prime; global_colors_info=&nbsp;\u00bb{}&nbsp;\u00bb][et_pb_column type=&nbsp;\u00bb3_5&Prime; _builder_version=&nbsp;\u00bb4.23.1&Prime; _module_preset=&nbsp;\u00bbdefault&nbsp;\u00bb global_colors_info=&nbsp;\u00bb{}&nbsp;\u00bb][et_pb_image src=&nbsp;\u00bbhttps:\/\/www.wonderful-japan.com\/fr\/wp-content\/uploads\/sites\/3\/2024\/06\/sapporo_japan_map.png&nbsp;\u00bb title_text=&nbsp;\u00bbsapporo_japan_map&nbsp;\u00bb admin_label=&nbsp;\u00bbImage carte du Japon&nbsp;\u00bb _builder_version=&nbsp;\u00bb4.23.1&Prime; _module_preset=&nbsp;\u00bbd13c2278-51e0-4396-a8a0-2991bd16e9d2&Prime; global_module=&nbsp;\u00bb14741&Prime; saved_tabs=&nbsp;\u00bball&nbsp;\u00bb global_colors_info=&nbsp;\u00bb{}&nbsp;\u00bb][\/et_pb_image][\/et_pb_column][et_pb_column type=&nbsp;\u00bb2_5&Prime; _builder_version=&nbsp;\u00bb4.23.1&Prime; _module_preset=&nbsp;\u00bbdefault&nbsp;\u00bb global_colors_info=&nbsp;\u00bb{}&nbsp;\u00bb][et_pb_text admin_label=&nbsp;\u00bbTexte&nbsp;\u00bb _builder_version=&nbsp;\u00bb4.23.1&Prime; _module_preset=&nbsp;\u00bba19acba3-dbbb-481d-986e-add89da8f4e4&Prime; global_colors_info=&nbsp;\u00bb{}&nbsp;\u00bb]<\/p>\n<p>\u00cele de<span>&nbsp;<\/span><strong>Hokkaido<\/strong><\/p>\n<p>R\u00e9gion et pr\u00e9fecture de&nbsp;<b>Hokkaido<\/b><\/p>\n<p>Ville&nbsp;de<span>&nbsp;<\/span><b>Sapporo<\/b><\/p>\n<p>[\/et_pb_text][\/et_pb_column][\/et_pb_row][\/et_pb_section]<\/p>\n","protected":false},"excerpt":{"rendered":"<p>Mont Moiwa &nbsp; Le mont Moiwa est une petite montagne bois\u00e9e qui se situe au sud de Sapporo. Son sommet offre une magnifique vue panoramique sur l\u2019ensemble de la ville et ses alentours. Accessible en t\u00e9l\u00e9ph\u00e9rique ou \u00e0 pied via les sentiers de montagne pour les habitu\u00e9s de randonn\u00e9es, le lieu poss\u00e8de aussi un plan\u00e9tarium [&hellip;]<\/p>\n","protected":false},"author":1,"featured_media":0,"parent":0,"menu_order":0,"comment_status":"closed","ping_status":"closed","template":"","meta":{"_et_pb_use_builder":"on","_et_pb_old_content":"","_et_gb_content_width":"","footnotes":""},"categories":[],"tags":[],"folder":[],"class_list":["post-930","page","type-page","status-publish","hentry"],"yoast_head":"<!-- This site is optimized with the Yoast SEO plugin v26.4 - https:\/\/yoast.com\/wordpress\/plugins\/seo\/ -->\n<title>Mont Moiwa - Sapporo : guide et d\u00e9couverte du Japon &#8211; Wonderful Japan<\/title>\n<meta name=\"robots\" content=\"index, follow, max-snippet:-1, max-image-preview:large, max-video-preview:-1\" \/>\n<link rel=\"canonical\" href=\"http:\/\/www.wonderful-japan.com\/fr\/mont-moiwa\/\" \/>\n<meta property=\"og:locale\" content=\"fr_FR\" \/>\n<meta property=\"og:type\" content=\"article\" \/>\n<meta property=\"og:title\" content=\"Mont Moiwa - Sapporo : guide et d\u00e9couverte du Japon &#8211; Wonderful Japan\" \/>\n<meta property=\"og:description\" content=\"Mont Moiwa &nbsp; Le mont Moiwa est une petite montagne bois\u00e9e qui se situe au sud de Sapporo. Son sommet offre une magnifique vue panoramique sur l\u2019ensemble de la ville et ses alentours. Accessible en t\u00e9l\u00e9ph\u00e9rique ou \u00e0 pied via les sentiers de montagne pour les habitu\u00e9s de randonn\u00e9es, le lieu poss\u00e8de aussi un plan\u00e9tarium [&hellip;]\" \/>\n<meta property=\"og:url\" content=\"http:\/\/www.wonderful-japan.com\/fr\/mont-moiwa\/\" \/>\n<meta property=\"og:site_name\" content=\"Wonderful Japan\" \/>\n<meta property=\"article:publisher\" content=\"https:\/\/www.facebook.com\/Wonderful-Japan-493654644157867\/\" \/>\n<meta property=\"article:modified_time\" content=\"2024-06-11T22:02:00+00:00\" \/>\n<meta property=\"og:image\" content=\"https:\/\/sp-ao.shortpixel.ai\/client\/to_webp,q_lossy,ret_img,w_25,h_19\/https:\/\/www.wonderful-japan.com\/fr\/wp-content\/uploads\/sites\/3\/2016\/03\/Sapporo-Metro.png\" \/>\n<meta name=\"twitter:card\" content=\"summary_large_image\" \/>\n<meta name=\"twitter:label1\" content=\"Dur\u00e9e de lecture estim\u00e9e\" \/>\n\t<meta name=\"twitter:data1\" content=\"5 minutes\" \/>\n<script type=\"application\/ld+json\" class=\"yoast-schema-graph\">{\"@context\":\"https:\/\/schema.org\",\"@graph\":[{\"@type\":\"WebPage\",\"@id\":\"http:\/\/www.wonderful-japan.com\/fr\/mont-moiwa\/\",\"url\":\"http:\/\/www.wonderful-japan.com\/fr\/mont-moiwa\/\",\"name\":\"Mont Moiwa - Sapporo : guide et d\u00e9couverte du Japon &#8211; Wonderful Japan\",\"isPartOf\":{\"@id\":\"http:\/\/www.wonderful-japan.com\/fr\/#website\"},\"primaryImageOfPage\":{\"@id\":\"http:\/\/www.wonderful-japan.com\/fr\/mont-moiwa\/#primaryimage\"},\"image\":{\"@id\":\"http:\/\/www.wonderful-japan.com\/fr\/mont-moiwa\/#primaryimage\"},\"thumbnailUrl\":\"https:\/\/sp-ao.shortpixel.ai\/client\/to_webp,q_lossy,ret_img,w_25,h_19\/https:\/\/www.wonderful-japan.com\/fr\/wp-content\/uploads\/sites\/3\/2016\/03\/Sapporo-Metro.png\",\"datePublished\":\"2016-03-07T11:30:36+00:00\",\"dateModified\":\"2024-06-11T22:02:00+00:00\",\"breadcrumb\":{\"@id\":\"http:\/\/www.wonderful-japan.com\/fr\/mont-moiwa\/#breadcrumb\"},\"inLanguage\":\"fr-FR\",\"potentialAction\":[{\"@type\":\"ReadAction\",\"target\":[\"http:\/\/www.wonderful-japan.com\/fr\/mont-moiwa\/\"]}]},{\"@type\":\"ImageObject\",\"inLanguage\":\"fr-FR\",\"@id\":\"http:\/\/www.wonderful-japan.com\/fr\/mont-moiwa\/#primaryimage\",\"url\":\"https:\/\/sp-ao.shortpixel.ai\/client\/to_webp,q_lossy,ret_img,w_25,h_19\/https:\/\/www.wonderful-japan.com\/fr\/wp-content\/uploads\/sites\/3\/2016\/03\/Sapporo-Metro.png\",\"contentUrl\":\"https:\/\/sp-ao.shortpixel.ai\/client\/to_webp,q_lossy,ret_img,w_25,h_19\/https:\/\/www.wonderful-japan.com\/fr\/wp-content\/uploads\/sites\/3\/2016\/03\/Sapporo-Metro.png\"},{\"@type\":\"BreadcrumbList\",\"@id\":\"http:\/\/www.wonderful-japan.com\/fr\/mont-moiwa\/#breadcrumb\",\"itemListElement\":[{\"@type\":\"ListItem\",\"position\":1,\"name\":\"Home\",\"item\":\"http:\/\/www.wonderful-japan.com\/fr\/\"},{\"@type\":\"ListItem\",\"position\":2,\"name\":\"Mont Moiwa\"}]},{\"@type\":\"WebSite\",\"@id\":\"http:\/\/www.wonderful-japan.com\/fr\/#website\",\"url\":\"http:\/\/www.wonderful-japan.com\/fr\/\",\"name\":\"Wonderful Japan\",\"description\":\"D\u00e9couvrez le Japon !\",\"potentialAction\":[{\"@type\":\"SearchAction\",\"target\":{\"@type\":\"EntryPoint\",\"urlTemplate\":\"http:\/\/www.wonderful-japan.com\/fr\/?s={search_term_string}\"},\"query-input\":{\"@type\":\"PropertyValueSpecification\",\"valueRequired\":true,\"valueName\":\"search_term_string\"}}],\"inLanguage\":\"fr-FR\"}]}<\/script>\n<!-- \/ Yoast SEO plugin. -->","yoast_head_json":{"title":"Mont Moiwa - Sapporo : guide et d\u00e9couverte du Japon &#8211; Wonderful Japan","robots":{"index":"index","follow":"follow","max-snippet":"max-snippet:-1","max-image-preview":"max-image-preview:large","max-video-preview":"max-video-preview:-1"},"canonical":"http:\/\/www.wonderful-japan.com\/fr\/mont-moiwa\/","og_locale":"fr_FR","og_type":"article","og_title":"Mont Moiwa - Sapporo : guide et d\u00e9couverte du Japon &#8211; Wonderful Japan","og_description":"Mont Moiwa &nbsp; Le mont Moiwa est une petite montagne bois\u00e9e qui se situe au sud de Sapporo. Son sommet offre une magnifique vue panoramique sur l\u2019ensemble de la ville et ses alentours. Accessible en t\u00e9l\u00e9ph\u00e9rique ou \u00e0 pied via les sentiers de montagne pour les habitu\u00e9s de randonn\u00e9es, le lieu poss\u00e8de aussi un plan\u00e9tarium [&hellip;]","og_url":"http:\/\/www.wonderful-japan.com\/fr\/mont-moiwa\/","og_site_name":"Wonderful Japan","article_publisher":"https:\/\/www.facebook.com\/Wonderful-Japan-493654644157867\/","article_modified_time":"2024-06-11T22:02:00+00:00","og_image":[{"url":"https:\/\/sp-ao.shortpixel.ai\/client\/to_webp,q_lossy,ret_img,w_25,h_19\/https:\/\/www.wonderful-japan.com\/fr\/wp-content\/uploads\/sites\/3\/2016\/03\/Sapporo-Metro.png","type":"","width":"","height":""}],"twitter_card":"summary_large_image","twitter_misc":{"Dur\u00e9e de lecture estim\u00e9e":"5 minutes"},"schema":{"@context":"https:\/\/schema.org","@graph":[{"@type":"WebPage","@id":"http:\/\/www.wonderful-japan.com\/fr\/mont-moiwa\/","url":"http:\/\/www.wonderful-japan.com\/fr\/mont-moiwa\/","name":"Mont Moiwa - Sapporo : guide et d\u00e9couverte du Japon &#8211; Wonderful Japan","isPartOf":{"@id":"http:\/\/www.wonderful-japan.com\/fr\/#website"},"primaryImageOfPage":{"@id":"http:\/\/www.wonderful-japan.com\/fr\/mont-moiwa\/#primaryimage"},"image":{"@id":"http:\/\/www.wonderful-japan.com\/fr\/mont-moiwa\/#primaryimage"},"thumbnailUrl":"https:\/\/sp-ao.shortpixel.ai\/client\/to_webp,q_lossy,ret_img,w_25,h_19\/https:\/\/www.wonderful-japan.com\/fr\/wp-content\/uploads\/sites\/3\/2016\/03\/Sapporo-Metro.png","datePublished":"2016-03-07T11:30:36+00:00","dateModified":"2024-06-11T22:02:00+00:00","breadcrumb":{"@id":"http:\/\/www.wonderful-japan.com\/fr\/mont-moiwa\/#breadcrumb"},"inLanguage":"fr-FR","potentialAction":[{"@type":"ReadAction","target":["http:\/\/www.wonderful-japan.com\/fr\/mont-moiwa\/"]}]},{"@type":"ImageObject","inLanguage":"fr-FR","@id":"http:\/\/www.wonderful-japan.com\/fr\/mont-moiwa\/#primaryimage","url":"https:\/\/sp-ao.shortpixel.ai\/client\/to_webp,q_lossy,ret_img,w_25,h_19\/https:\/\/www.wonderful-japan.com\/fr\/wp-content\/uploads\/sites\/3\/2016\/03\/Sapporo-Metro.png","contentUrl":"https:\/\/sp-ao.shortpixel.ai\/client\/to_webp,q_lossy,ret_img,w_25,h_19\/https:\/\/www.wonderful-japan.com\/fr\/wp-content\/uploads\/sites\/3\/2016\/03\/Sapporo-Metro.png"},{"@type":"BreadcrumbList","@id":"http:\/\/www.wonderful-japan.com\/fr\/mont-moiwa\/#breadcrumb","itemListElement":[{"@type":"ListItem","position":1,"name":"Home","item":"http:\/\/www.wonderful-japan.com\/fr\/"},{"@type":"ListItem","position":2,"name":"Mont Moiwa"}]},{"@type":"WebSite","@id":"http:\/\/www.wonderful-japan.com\/fr\/#website","url":"http:\/\/www.wonderful-japan.com\/fr\/","name":"Wonderful Japan","description":"D\u00e9couvrez le Japon !","potentialAction":[{"@type":"SearchAction","target":{"@type":"EntryPoint","urlTemplate":"http:\/\/www.wonderful-japan.com\/fr\/?s={search_term_string}"},"query-input":{"@type":"PropertyValueSpecification","valueRequired":true,"valueName":"search_term_string"}}],"inLanguage":"fr-FR"}]}},"_links":{"self":[{"href":"https:\/\/www.wonderful-japan.com\/fr\/wp-json\/wp\/v2\/pages\/930","targetHints":{"allow":["GET"]}}],"collection":[{"href":"https:\/\/www.wonderful-japan.com\/fr\/wp-json\/wp\/v2\/pages"}],"about":[{"href":"https:\/\/www.wonderful-japan.com\/fr\/wp-json\/wp\/v2\/types\/page"}],"author":[{"embeddable":true,"href":"https:\/\/www.wonderful-japan.com\/fr\/wp-json\/wp\/v2\/users\/1"}],"replies":[{"embeddable":true,"href":"https:\/\/www.wonderful-japan.com\/fr\/wp-json\/wp\/v2\/comments?post=930"}],"version-history":[{"count":1,"href":"https:\/\/www.wonderful-japan.com\/fr\/wp-json\/wp\/v2\/pages\/930\/revisions"}],"predecessor-version":[{"id":14768,"href":"https:\/\/www.wonderful-japan.com\/fr\/wp-json\/wp\/v2\/pages\/930\/revisions\/14768"}],"wp:attachment":[{"href":"https:\/\/www.wonderful-japan.com\/fr\/wp-json\/wp\/v2\/media?parent=930"}],"wp:term":[{"taxonomy":"category","embeddable":true,"href":"https:\/\/www.wonderful-japan.com\/fr\/wp-json\/wp\/v2\/categories?post=930"},{"taxonomy":"post_tag","embeddable":true,"href":"https:\/\/www.wonderful-japan.com\/fr\/wp-json\/wp\/v2\/tags?post=930"},{"taxonomy":"folder","embeddable":true,"href":"https:\/\/www.wonderful-japan.com\/fr\/wp-json\/wp\/v2\/folder?post=930"}],"curies":[{"name":"wp","href":"https:\/\/api.w.org\/{rel}","templated":true}]}}